{"id":442,"date":"2025-04-09T09:19:23","date_gmt":"2025-04-09T09:19:23","guid":{"rendered":"https:\/\/coachdefilles.com\/STM\/ueber-uns\/"},"modified":"2025-10-03T15:52:30","modified_gmt":"2025-10-03T15:52:30","slug":"ueber-uns","status":"publish","type":"page","link":"https:\/\/www.stm-diving.com\/de\/ueber-uns\/","title":{"rendered":"\u00dcber uns"},"content":{"rendered":"<p>[et_pb_section fb_built=&#8220;1&#8243; _builder_version=&#8220;4.27.4&#8243; _module_preset=&#8220;default&#8220; custom_margin=&#8220;0px||0px||false|false&#8220; custom_padding=&#8220;0px||0px|||&#8220; global_colors_info=&#8220;{}&#8220; global_module=&#8220;2494&#8243; theme_builder_area=&#8220;post_content&#8220;][et_pb_row _builder_version=&#8220;4.27.4&#8243; _module_preset=&#8220;default&#8220; global_colors_info=&#8220;{}&#8220; theme_builder_area=&#8220;post_content&#8220;][et_pb_column type=&#8220;4_4&#8243; _builder_version=&#8220;4.27.4&#8243; _module_preset=&#8220;default&#8220; global_colors_info=&#8220;{}&#8220; theme_builder_area=&#8220;post_content&#8220;][et_pb_text _builder_version=&#8220;4.27.4&#8243; _dynamic_attributes=&#8220;content&#8220; _module_preset=&#8220;default&#8220; text_font=&#8220;-et_global_heading_font|500||||on|||&#8220; text_text_color=&#8220;#000a28&#8243; text_font_size=&#8220;55px&#8220; text_line_height=&#8220;1.2em&#8220; header_font=&#8220;-et_global_heading_font||||||||&#8220; header_text_color=&#8220;#000a28&#8243; header_2_text_color=&#8220;#000a28&#8243; text_orientation=&#8220;center&#8220; custom_margin=&#8220;||-2px|||&#8220; text_line_height_tablet=&#8220;&#8220; text_line_height_phone=&#8220;1em&#8220; text_line_height_last_edited=&#8220;on|phone&#8220; global_colors_info=&#8220;{}&#8220; theme_builder_area=&#8220;post_content&#8220;]@ET-DC@eyJkeW5hbWljIjp0cnVlLCJjb250ZW50IjoicG9zdF90aXRsZSIsInNldHRpbmdzIjp7ImJlZm9yZSI6IiIsImFmdGVyIjoiIiwiZW5hYmxlX2h0bWwiOiJvZmYifX0=@[\/et_pb_text][et_pb_image src=&#8220;https:\/\/coachdefilles.com\/STM\/wp-content\/uploads\/2025\/04\/stm-diving-logo-carre.png&#8220; title_text=&#8220;stm diving logo carr\u00e9&#8220; align=&#8220;center&#8220; _builder_version=&#8220;4.27.4&#8243; _module_preset=&#8220;default&#8220; width=&#8220;20%&#8220; width_tablet=&#8220;&#8220; width_phone=&#8220;35%&#8220; width_last_edited=&#8220;on|phone&#8220; module_alignment=&#8220;center&#8220; custom_margin=&#8220;0px|0px|0px|0px|false|false&#8220; custom_padding=&#8220;0px|0px|0px|0px|false|false&#8220; global_colors_info=&#8220;{}&#8220; theme_builder_area=&#8220;post_content&#8220;][\/et_pb_image][et_pb_post_nav in_same_term=&#8220;on&#8220; _builder_version=&#8220;4.27.4&#8243; _module_preset=&#8220;default&#8220; title_font_size=&#8220;20px&#8220; locked=&#8220;off&#8220; global_colors_info=&#8220;{}&#8220; theme_builder_area=&#8220;post_content&#8220;][\/et_pb_post_nav][\/et_pb_column][\/et_pb_row][\/et_pb_section][et_pb_section fb_built=&#8220;1&#8243; _builder_version=&#8220;4.27.4&#8243; _module_preset=&#8220;default&#8220; background_color=&#8220;#F2F2F2&#8243; global_colors_info=&#8220;{}&#8220;][et_pb_row column_structure=&#8220;1_3,1_3,1_3&#8243; _builder_version=&#8220;4.27.4&#8243; _module_preset=&#8220;default&#8220; global_colors_info=&#8220;{}&#8220;][et_pb_column type=&#8220;1_3&#8243; _builder_version=&#8220;4.27.4&#8243; _module_preset=&#8220;default&#8220; global_colors_info=&#8220;{}&#8220;][et_pb_text _builder_version=&#8220;4.27.4&#8243; _module_preset=&#8220;default&#8220; header_2_text_color=&#8220;#000a28&#8243; global_colors_info=&#8220;{}&#8220;]<\/p>\n<h2><span>Ein Gr\u00fcnderpaar<\/span><\/h2>\n<p><span>STM Diving bietet einen qualitativ hochwertigen,<strong> sicheren und preiswerten Tauchservice<\/strong>. Das von <strong>Debby und Manuel<\/strong> gegr\u00fcndete Zentrum legt gro\u00dfen Wert auf gut organisierte Dienstleistungen mit <strong>professioneller Betreuung und gut gewarteter Ausr\u00fcstung.<\/strong> <\/span><\/p>\n<p>[\/et_pb_text][\/et_pb_column][et_pb_column type=&#8220;1_3&#8243; _builder_version=&#8220;4.27.4&#8243; _module_preset=&#8220;default&#8220; global_colors_info=&#8220;{}&#8220;][et_pb_image src=&#8220;https:\/\/www.stm-diving.com\/wp-content\/uploads\/2025\/04\/Team-circle-2.webp&#8220; title_text=&#8220;Team circle 2&#8243; align=&#8220;center&#8220; src_tablet=&#8220;https:\/\/www.stm-diving.com\/wp-content\/uploads\/2025\/04\/Team-circle-2.webp&#8220; src_phone=&#8220;https:\/\/www.stm-diving.com\/wp-content\/uploads\/2025\/04\/Team-circle-2.webp&#8220; src_last_edited=&#8220;on|desktop&#8220; _builder_version=&#8220;4.27.4&#8243; _module_preset=&#8220;default&#8220; transform_scale=&#8220;120%|120%&#8220; width=&#8220;50%&#8220; custom_margin=&#8220;||104px|||&#8220; global_colors_info=&#8220;{}&#8220;][\/et_pb_image][\/et_pb_column][et_pb_column type=&#8220;1_3&#8243; _builder_version=&#8220;4.27.4&#8243; _module_preset=&#8220;default&#8220; global_colors_info=&#8220;{}&#8220;][et_pb_text _builder_version=&#8220;4.27.4&#8243; _module_preset=&#8220;default&#8220; text_text_color=&#8220;#000a28&#8243; text_font_size=&#8220;21px&#8220; header_2_text_color=&#8220;#000a28&#8243; text_text_shadow_style=&#8220;preset1&#8243; text_text_shadow_color=&#8220;#FF9933&#8243; global_colors_info=&#8220;{}&#8220;]<\/p>\n<p style=\"text-align: center;\"><strong>Debby<\/strong><\/p>\n<p style=\"text-align: center;\">Founder &amp; Executive Director<span style=\"text-decoration: underline;\"><strong><\/strong><\/span><\/p>\n<p><span style=\"text-decoration: underline;\"><strong><\/strong><\/span><\/p>\n<p>[\/et_pb_text][et_pb_text _builder_version=&#8220;4.27.4&#8243; _module_preset=&#8220;default&#8220; text_text_color=&#8220;#000a28&#8243; text_font_size=&#8220;21px&#8220; header_2_text_color=&#8220;#000a28&#8243; text_text_shadow_style=&#8220;preset1&#8243; text_text_shadow_color=&#8220;#FF9933&#8243; global_colors_info=&#8220;{}&#8220;]<\/p>\n<p style=\"text-align: center;\"><strong>Manuel <\/strong><\/p>\n<p style=\"text-align: center;\">Global Sales director and CFO<\/p>\n<p><span style=\"text-decoration: underline;\"><strong><\/strong><\/span><\/p>\n<p>[\/et_pb_text][\/et_pb_column][\/et_pb_row][\/et_pb_section][et_pb_section fb_built=&#8220;1&#8243; _builder_version=&#8220;4.27.4&#8243; _module_preset=&#8220;default&#8220; global_colors_info=&#8220;{}&#8220;][et_pb_row column_structure=&#8220;1_2,1_2&#8243; _builder_version=&#8220;4.27.4&#8243; _module_preset=&#8220;default&#8220; global_colors_info=&#8220;{}&#8220;][et_pb_column type=&#8220;1_2&#8243; _builder_version=&#8220;4.27.4&#8243; _module_preset=&#8220;default&#8220; global_colors_info=&#8220;{}&#8220;][et_pb_text _builder_version=&#8220;4.27.4&#8243; _module_preset=&#8220;default&#8220; header_2_text_color=&#8220;#000a28&#8243; global_colors_info=&#8220;{}&#8220;]<\/p>\n<h2><span>Ein vertrauensvolles Team<\/span><\/h2>\n<p><span>Um den Bed\u00fcrfnissen der Taucher besser gerecht zu werden, wurde das Team durch die Ankunft von <strong>Christian, Rafael und Michel<\/strong> verst\u00e4rkt. Dank jahrelanger Erfahrung und vertrauensvoller Beziehungen zu den Kunden garantiert STM Diving ein unbeschwertes, <strong>sicheres und angenehmes Erlebnis<\/strong>. Das Team steht weiterhin f\u00fcr Informationen zur Verf\u00fcgung und begleitet die Taucher bei ihren Unterwasserabenteuern.  <\/span><\/p>\n<p>[\/et_pb_text][\/et_pb_column][et_pb_column type=&#8220;1_2&#8243; _builder_version=&#8220;4.27.4&#8243; _module_preset=&#8220;default&#8220; global_colors_info=&#8220;{}&#8220;][et_pb_image src=&#8220;https:\/\/www.stm-diving.com\/wp-content\/uploads\/2025\/04\/WhatsApp-Image-2025-04-07-at-15.21.30.webp&#8220; title_text=&#8220;WhatsApp Image 2025-04-07 at 15.21.30&#8243; _builder_version=&#8220;4.27.4&#8243; _module_preset=&#8220;default&#8220; global_colors_info=&#8220;{}&#8220;][\/et_pb_image][\/et_pb_column][\/et_pb_row][\/et_pb_section][et_pb_section fb_built=&#8220;1&#8243; _builder_version=&#8220;4.27.4&#8243; _module_preset=&#8220;default&#8220; background_color=&#8220;#F2F2F2&#8243; global_colors_info=&#8220;{}&#8220; custom_padding=&#8220;||47px|||&#8220;][et_pb_row _builder_version=&#8220;4.27.4&#8243; _module_preset=&#8220;default&#8220; global_colors_info=&#8220;{}&#8220;][et_pb_column type=&#8220;4_4&#8243; _builder_version=&#8220;4.27.4&#8243; _module_preset=&#8220;default&#8220; global_colors_info=&#8220;{}&#8220;][et_pb_text _builder_version=&#8220;4.27.4&#8243; _module_preset=&#8220;default&#8220; header_2_text_color=&#8220;#000a28&#8243; global_colors_info=&#8220;{}&#8220;]<\/p>\n<h2 style=\"text-align: center;\">Das Team<\/h2>\n<p>[\/et_pb_text][\/et_pb_column][\/et_pb_row][et_pb_row column_structure=&#8220;1_5,1_5,1_5,1_5,1_5&#8243; _builder_version=&#8220;4.27.4&#8243; _module_preset=&#8220;default&#8220; global_colors_info=&#8220;{}&#8220;][et_pb_column type=&#8220;1_5&#8243; _builder_version=&#8220;4.27.4&#8243; _module_preset=&#8220;default&#8220; global_colors_info=&#8220;{}&#8220;][et_pb_team_member name=&#8220;Hamada&#8220; position=&#8220;Operation &amp; Logistic Director&#8220; image_url=&#8220;https:\/\/www.stm-diving.com\/wp-content\/uploads\/2025\/04\/Team-circle-3.webp&#8220; _builder_version=&#8220;4.27.4&#8243; _module_preset=&#8220;default&#8220; custom_margin=&#8220;||-2px|||&#8220; global_colors_info=&#8220;{}&#8220;]<\/p>\n<p><span style=\"font-weight: 400;\">Unser vertrauensw\u00fcrdiger \u00e4gyptischer Partner ist f\u00fcr die Verwaltung unserer Boote, Besatzungen und Transporte zust\u00e4ndig. <\/span><\/p>\n<p>[\/et_pb_team_member][et_pb_toggle title=&#8220;Mehr lesen&#8220; open_toggle_background_color=&#8220;RGBA(255,255,255,0)&#8220; closed_toggle_background_color=&#8220;RGBA(255,255,255,0)&#8220; icon_color=&#8220;#FF9933&#8243; open_icon_color=&#8220;#0077BE&#8220; _builder_version=&#8220;4.27.4&#8243; _module_preset=&#8220;default&#8220; border_width_all=&#8220;0px&#8220; global_colors_info=&#8220;{}&#8220;]<\/p>\n<p><span style=\"font-weight: 400;\">Mit 25 Jahren Erfahrung in der Reise- und Kreuzfahrtbranche bringt er einen reichen Schatz an Wissen und Fachkenntnissen mit und sorgt selbst in schwierigen Situationen f\u00fcr einen reibungslosen Ablauf. Als ehemaliger Kapit\u00e4n hat er ein tiefgreifendes Verst\u00e4ndnis daf\u00fcr, was auf dem Wasser m\u00f6glich ist und wie man Hindernisse souver\u00e4n und professionell umschifft. <\/span><\/p>\n<p>[\/et_pb_toggle][\/et_pb_column][et_pb_column type=&#8220;1_5&#8243; _builder_version=&#8220;4.27.4&#8243; _module_preset=&#8220;default&#8220; global_colors_info=&#8220;{}&#8220;][et_pb_team_member name=&#8220;Christian&#8220; position=&#8220;Strategic Sales Director Europe&#8220; image_url=&#8220;https:\/\/www.stm-diving.com\/wp-content\/uploads\/2025\/04\/Team-circle-1.webp&#8220; _builder_version=&#8220;4.27.4&#8243; _module_preset=&#8220;default&#8220; custom_margin=&#8220;||-2px|||&#8220; global_colors_info=&#8220;{}&#8220;]<\/p>\n<p>Christian, Ihr Ansprechpartner f\u00fcr den franz\u00f6sischsprachigen Raum<\/p>\n<p>[\/et_pb_team_member][et_pb_toggle title=&#8220;Mehr lesen&#8220; open_toggle_background_color=&#8220;RGBA(255,255,255,0)&#8220; closed_toggle_background_color=&#8220;RGBA(255,255,255,0)&#8220; icon_color=&#8220;#FF9933&#8243; open_icon_color=&#8220;#0077BE&#8220; _builder_version=&#8220;4.27.4&#8243; _module_preset=&#8220;default&#8220; border_width_all=&#8220;0px&#8220; global_colors_info=&#8220;{}&#8220;]<\/p>\n<p>Christian ist einer der Administratoren der Gruppe. Er ist Vertriebsleiter bei STM Diving und verf\u00fcgt \u00fcber umfangreiche Erfahrung in der Sporttauchbranche. Mit seiner Leidenschaft f\u00fcr die Meereswelt stellt er seine F\u00e4higkeiten und seine Begeisterung in den Dienst unserer Kunden, ber\u00e4t sie und hilft ihnen, ihre Tr\u00e4ume vom Tauchen im Roten Meer zu verwirklichen. Seine Fachkompetenz und sein Wissen \u00fcber die Bed\u00fcrfnisse von Tauchern machen ihn zu einem vertrauensw\u00fcrdigen Partner f\u00fcr die Organisation Ihrer n\u00e4chsten Kreuzfahrt.   <\/p>\n<p>[\/et_pb_toggle][\/et_pb_column][et_pb_column type=&#8220;1_5&#8243; _builder_version=&#8220;4.27.4&#8243; _module_preset=&#8220;default&#8220; global_colors_info=&#8220;{}&#8220;][et_pb_team_member name=&#8220;Rafael&#8220; position=&#8220;Sales Manager&#8220; image_url=&#8220;https:\/\/www.stm-diving.com\/wp-content\/uploads\/2025\/04\/Team-circle-6.webp&#8220; _builder_version=&#8220;4.27.4&#8243; _module_preset=&#8220;default&#8220; custom_margin=&#8220;||0px|||&#8220; global_colors_info=&#8220;{}&#8220;]<\/p>\n<p><span style=\"font-weight: 400;\">Rafael ist ein erfahrener IANTD-Tauchlehrer sowie technischer und kommerzieller Taucher. <\/span><\/p>\n<p>[\/et_pb_team_member][et_pb_toggle title=&#8220;Mehr lesen&#8220; open_toggle_background_color=&#8220;RGBA(255,255,255,0)&#8220; closed_toggle_background_color=&#8220;RGBA(255,255,255,0)&#8220; icon_color=&#8220;#FF9933&#8243; open_icon_color=&#8220;#0077BE&#8220; _builder_version=&#8220;4.27.4&#8243; _module_preset=&#8220;default&#8220; border_width_all=&#8220;0px&#8220; global_colors_info=&#8220;{}&#8220;]<\/p>\n<p><span style=\"font-weight: 400;\">Seine Reise in die Welt des Tauchens begann 1986, als er sein erstes CMAS-Tauchzertifikat erhielt. Seitdem hat er sich aktiv an verschiedenen Unterwasseroperationen beteiligt und sich dabei umfassende Kenntnisse und Fachwissen auf diesem Gebiet angeeignet.Mit \u00fcber 35 Jahren Erfahrung hat Rafael in verschiedenen und anspruchsvollen Umgebungen gearbeitet, darunter im Atlantik, in der Ostsee, in der Nordsee, im Roten Meer sowie in zahlreichen Fl\u00fcssen und Seen. Sein tiefes Verst\u00e4ndnis f\u00fcr die verschiedenen Tauchbedingungen und seine technischen F\u00e4higkeiten machen ihn zu einem wertvollen Aktivposten in der Branche.Heute ist Rafael f\u00fcr die Bearbeitung des polnischen Absatzmarktes f\u00fcr STM Diving verantwortlich und bringt seine gro\u00dfe Erfahrung und seine Leidenschaft f\u00fcr das Tauchen ein, um die Reichweite des Unternehmens in Polen zu unterst\u00fctzen und zu erweitern.   <\/span><\/p>\n<p>[\/et_pb_toggle][\/et_pb_column][et_pb_column type=&#8220;1_5&#8243; _builder_version=&#8220;4.27.4&#8243; _module_preset=&#8220;default&#8220; global_colors_info=&#8220;{}&#8220;][et_pb_team_member name=&#8220;Joeffrey&#8220; position=&#8220;Sales Manager&#8220; image_url=&#8220;https:\/\/www.stm-diving.com\/wp-content\/uploads\/2025\/04\/Team-circle-5.webp&#8220; _builder_version=&#8220;4.27.4&#8243; _module_preset=&#8220;default&#8220; custom_margin=&#8220;||2px|||&#8220; global_colors_info=&#8220;{}&#8220;]<\/p>\n<p>Joeffrey, Ihr niederl\u00e4ndischsprachiger Kundendienstmitarbeiter<\/p>\n<p>[\/et_pb_team_member][et_pb_toggle title=&#8220;Mehr lesen&#8220; open_toggle_background_color=&#8220;RGBA(255,255,255,0)&#8220; closed_toggle_background_color=&#8220;RGBA(255,255,255,0)&#8220; icon_color=&#8220;#FF9933&#8243; open_icon_color=&#8220;#0077BE&#8220; _builder_version=&#8220;4.27.4&#8243; _module_preset=&#8220;default&#8220; border_width_all=&#8220;0px&#8220; global_colors_info=&#8220;{}&#8220;]<\/p>\n<p><span style=\"font-weight: 400;\"> Als erfahrener technischer Taucher und Rebreather setzt Michel seine Marketingexpertise f\u00fcr STM Diving ein. Mit seiner Leidenschaft f\u00fcr die Unterwasserwelt setzt er sich f\u00fcr die F\u00f6rderung von Tauchkreuzfahrten im Roten Meer ein. Als unsch\u00e4tzbare Bereicherung f\u00fcr den belgischen und niederl\u00e4ndischen Markt arbeitet er mit unseren lokalen Partnern zusammen, um angepasste Angebote zu unterbreiten und einem immer gr\u00f6\u00dfer werdenden Publikum dabei zu helfen, diese au\u00dfergew\u00f6hnlichen Orte zu entdecken. Seine Expertise und sein Wissen \u00fcber das Tauchen sind f\u00fcr das STM Diving-Team von entscheidender Bedeutung.   <\/span><\/p>\n<p>[\/et_pb_toggle][\/et_pb_column][et_pb_column type=&#8220;1_5&#8243; _builder_version=&#8220;4.27.4&#8243; _module_preset=&#8220;default&#8220; global_colors_info=&#8220;{}&#8220;][\/et_pb_column][\/et_pb_row][\/et_pb_section]<\/p>\n","protected":false},"excerpt":{"rendered":"<p>Ein Gr\u00fcnderpaar STM Diving bietet einen qualitativ hochwertigen, sicheren und preiswerten Tauchservice. Das von Debby und Manuel gegr\u00fcndete Zentrum legt gro\u00dfen Wert auf gut organisierte Dienstleistungen mit professioneller Betreuung und gut gewarteter Ausr\u00fcstung. Debby Founder &amp; Executive Director Manuel Global Sales director and CFO Ein vertrauensvolles Team Um den Bed\u00fcrfnissen der Taucher besser gerecht zu [&hellip;]<\/p>\n","protected":false},"author":1,"featured_media":0,"parent":0,"menu_order":0,"comment_status":"closed","ping_status":"closed","template":"","meta":{"_et_pb_use_builder":"on","_et_pb_old_content":"","_et_gb_content_width":"","footnotes":""},"class_list":["post-442","page","type-page","status-publish","hentry"],"yoast_head":"<!-- This site is optimized with the Yoast SEO plugin v27.3 - https:\/\/yoast.com\/product\/yoast-seo-wordpress\/ -->\n<title>\u00dcber uns - STM Diving<\/title>\n<meta name=\"robots\" content=\"index, follow, max-snippet:-1, max-image-preview:large, max-video-preview:-1\" \/>\n<link rel=\"canonical\" href=\"https:\/\/www.stm-diving.com\/de\/ueber-uns\/\" \/>\n<meta property=\"og:locale\" content=\"de_DE\" \/>\n<meta property=\"og:type\" content=\"article\" \/>\n<meta property=\"og:title\" content=\"\u00dcber uns - STM Diving\" \/>\n<meta property=\"og:description\" content=\"Ein Gr\u00fcnderpaar STM Diving bietet einen qualitativ hochwertigen, sicheren und preiswerten Tauchservice. Das von Debby und Manuel gegr\u00fcndete Zentrum legt gro\u00dfen Wert auf gut organisierte Dienstleistungen mit professioneller Betreuung und gut gewarteter Ausr\u00fcstung. Debby Founder &amp; Executive Director Manuel Global Sales director and CFO Ein vertrauensvolles Team Um den Bed\u00fcrfnissen der Taucher besser gerecht zu [&hellip;]\" \/>\n<meta property=\"og:url\" content=\"https:\/\/www.stm-diving.com\/de\/ueber-uns\/\" \/>\n<meta property=\"og:site_name\" content=\"STM Diving\" \/>\n<meta property=\"article:publisher\" content=\"https:\/\/www.facebook.com\/people\/STM-Diving-cruises\/61566595790077\/\" \/>\n<meta property=\"article:modified_time\" content=\"2025-10-03T15:52:30+00:00\" \/>\n<meta name=\"twitter:card\" content=\"summary_large_image\" \/>\n<meta name=\"twitter:label1\" content=\"Gesch\u00e4tzte Lesezeit\" \/>\n\t<meta name=\"twitter:data1\" content=\"8 Minuten\" \/>\n<script type=\"application\/ld+json\" class=\"yoast-schema-graph\">{\"@context\":\"https:\\\/\\\/schema.org\",\"@graph\":[{\"@type\":\"WebPage\",\"@id\":\"https:\\\/\\\/www.stm-diving.com\\\/de\\\/ueber-uns\\\/\",\"url\":\"https:\\\/\\\/www.stm-diving.com\\\/de\\\/ueber-uns\\\/\",\"name\":\"\u00dcber uns - STM Diving\",\"isPartOf\":{\"@id\":\"https:\\\/\\\/www.stm-diving.com\\\/de\\\/#website\"},\"datePublished\":\"2025-04-09T09:19:23+00:00\",\"dateModified\":\"2025-10-03T15:52:30+00:00\",\"breadcrumb\":{\"@id\":\"https:\\\/\\\/www.stm-diving.com\\\/de\\\/ueber-uns\\\/#breadcrumb\"},\"inLanguage\":\"de\",\"potentialAction\":[{\"@type\":\"ReadAction\",\"target\":[\"https:\\\/\\\/www.stm-diving.com\\\/de\\\/ueber-uns\\\/\"]}]},{\"@type\":\"BreadcrumbList\",\"@id\":\"https:\\\/\\\/www.stm-diving.com\\\/de\\\/ueber-uns\\\/#breadcrumb\",\"itemListElement\":[{\"@type\":\"ListItem\",\"position\":1,\"name\":\"Accueil\",\"item\":\"https:\\\/\\\/www.stm-diving.com\\\/de\\\/\"},{\"@type\":\"ListItem\",\"position\":2,\"name\":\"\u00dcber uns\"}]},{\"@type\":\"WebSite\",\"@id\":\"https:\\\/\\\/www.stm-diving.com\\\/de\\\/#website\",\"url\":\"https:\\\/\\\/www.stm-diving.com\\\/de\\\/\",\"name\":\"STM Diving\",\"description\":\"Red Sea Diving Cruises\",\"publisher\":{\"@id\":\"https:\\\/\\\/www.stm-diving.com\\\/de\\\/#organization\"},\"potentialAction\":[{\"@type\":\"SearchAction\",\"target\":{\"@type\":\"EntryPoint\",\"urlTemplate\":\"https:\\\/\\\/www.stm-diving.com\\\/de\\\/?s={search_term_string}\"},\"query-input\":{\"@type\":\"PropertyValueSpecification\",\"valueRequired\":true,\"valueName\":\"search_term_string\"}}],\"inLanguage\":\"de\"},{\"@type\":\"Organization\",\"@id\":\"https:\\\/\\\/www.stm-diving.com\\\/de\\\/#organization\",\"name\":\"STM Diving\",\"url\":\"https:\\\/\\\/www.stm-diving.com\\\/de\\\/\",\"logo\":{\"@type\":\"ImageObject\",\"inLanguage\":\"de\",\"@id\":\"https:\\\/\\\/www.stm-diving.com\\\/de\\\/#\\\/schema\\\/logo\\\/image\\\/\",\"url\":\"https:\\\/\\\/coachdefilles.com\\\/STM\\\/wp-content\\\/uploads\\\/2025\\\/04\\\/cropped-stm-diving-logo-carre.webp\",\"contentUrl\":\"https:\\\/\\\/coachdefilles.com\\\/STM\\\/wp-content\\\/uploads\\\/2025\\\/04\\\/cropped-stm-diving-logo-carre.webp\",\"width\":512,\"height\":512,\"caption\":\"STM Diving\"},\"image\":{\"@id\":\"https:\\\/\\\/www.stm-diving.com\\\/de\\\/#\\\/schema\\\/logo\\\/image\\\/\"},\"sameAs\":[\"https:\\\/\\\/www.facebook.com\\\/people\\\/STM-Diving-cruises\\\/61566595790077\\\/\",\"https:\\\/\\\/www.instagram.com\\\/stm_diving_cruises\\\/\"]}]}<\/script>\n<!-- \/ Yoast SEO plugin. -->","yoast_head_json":{"title":"\u00dcber uns - STM Diving","robots":{"index":"index","follow":"follow","max-snippet":"max-snippet:-1","max-image-preview":"max-image-preview:large","max-video-preview":"max-video-preview:-1"},"canonical":"https:\/\/www.stm-diving.com\/de\/ueber-uns\/","og_locale":"de_DE","og_type":"article","og_title":"\u00dcber uns - STM Diving","og_description":"Ein Gr\u00fcnderpaar STM Diving bietet einen qualitativ hochwertigen, sicheren und preiswerten Tauchservice. Das von Debby und Manuel gegr\u00fcndete Zentrum legt gro\u00dfen Wert auf gut organisierte Dienstleistungen mit professioneller Betreuung und gut gewarteter Ausr\u00fcstung. Debby Founder &amp; Executive Director Manuel Global Sales director and CFO Ein vertrauensvolles Team Um den Bed\u00fcrfnissen der Taucher besser gerecht zu [&hellip;]","og_url":"https:\/\/www.stm-diving.com\/de\/ueber-uns\/","og_site_name":"STM Diving","article_publisher":"https:\/\/www.facebook.com\/people\/STM-Diving-cruises\/61566595790077\/","article_modified_time":"2025-10-03T15:52:30+00:00","twitter_card":"summary_large_image","twitter_misc":{"Gesch\u00e4tzte Lesezeit":"8 Minuten"},"schema":{"@context":"https:\/\/schema.org","@graph":[{"@type":"WebPage","@id":"https:\/\/www.stm-diving.com\/de\/ueber-uns\/","url":"https:\/\/www.stm-diving.com\/de\/ueber-uns\/","name":"\u00dcber uns - STM Diving","isPartOf":{"@id":"https:\/\/www.stm-diving.com\/de\/#website"},"datePublished":"2025-04-09T09:19:23+00:00","dateModified":"2025-10-03T15:52:30+00:00","breadcrumb":{"@id":"https:\/\/www.stm-diving.com\/de\/ueber-uns\/#breadcrumb"},"inLanguage":"de","potentialAction":[{"@type":"ReadAction","target":["https:\/\/www.stm-diving.com\/de\/ueber-uns\/"]}]},{"@type":"BreadcrumbList","@id":"https:\/\/www.stm-diving.com\/de\/ueber-uns\/#breadcrumb","itemListElement":[{"@type":"ListItem","position":1,"name":"Accueil","item":"https:\/\/www.stm-diving.com\/de\/"},{"@type":"ListItem","position":2,"name":"\u00dcber uns"}]},{"@type":"WebSite","@id":"https:\/\/www.stm-diving.com\/de\/#website","url":"https:\/\/www.stm-diving.com\/de\/","name":"STM Diving","description":"Red Sea Diving Cruises","publisher":{"@id":"https:\/\/www.stm-diving.com\/de\/#organization"},"potentialAction":[{"@type":"SearchAction","target":{"@type":"EntryPoint","urlTemplate":"https:\/\/www.stm-diving.com\/de\/?s={search_term_string}"},"query-input":{"@type":"PropertyValueSpecification","valueRequired":true,"valueName":"search_term_string"}}],"inLanguage":"de"},{"@type":"Organization","@id":"https:\/\/www.stm-diving.com\/de\/#organization","name":"STM Diving","url":"https:\/\/www.stm-diving.com\/de\/","logo":{"@type":"ImageObject","inLanguage":"de","@id":"https:\/\/www.stm-diving.com\/de\/#\/schema\/logo\/image\/","url":"https:\/\/coachdefilles.com\/STM\/wp-content\/uploads\/2025\/04\/cropped-stm-diving-logo-carre.webp","contentUrl":"https:\/\/coachdefilles.com\/STM\/wp-content\/uploads\/2025\/04\/cropped-stm-diving-logo-carre.webp","width":512,"height":512,"caption":"STM Diving"},"image":{"@id":"https:\/\/www.stm-diving.com\/de\/#\/schema\/logo\/image\/"},"sameAs":["https:\/\/www.facebook.com\/people\/STM-Diving-cruises\/61566595790077\/","https:\/\/www.instagram.com\/stm_diving_cruises\/"]}]}},"_links":{"self":[{"href":"https:\/\/www.stm-diving.com\/de\/wp-json\/wp\/v2\/pages\/442","targetHints":{"allow":["GET"]}}],"collection":[{"href":"https:\/\/www.stm-diving.com\/de\/wp-json\/wp\/v2\/pages"}],"about":[{"href":"https:\/\/www.stm-diving.com\/de\/wp-json\/wp\/v2\/types\/page"}],"author":[{"embeddable":true,"href":"https:\/\/www.stm-diving.com\/de\/wp-json\/wp\/v2\/users\/1"}],"replies":[{"embeddable":true,"href":"https:\/\/www.stm-diving.com\/de\/wp-json\/wp\/v2\/comments?post=442"}],"version-history":[{"count":17,"href":"https:\/\/www.stm-diving.com\/de\/wp-json\/wp\/v2\/pages\/442\/revisions"}],"predecessor-version":[{"id":6573,"href":"https:\/\/www.stm-diving.com\/de\/wp-json\/wp\/v2\/pages\/442\/revisions\/6573"}],"wp:attachment":[{"href":"https:\/\/www.stm-diving.com\/de\/wp-json\/wp\/v2\/media?parent=442"}],"curies":[{"name":"wp","href":"https:\/\/api.w.org\/{rel}","templated":true}]}}