{"id":7770,"date":"2025-07-31T10:37:58","date_gmt":"2025-07-31T10:37:58","guid":{"rendered":"https:\/\/www.stm-diving.com\/vorteile-member\/"},"modified":"2025-11-11T13:38:04","modified_gmt":"2025-11-11T13:38:04","slug":"vorteile-member","status":"publish","type":"page","link":"https:\/\/www.stm-diving.com\/de\/vorteile-member\/","title":{"rendered":"Vorteile Member"},"content":{"rendered":"<p>[et_pb_section fb_built=&#8220;1&#8243; _builder_version=&#8220;4.27.4&#8243; _module_preset=&#8220;default&#8220; global_colors_info=&#8220;{}&#8220;][et_pb_row _builder_version=&#8220;4.27.4&#8243; _module_preset=&#8220;default&#8220; global_colors_info=&#8220;{}&#8220;][et_pb_column type=&#8220;4_4&#8243; _builder_version=&#8220;4.27.4&#8243; _module_preset=&#8220;default&#8220; global_colors_info=&#8220;{}&#8220;][et_pb_image src=&#8220;https:\/\/www.stm-diving.com\/wp-content\/uploads\/2025\/07\/1Member.webp&#8220; title_text=&#8220;1Member&#8220; align=&#8220;center&#8220; _builder_version=&#8220;4.27.4&#8243; _module_preset=&#8220;default&#8220; global_colors_info=&#8220;{}&#8220;][\/et_pb_image][\/et_pb_column][\/et_pb_row][et_pb_row _builder_version=&#8220;4.27.4&#8243; _module_preset=&#8220;default&#8220; global_colors_info=&#8220;{}&#8220;][et_pb_column type=&#8220;4_4&#8243; _builder_version=&#8220;4.27.4&#8243; _module_preset=&#8220;default&#8220; global_colors_info=&#8220;{}&#8220;][et_pb_text _builder_version=&#8220;4.27.4&#8243; _dynamic_attributes=&#8220;content&#8220; _module_preset=&#8220;default&#8220; text_font=&#8220;-et_global_heading_font|500||||on|||&#8220; text_text_color=&#8220;#000a28&#8243; text_font_size=&#8220;55px&#8220; header_font=&#8220;-et_global_heading_font||||||||&#8220; text_orientation=&#8220;center&#8220; text_line_height_tablet=&#8220;&#8220; text_line_height_phone=&#8220;0.9em&#8220; text_line_height_last_edited=&#8220;on|phone&#8220; header_font_tablet=&#8220;-et_global_heading_font||||||||&#8220; header_font_phone=&#8220;-et_global_heading_font||||||||&#8220; header_font_last_edited=&#8220;on|desktop&#8220; global_colors_info=&#8220;{}&#8220;]@ET-DC@eyJkeW5hbWljIjp0cnVlLCJjb250ZW50IjoicG9zdF90aXRsZSIsInNldHRpbmdzIjp7ImJlZm9yZSI6IiIsImFmdGVyIjoiIiwiZW5hYmxlX2h0bWwiOiJvZmYifX0=@[\/et_pb_text][et_pb_text _builder_version=&#8220;4.27.4&#8243; _module_preset=&#8220;default&#8220; header_2_font=&#8220;-et_global_heading_font||||||||&#8220; header_2_font_size=&#8220;30px&#8220; header_2_font_size_last_edited=&#8220;off|desktop&#8220; global_colors_info=&#8220;{}&#8220;]<\/p>\n<h2 style=\"text-align: center;\">Die erste Stufe des SDT-Programms steht allen offen.<\/h2>\n<p>[\/et_pb_text][\/et_pb_column][\/et_pb_row][et_pb_row _builder_version=&#8220;4.27.4&#8243; _module_preset=&#8220;default&#8220; global_colors_info=&#8220;{}&#8220;][et_pb_column type=&#8220;4_4&#8243; _builder_version=&#8220;4.27.4&#8243; _module_preset=&#8220;default&#8220; global_colors_info=&#8220;{}&#8220;][et_pb_text _builder_version=&#8220;4.27.4&#8243; _module_preset=&#8220;default&#8220; custom_padding=&#8220;0px|||||&#8220; global_colors_info=&#8220;{}&#8220;]<\/p>\n<h3 style=\"text-align: center;\"><span style=\"background-color: #ffffff; font-size: 25px;\">Ein entworfenes Niveau  <\/span><span style=\"font-size: 25px;\">f\u00fcr alle Taucher, die ihre Leidenschaft ausleben und gleichzeitig von konkreten Vorteilen profitieren m\u00f6chten. Als Mitglied werden Sie Teil einer internationalen Gemeinschaft, die von den <strong>SDW-Werten<\/strong> gepr\u00e4gt ist: Leidenschaft, Austausch und Respekt f\u00fcr das Rote Meer. <\/span><\/h3>\n<p>[\/et_pb_text][\/et_pb_column][\/et_pb_row][\/et_pb_section][et_pb_section fb_built=&#8220;1&#8243; _builder_version=&#8220;4.27.4&#8243; _module_preset=&#8220;default&#8220; custom_padding=&#8220;0px|||||&#8220; global_colors_info=&#8220;{}&#8220;][et_pb_row column_structure=&#8220;1_2,1_2&#8243; _builder_version=&#8220;4.27.4&#8243; _module_preset=&#8220;default&#8220; global_colors_info=&#8220;{}&#8220;][et_pb_column type=&#8220;1_2&#8243; _builder_version=&#8220;4.27.4&#8243; _module_preset=&#8220;default&#8220; global_colors_info=&#8220;{}&#8220;][et_pb_text _builder_version=&#8220;4.27.4&#8243; _module_preset=&#8220;default&#8220; global_colors_info=&#8220;{}&#8220;]<\/p>\n<h3 data-start=\"1256\" data-end=\"1287\">Ihre exklusiven Vorteile<\/h3>\n<p><\/p>\n<p>&nbsp;<\/p>\n<p><\/p>\n<ul data-start=\"1288\" data-end=\"1755\">\n<li data-start=\"1288\" data-end=\"1346\">\n<p data-start=\"1290\" data-end=\"1346\">Sofortiger Zugang zum <strong data-start=\"1308\" data-end=\"1344\">STM Diving Treueprogramm<\/strong><\/p>\n<\/li>\n<li data-start=\"1288\" data-end=\"1346\"><strong>25 SDW Punkte<\/strong> beim Kauf Ihres ersten Abonnements  <strong data-start=\"1308\" data-end=\"1344\"><\/strong><\/li>\n<li data-start=\"1288\" data-end=\"1346\"><strong>25 SDW Punkte<\/strong> bei jeder Erneuerung Ihres Abonnements  <strong data-start=\"1308\" data-end=\"1344\"><\/strong><\/li>\n<li data-start=\"1433\" data-end=\"1514\">\n<p data-start=\"1435\" data-end=\"1514\"><strong data-start=\"1435\" data-end=\"1512\">1 STM Point f\u00fcr jede 10 \u20ac, die Sie im STM Diving Online Shop ausgeben.<\/strong><\/p>\n<\/li>\n<li data-start=\"1515\" data-end=\"1585\">\n<p data-start=\"1517\" data-end=\"1585\">Zugang zu <strong data-start=\"1527\" data-end=\"1572\">Sonderangeboten und Partnershops<\/strong> von STM Diving (Kommt bald)<\/p>\n<\/li>\n<li data-start=\"1586\" data-end=\"1674\">\n<p data-start=\"1588\" data-end=\"1674\"><strong data-start=\"1588\" data-end=\"1602\">Patenschaft<\/strong> f\u00fcr neue Mitglieder m\u00f6glich,  <\/p>\n<\/li>\n<li data-start=\"1675\" data-end=\"1755\">\n<p data-start=\"1677\" data-end=\"1755\"><strong data-start=\"1677\" data-end=\"1707\">Nutzung von STM Punkten<\/strong> bis zu <strong data-start=\"1716\" data-end=\"1753\">30 % des Wertes einer Kreuzfahrt<\/strong><\/p>\n<\/li>\n<\/ul>\n<p>[\/et_pb_text][\/et_pb_column][et_pb_column type=&#8220;1_2&#8243; _builder_version=&#8220;4.27.4&#8243; _module_preset=&#8220;default&#8220; global_colors_info=&#8220;{}&#8220;][et_pb_text _builder_version=&#8220;4.27.4&#8243; _module_preset=&#8220;default&#8220; global_colors_info=&#8220;{}&#8220;]<\/p>\n<h3 data-start=\"1757\" data-end=\"1803\">Zugangsbedingungen<\/h3>\n<p><\/p>\n<p>&nbsp;<\/p>\n<p><\/p>\n<ul data-start=\"1804\" data-end=\"2026\">\n<li data-start=\"1804\" data-end=\"1871\">\n<p data-start=\"1806\" data-end=\"1871\"><strong data-start=\"1806\" data-end=\"1869\">Abonnieren Sie Ihren STM Diving Jahresbeitrag 49,-\u20ac.<\/strong><\/p>\n<\/li>\n<li data-start=\"1872\" data-end=\"1916\">\n<p data-start=\"1874\" data-end=\"1916\">Erstellen Sie ein vollst\u00e4ndiges und aktuelles Mitgliedskonto<\/p>\n<\/li>\n<li data-start=\"1917\" data-end=\"1979\">\n<p data-start=\"1919\" data-end=\"1979\">An mindestens einer Kreuzfahrt oder Aktivit\u00e4t von SDW Diving teilgenommen haben.<\/p>\n<\/li>\n<li data-start=\"1980\" data-end=\"2026\">\n<p data-start=\"1982\" data-end=\"2026\">Einhaltung der STM Diving Tauchercharta<\/p>\n<\/li>\n<\/ul>\n<p><\/p>\n<h3 data-start=\"2028\" data-end=\"2072\"><\/h3>\n<p>[\/et_pb_text][\/et_pb_column][\/et_pb_row][et_pb_row _builder_version=&#8220;4.27.4&#8243; _module_preset=&#8220;default&#8220; global_colors_info=&#8220;{}&#8220;][et_pb_column type=&#8220;4_4&#8243; _builder_version=&#8220;4.27.4&#8243; _module_preset=&#8220;default&#8220; global_colors_info=&#8220;{}&#8220;][et_pb_text _builder_version=&#8220;4.27.4&#8243; _module_preset=&#8220;default&#8220; global_colors_info=&#8220;{}&#8220;]<\/p>\n<h3 style=\"text-align: center;\">Der Member-Status ist der Startpunkt f\u00fcr ein lohnendes und belohntes Tauchabenteuer.<\/h3>\n<p>[\/et_pb_text][\/et_pb_column][\/et_pb_row][\/et_pb_section][et_pb_section fb_built=&#8220;1&#8243; _builder_version=&#8220;4.27.4&#8243; _module_preset=&#8220;default&#8220; global_module=&#8220;8818&#8243; global_colors_info=&#8220;{}&#8220;][et_pb_row _builder_version=&#8220;4.27.4&#8243; _module_preset=&#8220;default&#8220; background_color=&#8220;#D3D3D3&#8243; border_radii=&#8220;on|2px|2px|2px|2px&#8220; border_color_all=&#8220;#D3D3D3&#8243; global_colors_info=&#8220;{}&#8220;][et_pb_column type=&#8220;4_4&#8243; _builder_version=&#8220;4.27.4&#8243; _module_preset=&#8220;default&#8220; global_colors_info=&#8220;{}&#8220;][et_pb_text _builder_version=&#8220;4.27.4&#8243; _module_preset=&#8220;default&#8220; border_radii=&#8220;on|2px|2px|2px|2px&#8220; border_color_all=&#8220;#D3D3D3&#8243; global_colors_info=&#8220;{}&#8220;]<\/p>\n<h2 style=\"text-align: center;\">Erkl\u00e4rung der Generationen im STM-Member-Programm<\/h2>\n<p>[\/et_pb_text][\/et_pb_column][\/et_pb_row][et_pb_row column_structure=&#8220;1_2,1_2&#8243; _builder_version=&#8220;4.27.4&#8243; _module_preset=&#8220;default&#8220; custom_padding=&#8220;||27px|||&#8220; global_colors_info=&#8220;{}&#8220;][et_pb_column type=&#8220;1_2&#8243; _builder_version=&#8220;4.27.4&#8243; _module_preset=&#8220;default&#8220; global_colors_info=&#8220;{}&#8220;][et_pb_text _builder_version=&#8220;4.27.4&#8243; _module_preset=&#8220;default&#8220; background_color=&#8220;#87CEEB&#8220; global_colors_info=&#8220;{}&#8220;]<\/p>\n<h3 style=\"text-align: center;\"><b>1. Generation<\/b>:<\/h3>\n<p><\/p>\n<h4 style=\"text-align: center;\">Dies sind die Mitglieder, die Sie pers\u00f6nlich geworben haben.<\/h4>\n<p>[\/et_pb_text][\/et_pb_column][et_pb_column type=&#8220;1_2&#8243; _builder_version=&#8220;4.27.4&#8243; _module_preset=&#8220;default&#8220; global_colors_info=&#8220;{}&#8220;][et_pb_text _builder_version=&#8220;4.27.4&#8243; _module_preset=&#8220;default&#8220; text_text_color=&#8220;#D3D3D3&#8243; background_color=&#8220;#87CEEB&#8220; border_radii=&#8220;on|2px|2px|2px|2px&#8220; border_color_all=&#8220;#D3D3D3&#8243; global_colors_info=&#8220;{}&#8220;]<\/p>\n<h3 style=\"text-align: center;\"><b>2. Generation<\/b>:<\/h3>\n<p><\/p>\n<h4 style=\"text-align: center;\">Dies sind die Mitglieder, die von Ihren eigenen Patenkindern gesponsert werden.<\/h4>\n<p>[\/et_pb_text][\/et_pb_column][\/et_pb_row][et_pb_row _builder_version=&#8220;4.27.4&#8243; _module_preset=&#8220;default&#8220; global_colors_info=&#8220;{}&#8220;][et_pb_column type=&#8220;4_4&#8243; _builder_version=&#8220;4.27.4&#8243; _module_preset=&#8220;default&#8220; global_colors_info=&#8220;{}&#8220;][et_pb_text _builder_version=&#8220;4.27.4&#8243; _module_preset=&#8220;default&#8220; custom_padding=&#8220;1px|||||&#8220; global_colors_info=&#8220;{}&#8220;]<\/p>\n<h4 style=\"text-align: center;\">Beispiel:<\/h4>\n<p><\/p>\n<h4 style=\"text-align: center;\">Wenn Sie Marie (1. Generation) sponsern und sie wiederum Lucas sponsert,<\/h4>\n<p><\/p>\n<h4 style=\"text-align: center;\">geh\u00f6rt Lucas zu Ihrer 2. Generation.<\/h4>\n<p>[\/et_pb_text][\/et_pb_column][\/et_pb_row][et_pb_row _builder_version=&#8220;4.27.4&#8243; _module_preset=&#8220;default&#8220; global_colors_info=&#8220;{}&#8220;][et_pb_column type=&#8220;4_4&#8243; _builder_version=&#8220;4.27.4&#8243; _module_preset=&#8220;default&#8220; global_colors_info=&#8220;{}&#8220;][et_pb_text _builder_version=&#8220;4.27.4&#8243; _module_preset=&#8220;default&#8220; background_color=&#8220;RGBA(255,255,255,0)&#8220; global_colors_info=&#8220;{}&#8220;]<\/p>\n<h4><strong>Wie kann man einen Patenkind werben?<\/strong><\/h4>\n<p><\/p>\n<p>&nbsp;<\/p>\n<p><\/p>\n<h4>\u00a0<\/h4>\n<p><\/p>\n<p>&nbsp;<\/p>\n<p><\/p>\n<h4>Nichts einfacher als das!<\/h4>\n<p><\/p>\n<p>&nbsp;<\/p>\n<p><\/p>\n<p>Teilen Sie Ihre <b>pers\u00f6nliche ID<\/b>, die Sie in Ihrem Bereich <i>Mein Konto<\/i> finden.<\/p>\n<p><\/p>\n<p>&nbsp;<\/p>\n<p><\/p>\n<p>Bei seinem <b>Kauf muss<\/b> Ihr Patenkind lediglich <b>diese ID in das daf\u00fcr vorgesehene Feld einf\u00fcgen<\/b>: Der Empfehlungslink wird automatisch erstellt.<\/p>\n<p><\/p>\n<p>&nbsp;<\/p>\n<p><\/p>\n<p>Bei der <b>Erstellung eines Kontos ohne Kauf<\/b> steht in <i>Meine Daten<\/i> ein Feld zur Verf\u00fcgung, in das Sie den Paten manuell eingeben k\u00f6nnen.<\/p>\n<p><\/p>\n<h4><strong>Sobald die ID gespeichert ist, kann der Pate nicht mehr ge\u00e4ndert werden.<\/strong><\/h4>\n<p><\/p>\n<h4><strong>Im Falle eines Fehlers wenden Sie sich bitte an den Systemadministrator.<\/strong><\/h4>\n<p>[\/et_pb_text][\/et_pb_column][\/et_pb_row][et_pb_row _builder_version=&#8220;4.27.4&#8243; _module_preset=&#8220;default&#8220; global_colors_info=&#8220;{}&#8220;][et_pb_column type=&#8220;4_4&#8243; _builder_version=&#8220;4.27.4&#8243; _module_preset=&#8220;default&#8220; global_colors_info=&#8220;{}&#8220;][et_pb_button button_url=&#8220;https:\/\/www.stm-diving.com\/de\/mein-account\/Tableau-de-bord\/&#8220; button_text=&#8220;Mein account&#8220; button_alignment=&#8220;center&#8220; _builder_version=&#8220;4.27.4&#8243; _module_preset=&#8220;default&#8220; global_colors_info=&#8220;{}&#8220;][\/et_pb_button][\/et_pb_column][\/et_pb_row][\/et_pb_section][et_pb_section fb_built=&#8220;1&#8243; _builder_version=&#8220;4.27.4&#8243; _module_preset=&#8220;default&#8220; use_background_color_gradient=&#8220;on&#8220; background_color_gradient_stops=&#8220;rgba(51,51,51,0.66) 0%|rgba(51,51,51,0.4) 100%&#8220; background_color_gradient_overlays_image=&#8220;on&#8220; background_image=&#8220;https:\/\/www.stm-diving.com\/wp-content\/uploads\/2025\/04\/WhatsApp-Image-2025-04-09-a-16.03.08_4e703903.webp&#8220; global_colors_info=&#8220;{}&#8220;][et_pb_row _builder_version=&#8220;4.27.4&#8243; _module_preset=&#8220;default&#8220; global_colors_info=&#8220;{}&#8220;][et_pb_column type=&#8220;4_4&#8243; _builder_version=&#8220;4.27.4&#8243; _module_preset=&#8220;default&#8220; global_colors_info=&#8220;{}&#8220;][et_pb_text _builder_version=&#8220;4.27.4&#8243; _module_preset=&#8220;default&#8220; text_text_color=&#8220;#FFFFFF&#8220; text_font_size=&#8220;22px&#8220; ul_text_align=&#8220;center&#8220; header_2_text_color=&#8220;#FFFFFF&#8220; header_3_text_color=&#8220;#FFFFFF&#8220; header_4_text_color=&#8220;#FFFFFF&#8220; global_colors_info=&#8220;{}&#8220;]<\/p>\n<h2 style=\"text-align: center;\">Wie erreichen Sie die n\u00e4chste Ebene?<\/h2>\n<p><\/p>\n<p>&nbsp;<\/p>\n<p><\/p>\n<p style=\"text-align: center;\">Werden Sie Ambassador, indem Sie <strong>15 aktive Mitglieder<\/strong> werben und <strong>Ihren Jahresbeitrag auf dem neuesten Stand halten<\/strong>, um noch mehr Vorteile und exklusive Pr\u00e4mien im Rahmen des STM Diving Programms zu genie\u00dfen.<\/p>\n<p>[\/et_pb_text][\/et_pb_column][\/et_pb_row][et_pb_row _builder_version=&#8220;4.27.4&#8243; _module_preset=&#8220;default&#8220;][et_pb_column _builder_version=&#8220;4.27.4&#8243; _module_preset=&#8220;default&#8220; type=&#8220;4_4&#8243;][et_pb_text _builder_version=&#8220;4.27.4&#8243; _module_preset=&#8220;default&#8220; hover_enabled=&#8220;0&#8243; sticky_enabled=&#8220;0&#8243;]<\/p>\n<h3 style=\"text-align: center;\">Aktives Mitglied \/ Aktives Patenkind<\/h3>\n<p><\/p>\n<p>&nbsp;<\/p>\n<p><\/p>\n<p style=\"text-align: center;\">Ein <b>aktives Mitglied<\/b> oder <b>aktives Patenkind<\/b> ist eine Person, deren <b>Profil vollst\u00e4ndig ausgef\u00fcllt<\/b> und deren <b>Jahresbeitrag bezahlt<\/b> ist.<\/p>\n<p><\/p>\n<p>&nbsp;<\/p>\n<p><\/p>\n<p style=\"text-align: center;\">Nur aktive Mitglieder k\u00f6nnen <b>Punkte sammeln und ihre Provisionen erhalten<\/b>.<\/p>\n<p><\/p>\n<p>&nbsp;<\/p>\n<p><\/p>\n<p style=\"text-align: center;\">Um die <b>Provision f\u00fcr dein Patenkind<\/b> zu erhalten, muss dein <b>Patenkind ebenfalls aktiv sein<\/b>.<\/p>\n<p>[\/et_pb_text][\/et_pb_column][\/et_pb_row][\/et_pb_section][et_pb_section fb_built=&#8220;1&#8243; _builder_version=&#8220;4.27.4&#8243; _module_preset=&#8220;default&#8220; custom_padding=&#8220;||5px|||&#8220; global_colors_info=&#8220;{}&#8220;][\/et_pb_section][et_pb_section fb_built=&#8220;1&#8243; _builder_version=&#8220;4.27.4&#8243; _module_preset=&#8220;default&#8220; custom_padding=&#8220;3px||7px|||&#8220; global_colors_info=&#8220;{}&#8220;][et_pb_row _builder_version=&#8220;4.27.4&#8243; _module_preset=&#8220;default&#8220; width=&#8220;100%&#8220; max_width=&#8220;2250px&#8220; module_alignment=&#8220;center&#8220; global_colors_info=&#8220;{}&#8220;][et_pb_column type=&#8220;4_4&#8243; _builder_version=&#8220;4.27.4&#8243; _module_preset=&#8220;default&#8220; global_colors_info=&#8220;{}&#8220;][et_pb_post_nav in_same_term=&#8220;on&#8220; _builder_version=&#8220;4.27.4&#8243; _module_preset=&#8220;default&#8220; title_font_size=&#8220;20px&#8220; locked=&#8220;off&#8220; global_colors_info=&#8220;{}&#8220;][\/et_pb_post_nav][\/et_pb_column][\/et_pb_row][\/et_pb_section]<\/p>\n","protected":false},"excerpt":{"rendered":"<p>Die erste Stufe des SDT-Programms steht allen offen.Ein entworfenes Niveau f\u00fcr alle Taucher, die ihre Leidenschaft ausleben und gleichzeitig von konkreten Vorteilen profitieren m\u00f6chten. Als Mitglied werden Sie Teil einer internationalen Gemeinschaft, die von den SDW-Werten gepr\u00e4gt ist: Leidenschaft, Austausch und Respekt f\u00fcr das Rote Meer. Ihre exklusiven Vorteile&nbsp; Sofortiger Zugang zum STM Diving Treueprogramm [&hellip;]<\/p>\n","protected":false},"author":1,"featured_media":0,"parent":0,"menu_order":0,"comment_status":"closed","ping_status":"closed","template":"","meta":{"_et_pb_use_builder":"on","_et_pb_old_content":"","_et_gb_content_width":"","footnotes":""},"class_list":["post-7770","page","type-page","status-publish","hentry"],"yoast_head":"<!-- This site is optimized with the Yoast SEO plugin v27.5 - https:\/\/yoast.com\/product\/yoast-seo-wordpress\/ -->\n<title>Vorteile Member - STM Diving<\/title>\n<meta name=\"robots\" content=\"noindex, nofollow\" \/>\n<meta property=\"og:locale\" content=\"de_DE\" \/>\n<meta property=\"og:type\" content=\"article\" \/>\n<meta property=\"og:title\" content=\"Vorteile Member - STM Diving\" \/>\n<meta property=\"og:description\" content=\"Die erste Stufe des SDT-Programms steht allen offen.Ein entworfenes Niveau f\u00fcr alle Taucher, die ihre Leidenschaft ausleben und gleichzeitig von konkreten Vorteilen profitieren m\u00f6chten. Als Mitglied werden Sie Teil einer internationalen Gemeinschaft, die von den SDW-Werten gepr\u00e4gt ist: Leidenschaft, Austausch und Respekt f\u00fcr das Rote Meer. Ihre exklusiven Vorteile&nbsp; Sofortiger Zugang zum STM Diving Treueprogramm [&hellip;]\" \/>\n<meta property=\"og:url\" content=\"https:\/\/www.stm-diving.com\/de\/vorteile-member\/\" \/>\n<meta property=\"og:site_name\" content=\"STM Diving\" \/>\n<meta property=\"article:publisher\" content=\"https:\/\/www.facebook.com\/people\/STM-Diving-cruises\/61566595790077\/\" \/>\n<meta property=\"article:modified_time\" content=\"2025-11-11T13:38:04+00:00\" \/>\n<meta name=\"twitter:card\" content=\"summary_large_image\" \/>\n<meta name=\"twitter:label1\" content=\"Gesch\u00e4tzte Lesezeit\" \/>\n\t<meta name=\"twitter:data1\" content=\"7 Minuten\" \/>\n<script type=\"application\/ld+json\" class=\"yoast-schema-graph\">{\"@context\":\"https:\\\/\\\/schema.org\",\"@graph\":[{\"@type\":\"WebPage\",\"@id\":\"https:\\\/\\\/www.stm-diving.com\\\/de\\\/vorteile-member\\\/\",\"url\":\"https:\\\/\\\/www.stm-diving.com\\\/de\\\/vorteile-member\\\/\",\"name\":\"Vorteile Member - STM Diving\",\"isPartOf\":{\"@id\":\"https:\\\/\\\/www.stm-diving.com\\\/de\\\/#website\"},\"datePublished\":\"2025-07-31T10:37:58+00:00\",\"dateModified\":\"2025-11-11T13:38:04+00:00\",\"breadcrumb\":{\"@id\":\"https:\\\/\\\/www.stm-diving.com\\\/de\\\/vorteile-member\\\/#breadcrumb\"},\"inLanguage\":\"de\",\"potentialAction\":[{\"@type\":\"ReadAction\",\"target\":[\"https:\\\/\\\/www.stm-diving.com\\\/de\\\/vorteile-member\\\/\"]}]},{\"@type\":\"BreadcrumbList\",\"@id\":\"https:\\\/\\\/www.stm-diving.com\\\/de\\\/vorteile-member\\\/#breadcrumb\",\"itemListElement\":[{\"@type\":\"ListItem\",\"position\":1,\"name\":\"Accueil\",\"item\":\"https:\\\/\\\/www.stm-diving.com\\\/de\\\/\"},{\"@type\":\"ListItem\",\"position\":2,\"name\":\"Vorteile Member\"}]},{\"@type\":\"WebSite\",\"@id\":\"https:\\\/\\\/www.stm-diving.com\\\/de\\\/#website\",\"url\":\"https:\\\/\\\/www.stm-diving.com\\\/de\\\/\",\"name\":\"STM Diving\",\"description\":\"Red Sea Diving Cruises\",\"publisher\":{\"@id\":\"https:\\\/\\\/www.stm-diving.com\\\/de\\\/#organization\"},\"potentialAction\":[{\"@type\":\"SearchAction\",\"target\":{\"@type\":\"EntryPoint\",\"urlTemplate\":\"https:\\\/\\\/www.stm-diving.com\\\/de\\\/?s={search_term_string}\"},\"query-input\":{\"@type\":\"PropertyValueSpecification\",\"valueRequired\":true,\"valueName\":\"search_term_string\"}}],\"inLanguage\":\"de\"},{\"@type\":\"Organization\",\"@id\":\"https:\\\/\\\/www.stm-diving.com\\\/de\\\/#organization\",\"name\":\"STM Tauchen\",\"url\":\"https:\\\/\\\/www.stm-diving.com\\\/de\\\/\",\"logo\":{\"@type\":\"ImageObject\",\"inLanguage\":\"de\",\"@id\":\"https:\\\/\\\/www.stm-diving.com\\\/de\\\/#\\\/schema\\\/logo\\\/image\\\/\",\"url\":\"https:\\\/\\\/coachdefilles.com\\\/STM\\\/wp-content\\\/uploads\\\/2025\\\/04\\\/cropped-stm-diving-logo-carre.webp\",\"contentUrl\":\"https:\\\/\\\/coachdefilles.com\\\/STM\\\/wp-content\\\/uploads\\\/2025\\\/04\\\/cropped-stm-diving-logo-carre.webp\",\"width\":512,\"height\":512,\"caption\":\"STM Tauchen\"},\"image\":{\"@id\":\"https:\\\/\\\/www.stm-diving.com\\\/de\\\/#\\\/schema\\\/logo\\\/image\\\/\"},\"sameAs\":[\"https:\\\/\\\/www.facebook.com\\\/people\\\/STM-Diving-cruises\\\/61566595790077\\\/\",\"https:\\\/\\\/www.instagram.com\\\/stm_diving_cruises\\\/\"]}]}<\/script>\n<!-- \/ Yoast SEO plugin. -->","yoast_head_json":{"title":"Vorteile Member - STM Diving","robots":{"index":"noindex","follow":"nofollow"},"og_locale":"de_DE","og_type":"article","og_title":"Vorteile Member - STM Diving","og_description":"Die erste Stufe des SDT-Programms steht allen offen.Ein entworfenes Niveau f\u00fcr alle Taucher, die ihre Leidenschaft ausleben und gleichzeitig von konkreten Vorteilen profitieren m\u00f6chten. Als Mitglied werden Sie Teil einer internationalen Gemeinschaft, die von den SDW-Werten gepr\u00e4gt ist: Leidenschaft, Austausch und Respekt f\u00fcr das Rote Meer. Ihre exklusiven Vorteile&nbsp; Sofortiger Zugang zum STM Diving Treueprogramm [&hellip;]","og_url":"https:\/\/www.stm-diving.com\/de\/vorteile-member\/","og_site_name":"STM Diving","article_publisher":"https:\/\/www.facebook.com\/people\/STM-Diving-cruises\/61566595790077\/","article_modified_time":"2025-11-11T13:38:04+00:00","twitter_card":"summary_large_image","twitter_misc":{"Gesch\u00e4tzte Lesezeit":"7 Minuten"},"schema":{"@context":"https:\/\/schema.org","@graph":[{"@type":"WebPage","@id":"https:\/\/www.stm-diving.com\/de\/vorteile-member\/","url":"https:\/\/www.stm-diving.com\/de\/vorteile-member\/","name":"Vorteile Member - STM Diving","isPartOf":{"@id":"https:\/\/www.stm-diving.com\/de\/#website"},"datePublished":"2025-07-31T10:37:58+00:00","dateModified":"2025-11-11T13:38:04+00:00","breadcrumb":{"@id":"https:\/\/www.stm-diving.com\/de\/vorteile-member\/#breadcrumb"},"inLanguage":"de","potentialAction":[{"@type":"ReadAction","target":["https:\/\/www.stm-diving.com\/de\/vorteile-member\/"]}]},{"@type":"BreadcrumbList","@id":"https:\/\/www.stm-diving.com\/de\/vorteile-member\/#breadcrumb","itemListElement":[{"@type":"ListItem","position":1,"name":"Accueil","item":"https:\/\/www.stm-diving.com\/de\/"},{"@type":"ListItem","position":2,"name":"Vorteile Member"}]},{"@type":"WebSite","@id":"https:\/\/www.stm-diving.com\/de\/#website","url":"https:\/\/www.stm-diving.com\/de\/","name":"STM Diving","description":"Red Sea Diving Cruises","publisher":{"@id":"https:\/\/www.stm-diving.com\/de\/#organization"},"potentialAction":[{"@type":"SearchAction","target":{"@type":"EntryPoint","urlTemplate":"https:\/\/www.stm-diving.com\/de\/?s={search_term_string}"},"query-input":{"@type":"PropertyValueSpecification","valueRequired":true,"valueName":"search_term_string"}}],"inLanguage":"de"},{"@type":"Organization","@id":"https:\/\/www.stm-diving.com\/de\/#organization","name":"STM Tauchen","url":"https:\/\/www.stm-diving.com\/de\/","logo":{"@type":"ImageObject","inLanguage":"de","@id":"https:\/\/www.stm-diving.com\/de\/#\/schema\/logo\/image\/","url":"https:\/\/coachdefilles.com\/STM\/wp-content\/uploads\/2025\/04\/cropped-stm-diving-logo-carre.webp","contentUrl":"https:\/\/coachdefilles.com\/STM\/wp-content\/uploads\/2025\/04\/cropped-stm-diving-logo-carre.webp","width":512,"height":512,"caption":"STM Tauchen"},"image":{"@id":"https:\/\/www.stm-diving.com\/de\/#\/schema\/logo\/image\/"},"sameAs":["https:\/\/www.facebook.com\/people\/STM-Diving-cruises\/61566595790077\/","https:\/\/www.instagram.com\/stm_diving_cruises\/"]}]}},"_links":{"self":[{"href":"https:\/\/www.stm-diving.com\/de\/wp-json\/wp\/v2\/pages\/7770","targetHints":{"allow":["GET"]}}],"collection":[{"href":"https:\/\/www.stm-diving.com\/de\/wp-json\/wp\/v2\/pages"}],"about":[{"href":"https:\/\/www.stm-diving.com\/de\/wp-json\/wp\/v2\/types\/page"}],"author":[{"embeddable":true,"href":"https:\/\/www.stm-diving.com\/de\/wp-json\/wp\/v2\/users\/1"}],"replies":[{"embeddable":true,"href":"https:\/\/www.stm-diving.com\/de\/wp-json\/wp\/v2\/comments?post=7770"}],"version-history":[{"count":17,"href":"https:\/\/www.stm-diving.com\/de\/wp-json\/wp\/v2\/pages\/7770\/revisions"}],"predecessor-version":[{"id":9204,"href":"https:\/\/www.stm-diving.com\/de\/wp-json\/wp\/v2\/pages\/7770\/revisions\/9204"}],"wp:attachment":[{"href":"https:\/\/www.stm-diving.com\/de\/wp-json\/wp\/v2\/media?parent=7770"}],"curies":[{"name":"wp","href":"https:\/\/api.w.org\/{rel}","templated":true}]}}