{"id":1775,"date":"2025-04-15T08:00:00","date_gmt":"2025-04-15T08:00:00","guid":{"rendered":"https:\/\/stm-diving.com\/croisiere\/ausruestung\/"},"modified":"2026-04-16T08:14:36","modified_gmt":"2026-04-16T08:14:36","slug":"ausruestung","status":"publish","type":"product","link":"https:\/\/www.stm-diving.com\/de\/departs\/ausruestung\/","title":{"rendered":"Optionen"},"content":{"rendered":"<h2>Material f\u00fcr einen Taucher :<\/h2>\n<h4>(Bitte beachten Sie, dass Ihr Material mindestens 10 Tage vor Ihrer Ankunft gebucht werden muss).<\/h4>\n<ul>\n<li>15l-Flasche: 40\u20ac.<\/li>\n<li>Stabilisierungsweste: 30\u20ac.<\/li>\n<li>Kompletter Atemregler: 35\u20ac.<\/li>\n<li>Flossen\/Maske\/Schnorchel: 15 \u20ac<\/li>\n<li>Kombination: 30\u20ac.<\/li>\n<li>Computer: 35\u20ac.<\/li>\n<\/ul>\n<h3>Vollst\u00e4ndiges Material: 150\u20ac.<\/h3>\n<h2>DAN-Versicherung: 35\u20ac\/Passagier\/Woche<\/h2>\n<p>&nbsp;<\/p>\n<blockquote><p>Passen Sie Ihre Bestellung an, indem Sie Ihre Optionen und die gew\u00fcnschte Anzahl ausw\u00e4hlen und diese dann in den Warenkorb legen. Z\u00f6gern Sie nicht, so viele Optionen hinzuzuf\u00fcgen, wie Sie m\u00f6chten! <\/p><\/blockquote>\n","protected":false},"excerpt":{"rendered":"<p>Material f\u00fcr einen Taucher : (Bitte beachten Sie, dass Ihr Material mindestens 10 Tage vor Ihrer Ankunft gebucht werden muss). 15l-Flasche: 40\u20ac. Stabilisierungsweste: 30\u20ac. Kompletter Atemregler: 35\u20ac. Flossen\/Maske\/Schnorchel: 15 \u20ac Kombination: 30\u20ac. Computer: 35\u20ac. Vollst\u00e4ndiges Material: 150\u20ac. DAN-Versicherung: 35\u20ac\/Passagier\/Woche &nbsp; Passen Sie Ihre Bestellung an, indem Sie Ihre Optionen und die gew\u00fcnschte Anzahl ausw\u00e4hlen und [&hellip;]<\/p>\n","protected":false},"featured_media":1337,"template":"","meta":{"_et_pb_use_builder":"","_et_pb_old_content":"","_et_gb_content_width":""},"product_brand":[],"product_cat":[109],"product_tag":[],"class_list":{"0":"post-1775","1":"product","2":"type-product","3":"status-publish","4":"has-post-thumbnail","6":"product_cat-ausrustung","8":"first","9":"instock","10":"shipping-taxable","11":"purchasable","12":"product-type-variable"},"stm_departure_date":null,"yoast_head":"<!-- This site is optimized with the Yoast SEO plugin v27.5 - https:\/\/yoast.com\/product\/yoast-seo-wordpress\/ -->\n<title>Optionen - STM Diving<\/title>\n<meta name=\"robots\" content=\"index, follow, max-snippet:-1, max-image-preview:large, max-video-preview:-1\" \/>\n<link rel=\"canonical\" href=\"https:\/\/www.stm-diving.com\/de\/departs\/ausruestung\/\" \/>\n<meta property=\"og:locale\" content=\"de_DE\" \/>\n<meta property=\"og:type\" content=\"article\" \/>\n<meta property=\"og:title\" content=\"Optionen - STM Diving\" \/>\n<meta property=\"og:description\" content=\"Material f\u00fcr einen Taucher : (Bitte beachten Sie, dass Ihr Material mindestens 10 Tage vor Ihrer Ankunft gebucht werden muss). 15l-Flasche: 40\u20ac. Stabilisierungsweste: 30\u20ac. Kompletter Atemregler: 35\u20ac. Flossen\/Maske\/Schnorchel: 15 \u20ac Kombination: 30\u20ac. Computer: 35\u20ac. Vollst\u00e4ndiges Material: 150\u20ac. DAN-Versicherung: 35\u20ac\/Passagier\/Woche &nbsp; Passen Sie Ihre Bestellung an, indem Sie Ihre Optionen und die gew\u00fcnschte Anzahl ausw\u00e4hlen und [&hellip;]\" \/>\n<meta property=\"og:url\" content=\"https:\/\/www.stm-diving.com\/de\/departs\/ausruestung\/\" \/>\n<meta property=\"og:site_name\" content=\"STM Diving\" \/>\n<meta property=\"article:publisher\" content=\"https:\/\/www.facebook.com\/people\/STM-Diving-cruises\/61566595790077\/\" \/>\n<meta property=\"article:modified_time\" content=\"2026-04-16T08:14:36+00:00\" \/>\n<meta property=\"og:image\" content=\"https:\/\/www.stm-diving.com\/wp-content\/uploads\/2025\/04\/tiran10.webp\" \/>\n\t<meta property=\"og:image:width\" content=\"669\" \/>\n\t<meta property=\"og:image:height\" content=\"446\" \/>\n\t<meta property=\"og:image:type\" content=\"image\/webp\" \/>\n<meta name=\"twitter:card\" content=\"summary_large_image\" \/>\n<script type=\"application\/ld+json\" class=\"yoast-schema-graph\">{\"@context\":\"https:\\\/\\\/schema.org\",\"@graph\":[{\"@type\":\"WebPage\",\"@id\":\"https:\\\/\\\/www.stm-diving.com\\\/de\\\/departs\\\/ausruestung\\\/\",\"url\":\"https:\\\/\\\/www.stm-diving.com\\\/de\\\/departs\\\/ausruestung\\\/\",\"name\":\"Optionen - STM Diving\",\"isPartOf\":{\"@id\":\"https:\\\/\\\/www.stm-diving.com\\\/de\\\/#website\"},\"primaryImageOfPage\":{\"@id\":\"https:\\\/\\\/www.stm-diving.com\\\/de\\\/departs\\\/ausruestung\\\/#primaryimage\"},\"image\":{\"@id\":\"https:\\\/\\\/www.stm-diving.com\\\/de\\\/departs\\\/ausruestung\\\/#primaryimage\"},\"thumbnailUrl\":\"https:\\\/\\\/www.stm-diving.com\\\/wp-content\\\/uploads\\\/2025\\\/04\\\/tiran10.webp\",\"datePublished\":\"2025-04-15T08:00:00+00:00\",\"dateModified\":\"2026-04-16T08:14:36+00:00\",\"breadcrumb\":{\"@id\":\"https:\\\/\\\/www.stm-diving.com\\\/de\\\/departs\\\/ausruestung\\\/#breadcrumb\"},\"inLanguage\":\"de\",\"potentialAction\":[{\"@type\":\"ReadAction\",\"target\":[\"https:\\\/\\\/www.stm-diving.com\\\/de\\\/departs\\\/ausruestung\\\/\"]}]},{\"@type\":\"ImageObject\",\"inLanguage\":\"de\",\"@id\":\"https:\\\/\\\/www.stm-diving.com\\\/de\\\/departs\\\/ausruestung\\\/#primaryimage\",\"url\":\"https:\\\/\\\/www.stm-diving.com\\\/wp-content\\\/uploads\\\/2025\\\/04\\\/tiran10.webp\",\"contentUrl\":\"https:\\\/\\\/www.stm-diving.com\\\/wp-content\\\/uploads\\\/2025\\\/04\\\/tiran10.webp\",\"width\":669,\"height\":446},{\"@type\":\"BreadcrumbList\",\"@id\":\"https:\\\/\\\/www.stm-diving.com\\\/de\\\/departs\\\/ausruestung\\\/#breadcrumb\",\"itemListElement\":[{\"@type\":\"ListItem\",\"position\":1,\"name\":\"Accueil\",\"item\":\"https:\\\/\\\/www.stm-diving.com\\\/de\\\/\"},{\"@type\":\"ListItem\",\"position\":2,\"name\":\"Shop\",\"item\":\"https:\\\/\\\/www.stm-diving.com\\\/de\\\/shop-2\\\/\"},{\"@type\":\"ListItem\",\"position\":3,\"name\":\"Optionen\"}]},{\"@type\":\"WebSite\",\"@id\":\"https:\\\/\\\/www.stm-diving.com\\\/de\\\/#website\",\"url\":\"https:\\\/\\\/www.stm-diving.com\\\/de\\\/\",\"name\":\"STM Diving\",\"description\":\"Red Sea Diving Cruises\",\"publisher\":{\"@id\":\"https:\\\/\\\/www.stm-diving.com\\\/de\\\/#organization\"},\"potentialAction\":[{\"@type\":\"SearchAction\",\"target\":{\"@type\":\"EntryPoint\",\"urlTemplate\":\"https:\\\/\\\/www.stm-diving.com\\\/de\\\/?s={search_term_string}\"},\"query-input\":{\"@type\":\"PropertyValueSpecification\",\"valueRequired\":true,\"valueName\":\"search_term_string\"}}],\"inLanguage\":\"de\"},{\"@type\":\"Organization\",\"@id\":\"https:\\\/\\\/www.stm-diving.com\\\/de\\\/#organization\",\"name\":\"STM Tauchen\",\"url\":\"https:\\\/\\\/www.stm-diving.com\\\/de\\\/\",\"logo\":{\"@type\":\"ImageObject\",\"inLanguage\":\"de\",\"@id\":\"https:\\\/\\\/www.stm-diving.com\\\/de\\\/#\\\/schema\\\/logo\\\/image\\\/\",\"url\":\"https:\\\/\\\/coachdefilles.com\\\/STM\\\/wp-content\\\/uploads\\\/2025\\\/04\\\/cropped-stm-diving-logo-carre.webp\",\"contentUrl\":\"https:\\\/\\\/coachdefilles.com\\\/STM\\\/wp-content\\\/uploads\\\/2025\\\/04\\\/cropped-stm-diving-logo-carre.webp\",\"width\":512,\"height\":512,\"caption\":\"STM Tauchen\"},\"image\":{\"@id\":\"https:\\\/\\\/www.stm-diving.com\\\/de\\\/#\\\/schema\\\/logo\\\/image\\\/\"},\"sameAs\":[\"https:\\\/\\\/www.facebook.com\\\/people\\\/STM-Diving-cruises\\\/61566595790077\\\/\",\"https:\\\/\\\/www.instagram.com\\\/stm_diving_cruises\\\/\"]}]}<\/script>\n<!-- \/ Yoast SEO plugin. -->","yoast_head_json":{"title":"Optionen - STM Diving","robots":{"index":"index","follow":"follow","max-snippet":"max-snippet:-1","max-image-preview":"max-image-preview:large","max-video-preview":"max-video-preview:-1"},"canonical":"https:\/\/www.stm-diving.com\/de\/departs\/ausruestung\/","og_locale":"de_DE","og_type":"article","og_title":"Optionen - STM Diving","og_description":"Material f\u00fcr einen Taucher : (Bitte beachten Sie, dass Ihr Material mindestens 10 Tage vor Ihrer Ankunft gebucht werden muss). 15l-Flasche: 40\u20ac. Stabilisierungsweste: 30\u20ac. Kompletter Atemregler: 35\u20ac. Flossen\/Maske\/Schnorchel: 15 \u20ac Kombination: 30\u20ac. Computer: 35\u20ac. Vollst\u00e4ndiges Material: 150\u20ac. DAN-Versicherung: 35\u20ac\/Passagier\/Woche &nbsp; Passen Sie Ihre Bestellung an, indem Sie Ihre Optionen und die gew\u00fcnschte Anzahl ausw\u00e4hlen und [&hellip;]","og_url":"https:\/\/www.stm-diving.com\/de\/departs\/ausruestung\/","og_site_name":"STM Diving","article_publisher":"https:\/\/www.facebook.com\/people\/STM-Diving-cruises\/61566595790077\/","article_modified_time":"2026-04-16T08:14:36+00:00","og_image":[{"width":669,"height":446,"url":"https:\/\/www.stm-diving.com\/wp-content\/uploads\/2025\/04\/tiran10.webp","type":"image\/webp"}],"twitter_card":"summary_large_image","schema":{"@context":"https:\/\/schema.org","@graph":[{"@type":"WebPage","@id":"https:\/\/www.stm-diving.com\/de\/departs\/ausruestung\/","url":"https:\/\/www.stm-diving.com\/de\/departs\/ausruestung\/","name":"Optionen - STM Diving","isPartOf":{"@id":"https:\/\/www.stm-diving.com\/de\/#website"},"primaryImageOfPage":{"@id":"https:\/\/www.stm-diving.com\/de\/departs\/ausruestung\/#primaryimage"},"image":{"@id":"https:\/\/www.stm-diving.com\/de\/departs\/ausruestung\/#primaryimage"},"thumbnailUrl":"https:\/\/www.stm-diving.com\/wp-content\/uploads\/2025\/04\/tiran10.webp","datePublished":"2025-04-15T08:00:00+00:00","dateModified":"2026-04-16T08:14:36+00:00","breadcrumb":{"@id":"https:\/\/www.stm-diving.com\/de\/departs\/ausruestung\/#breadcrumb"},"inLanguage":"de","potentialAction":[{"@type":"ReadAction","target":["https:\/\/www.stm-diving.com\/de\/departs\/ausruestung\/"]}]},{"@type":"ImageObject","inLanguage":"de","@id":"https:\/\/www.stm-diving.com\/de\/departs\/ausruestung\/#primaryimage","url":"https:\/\/www.stm-diving.com\/wp-content\/uploads\/2025\/04\/tiran10.webp","contentUrl":"https:\/\/www.stm-diving.com\/wp-content\/uploads\/2025\/04\/tiran10.webp","width":669,"height":446},{"@type":"BreadcrumbList","@id":"https:\/\/www.stm-diving.com\/de\/departs\/ausruestung\/#breadcrumb","itemListElement":[{"@type":"ListItem","position":1,"name":"Accueil","item":"https:\/\/www.stm-diving.com\/de\/"},{"@type":"ListItem","position":2,"name":"Shop","item":"https:\/\/www.stm-diving.com\/de\/shop-2\/"},{"@type":"ListItem","position":3,"name":"Optionen"}]},{"@type":"WebSite","@id":"https:\/\/www.stm-diving.com\/de\/#website","url":"https:\/\/www.stm-diving.com\/de\/","name":"STM Diving","description":"Red Sea Diving Cruises","publisher":{"@id":"https:\/\/www.stm-diving.com\/de\/#organization"},"potentialAction":[{"@type":"SearchAction","target":{"@type":"EntryPoint","urlTemplate":"https:\/\/www.stm-diving.com\/de\/?s={search_term_string}"},"query-input":{"@type":"PropertyValueSpecification","valueRequired":true,"valueName":"search_term_string"}}],"inLanguage":"de"},{"@type":"Organization","@id":"https:\/\/www.stm-diving.com\/de\/#organization","name":"STM Tauchen","url":"https:\/\/www.stm-diving.com\/de\/","logo":{"@type":"ImageObject","inLanguage":"de","@id":"https:\/\/www.stm-diving.com\/de\/#\/schema\/logo\/image\/","url":"https:\/\/coachdefilles.com\/STM\/wp-content\/uploads\/2025\/04\/cropped-stm-diving-logo-carre.webp","contentUrl":"https:\/\/coachdefilles.com\/STM\/wp-content\/uploads\/2025\/04\/cropped-stm-diving-logo-carre.webp","width":512,"height":512,"caption":"STM Tauchen"},"image":{"@id":"https:\/\/www.stm-diving.com\/de\/#\/schema\/logo\/image\/"},"sameAs":["https:\/\/www.facebook.com\/people\/STM-Diving-cruises\/61566595790077\/","https:\/\/www.instagram.com\/stm_diving_cruises\/"]}]}},"_links":{"self":[{"href":"https:\/\/www.stm-diving.com\/de\/wp-json\/wp\/v2\/product\/1775","targetHints":{"allow":["GET"]}}],"collection":[{"href":"https:\/\/www.stm-diving.com\/de\/wp-json\/wp\/v2\/product"}],"about":[{"href":"https:\/\/www.stm-diving.com\/de\/wp-json\/wp\/v2\/types\/product"}],"wp:featuredmedia":[{"embeddable":true,"href":"https:\/\/www.stm-diving.com\/de\/wp-json\/wp\/v2\/media\/1337"}],"wp:attachment":[{"href":"https:\/\/www.stm-diving.com\/de\/wp-json\/wp\/v2\/media?parent=1775"}],"wp:term":[{"taxonomy":"product_brand","embeddable":true,"href":"https:\/\/www.stm-diving.com\/de\/wp-json\/wp\/v2\/product_brand?post=1775"},{"taxonomy":"product_cat","embeddable":true,"href":"https:\/\/www.stm-diving.com\/de\/wp-json\/wp\/v2\/product_cat?post=1775"},{"taxonomy":"product_tag","embeddable":true,"href":"https:\/\/www.stm-diving.com\/de\/wp-json\/wp\/v2\/product_tag?post=1775"}],"curies":[{"name":"wp","href":"https:\/\/api.w.org\/{rel}","templated":true}]}}