{"id":7444,"date":"2025-10-25T10:12:53","date_gmt":"2025-10-25T10:12:53","guid":{"rendered":"https:\/\/www.stm-diving.com\/?post_type=product&#038;p=7444"},"modified":"2025-10-26T16:22:37","modified_gmt":"2025-10-26T16:22:37","slug":"wyjazd-20-grudnia-2025-r-copie-copie-copie-copie-2","status":"publish","type":"product","link":"https:\/\/www.stm-diving.com\/de\/departs\/wyjazd-20-grudnia-2025-r-copie-copie-copie-copie-2\/","title":{"rendered":"Abflug am 12. September 2026"},"content":{"rendered":"<h1 data-start=\"165\" data-end=\"204\"><strong data-start=\"165\" data-end=\"204\">Wrecks &amp; Sharks<\/strong><\/h1>\n<h4 data-start=\"165\" data-end=\"204\"><strong data-start=\"165\" data-end=\"204\">Safaga &amp; Brothers<\/strong><\/h4>\n<h4 data-start=\"206\" data-end=\"586\">Begeben Sie sich auf eine Tauchkreuzfahrt, die eine Mischung aus ikonischen Wracks, spektakul\u00e4ren Steilw\u00e4nden und Begegnungen mit den Meistern der Tiefe bietet. Diese Route f\u00fchrt Sie zu den farbenfrohen und gut gesch\u00fctzten Riffen von <strong data-start=\"415\" data-end=\"425\">Safaga<\/strong> und zu den <strong data-start=\"436\" data-end=\"453\">Brothers Islands<\/strong>, die f\u00fcr ihre schwindelerregenden W\u00e4nde, ihr intensives pelagisches Leben und ihre ozeanischen und Hammerhaie, die vor der K\u00fcste patrouillieren, bekannt sind. <\/h4>\n<h4 data-start=\"588\" data-end=\"708\">Eine einzigartige Erfahrung, die historische Erkundung, Adrenalin und au\u00dfergew\u00f6hnliche Biodiversit\u00e4t im Herzen des Roten Meeres verbindet.<\/h4>\n<h4 data-start=\"710\" data-end=\"992\">Sie befinden sich an Bord der <strong data-start=\"731\" data-end=\"742\">Heckler*<\/strong>, einer Luxusyacht mit ger\u00e4umigen Kabinen mit eigenem Bad, komfortablen Entspannungsbereichen, erstklassiger Gastronomie und aufmerksamem Service in jedem Moment. Der ideale Ort, um Ihr Abenteuer auf und unter Wasser zu genie\u00dfen. <\/h4>\n<p data-start=\"994\" data-end=\"1103\">* <em data-start=\"997\" data-end=\"1103\">Das Schiff kann in letzter Minute ge\u00e4ndert und durch ein Schiff mit gleichem Standard ersetzt werden.<\/em><\/p>\n","protected":false},"excerpt":{"rendered":"<p>Wrecks &amp; Sharks Safaga &amp; Brothers Begeben Sie sich auf eine Tauchkreuzfahrt, die eine Mischung aus ikonischen Wracks, spektakul\u00e4ren Steilw\u00e4nden und Begegnungen mit den Meistern der Tiefe bietet. Diese Route f\u00fchrt Sie zu den farbenfrohen und gut gesch\u00fctzten Riffen von Safaga und zu den Brothers Islands, die f\u00fcr ihre schwindelerregenden W\u00e4nde, ihr intensives pelagisches Leben [&hellip;]<\/p>\n","protected":false},"featured_media":7448,"template":"","meta":{"_et_pb_use_builder":"","_et_pb_old_content":"","_et_gb_content_width":""},"product_brand":[],"product_cat":[75,192],"product_tag":[],"class_list":{"0":"post-7444","1":"product","2":"type-product","3":"status-publish","4":"has-post-thumbnail","6":"product_cat-nordkreuzfahrt","7":"product_cat-wrecks-sharks-kreuzfahrt","9":"first","10":"instock","11":"featured","12":"shipping-taxable","13":"purchasable","14":"product-type-simple"},"stm_departure_date":null,"yoast_head":"<!-- This site is optimized with the Yoast SEO plugin v27.3 - https:\/\/yoast.com\/product\/yoast-seo-wordpress\/ -->\n<title>Abflug am 12. September 2026 - STM Diving<\/title>\n<meta name=\"robots\" content=\"index, follow, max-snippet:-1, max-image-preview:large, max-video-preview:-1\" \/>\n<link rel=\"canonical\" href=\"https:\/\/www.stm-diving.com\/de\/departs\/wyjazd-20-grudnia-2025-r-copie-copie-copie-copie-2\/\" \/>\n<meta property=\"og:locale\" content=\"de_DE\" \/>\n<meta property=\"og:type\" content=\"article\" \/>\n<meta property=\"og:title\" content=\"Abflug am 12. September 2026 - STM Diving\" \/>\n<meta property=\"og:description\" content=\"Wrecks &amp; Sharks Safaga &amp; Brothers Begeben Sie sich auf eine Tauchkreuzfahrt, die eine Mischung aus ikonischen Wracks, spektakul\u00e4ren Steilw\u00e4nden und Begegnungen mit den Meistern der Tiefe bietet. Diese Route f\u00fchrt Sie zu den farbenfrohen und gut gesch\u00fctzten Riffen von Safaga und zu den Brothers Islands, die f\u00fcr ihre schwindelerregenden W\u00e4nde, ihr intensives pelagisches Leben [&hellip;]\" \/>\n<meta property=\"og:url\" content=\"https:\/\/www.stm-diving.com\/de\/departs\/wyjazd-20-grudnia-2025-r-copie-copie-copie-copie-2\/\" \/>\n<meta property=\"og:site_name\" content=\"STM Diving\" \/>\n<meta property=\"article:publisher\" content=\"https:\/\/www.facebook.com\/people\/STM-Diving-cruises\/61566595790077\/\" \/>\n<meta property=\"article:modified_time\" content=\"2025-10-26T16:22:37+00:00\" \/>\n<meta property=\"og:image\" content=\"https:\/\/www.stm-diving.com\/wp-content\/uploads\/2025\/10\/mise-en-avant-Croisiere-sans-sold-out-.webp\" \/>\n\t<meta property=\"og:image:width\" content=\"1000\" \/>\n\t<meta property=\"og:image:height\" content=\"1000\" \/>\n\t<meta property=\"og:image:type\" content=\"image\/webp\" \/>\n<meta name=\"twitter:card\" content=\"summary_large_image\" \/>\n<meta name=\"twitter:label1\" content=\"Gesch\u00e4tzte Lesezeit\" \/>\n\t<meta name=\"twitter:data1\" content=\"1\u00a0Minute\" \/>\n<script type=\"application\/ld+json\" class=\"yoast-schema-graph\">{\"@context\":\"https:\\\/\\\/schema.org\",\"@graph\":[{\"@type\":\"WebPage\",\"@id\":\"https:\\\/\\\/www.stm-diving.com\\\/de\\\/departs\\\/wyjazd-20-grudnia-2025-r-copie-copie-copie-copie-2\\\/\",\"url\":\"https:\\\/\\\/www.stm-diving.com\\\/de\\\/departs\\\/wyjazd-20-grudnia-2025-r-copie-copie-copie-copie-2\\\/\",\"name\":\"Abflug am 12. September 2026 - STM Diving\",\"isPartOf\":{\"@id\":\"https:\\\/\\\/www.stm-diving.com\\\/de\\\/#website\"},\"primaryImageOfPage\":{\"@id\":\"https:\\\/\\\/www.stm-diving.com\\\/de\\\/departs\\\/wyjazd-20-grudnia-2025-r-copie-copie-copie-copie-2\\\/#primaryimage\"},\"image\":{\"@id\":\"https:\\\/\\\/www.stm-diving.com\\\/de\\\/departs\\\/wyjazd-20-grudnia-2025-r-copie-copie-copie-copie-2\\\/#primaryimage\"},\"thumbnailUrl\":\"https:\\\/\\\/www.stm-diving.com\\\/wp-content\\\/uploads\\\/2025\\\/10\\\/mise-en-avant-Croisiere-sans-sold-out-.webp\",\"datePublished\":\"2025-10-25T10:12:53+00:00\",\"dateModified\":\"2025-10-26T16:22:37+00:00\",\"breadcrumb\":{\"@id\":\"https:\\\/\\\/www.stm-diving.com\\\/de\\\/departs\\\/wyjazd-20-grudnia-2025-r-copie-copie-copie-copie-2\\\/#breadcrumb\"},\"inLanguage\":\"de\",\"potentialAction\":[{\"@type\":\"ReadAction\",\"target\":[\"https:\\\/\\\/www.stm-diving.com\\\/de\\\/departs\\\/wyjazd-20-grudnia-2025-r-copie-copie-copie-copie-2\\\/\"]}]},{\"@type\":\"ImageObject\",\"inLanguage\":\"de\",\"@id\":\"https:\\\/\\\/www.stm-diving.com\\\/de\\\/departs\\\/wyjazd-20-grudnia-2025-r-copie-copie-copie-copie-2\\\/#primaryimage\",\"url\":\"https:\\\/\\\/www.stm-diving.com\\\/wp-content\\\/uploads\\\/2025\\\/10\\\/mise-en-avant-Croisiere-sans-sold-out-.webp\",\"contentUrl\":\"https:\\\/\\\/www.stm-diving.com\\\/wp-content\\\/uploads\\\/2025\\\/10\\\/mise-en-avant-Croisiere-sans-sold-out-.webp\",\"width\":1000,\"height\":1000},{\"@type\":\"BreadcrumbList\",\"@id\":\"https:\\\/\\\/www.stm-diving.com\\\/de\\\/departs\\\/wyjazd-20-grudnia-2025-r-copie-copie-copie-copie-2\\\/#breadcrumb\",\"itemListElement\":[{\"@type\":\"ListItem\",\"position\":1,\"name\":\"Accueil\",\"item\":\"https:\\\/\\\/www.stm-diving.com\\\/de\\\/\"},{\"@type\":\"ListItem\",\"position\":2,\"name\":\"Shop\",\"item\":\"https:\\\/\\\/www.stm-diving.com\\\/de\\\/shop-2\\\/\"},{\"@type\":\"ListItem\",\"position\":3,\"name\":\"Abflug am 12. September 2026\"}]},{\"@type\":\"WebSite\",\"@id\":\"https:\\\/\\\/www.stm-diving.com\\\/de\\\/#website\",\"url\":\"https:\\\/\\\/www.stm-diving.com\\\/de\\\/\",\"name\":\"STM Diving\",\"description\":\"Red Sea Diving Cruises\",\"publisher\":{\"@id\":\"https:\\\/\\\/www.stm-diving.com\\\/de\\\/#organization\"},\"potentialAction\":[{\"@type\":\"SearchAction\",\"target\":{\"@type\":\"EntryPoint\",\"urlTemplate\":\"https:\\\/\\\/www.stm-diving.com\\\/de\\\/?s={search_term_string}\"},\"query-input\":{\"@type\":\"PropertyValueSpecification\",\"valueRequired\":true,\"valueName\":\"search_term_string\"}}],\"inLanguage\":\"de\"},{\"@type\":\"Organization\",\"@id\":\"https:\\\/\\\/www.stm-diving.com\\\/de\\\/#organization\",\"name\":\"STM Diving\",\"url\":\"https:\\\/\\\/www.stm-diving.com\\\/de\\\/\",\"logo\":{\"@type\":\"ImageObject\",\"inLanguage\":\"de\",\"@id\":\"https:\\\/\\\/www.stm-diving.com\\\/de\\\/#\\\/schema\\\/logo\\\/image\\\/\",\"url\":\"https:\\\/\\\/coachdefilles.com\\\/STM\\\/wp-content\\\/uploads\\\/2025\\\/04\\\/cropped-stm-diving-logo-carre.webp\",\"contentUrl\":\"https:\\\/\\\/coachdefilles.com\\\/STM\\\/wp-content\\\/uploads\\\/2025\\\/04\\\/cropped-stm-diving-logo-carre.webp\",\"width\":512,\"height\":512,\"caption\":\"STM Diving\"},\"image\":{\"@id\":\"https:\\\/\\\/www.stm-diving.com\\\/de\\\/#\\\/schema\\\/logo\\\/image\\\/\"},\"sameAs\":[\"https:\\\/\\\/www.facebook.com\\\/people\\\/STM-Diving-cruises\\\/61566595790077\\\/\",\"https:\\\/\\\/www.instagram.com\\\/stm_diving_cruises\\\/\"]}]}<\/script>\n<!-- \/ Yoast SEO plugin. -->","yoast_head_json":{"title":"Abflug am 12. September 2026 - STM Diving","robots":{"index":"index","follow":"follow","max-snippet":"max-snippet:-1","max-image-preview":"max-image-preview:large","max-video-preview":"max-video-preview:-1"},"canonical":"https:\/\/www.stm-diving.com\/de\/departs\/wyjazd-20-grudnia-2025-r-copie-copie-copie-copie-2\/","og_locale":"de_DE","og_type":"article","og_title":"Abflug am 12. September 2026 - STM Diving","og_description":"Wrecks &amp; Sharks Safaga &amp; Brothers Begeben Sie sich auf eine Tauchkreuzfahrt, die eine Mischung aus ikonischen Wracks, spektakul\u00e4ren Steilw\u00e4nden und Begegnungen mit den Meistern der Tiefe bietet. Diese Route f\u00fchrt Sie zu den farbenfrohen und gut gesch\u00fctzten Riffen von Safaga und zu den Brothers Islands, die f\u00fcr ihre schwindelerregenden W\u00e4nde, ihr intensives pelagisches Leben [&hellip;]","og_url":"https:\/\/www.stm-diving.com\/de\/departs\/wyjazd-20-grudnia-2025-r-copie-copie-copie-copie-2\/","og_site_name":"STM Diving","article_publisher":"https:\/\/www.facebook.com\/people\/STM-Diving-cruises\/61566595790077\/","article_modified_time":"2025-10-26T16:22:37+00:00","og_image":[{"width":1000,"height":1000,"url":"https:\/\/www.stm-diving.com\/wp-content\/uploads\/2025\/10\/mise-en-avant-Croisiere-sans-sold-out-.webp","type":"image\/webp"}],"twitter_card":"summary_large_image","twitter_misc":{"Gesch\u00e4tzte Lesezeit":"1\u00a0Minute"},"schema":{"@context":"https:\/\/schema.org","@graph":[{"@type":"WebPage","@id":"https:\/\/www.stm-diving.com\/de\/departs\/wyjazd-20-grudnia-2025-r-copie-copie-copie-copie-2\/","url":"https:\/\/www.stm-diving.com\/de\/departs\/wyjazd-20-grudnia-2025-r-copie-copie-copie-copie-2\/","name":"Abflug am 12. September 2026 - STM Diving","isPartOf":{"@id":"https:\/\/www.stm-diving.com\/de\/#website"},"primaryImageOfPage":{"@id":"https:\/\/www.stm-diving.com\/de\/departs\/wyjazd-20-grudnia-2025-r-copie-copie-copie-copie-2\/#primaryimage"},"image":{"@id":"https:\/\/www.stm-diving.com\/de\/departs\/wyjazd-20-grudnia-2025-r-copie-copie-copie-copie-2\/#primaryimage"},"thumbnailUrl":"https:\/\/www.stm-diving.com\/wp-content\/uploads\/2025\/10\/mise-en-avant-Croisiere-sans-sold-out-.webp","datePublished":"2025-10-25T10:12:53+00:00","dateModified":"2025-10-26T16:22:37+00:00","breadcrumb":{"@id":"https:\/\/www.stm-diving.com\/de\/departs\/wyjazd-20-grudnia-2025-r-copie-copie-copie-copie-2\/#breadcrumb"},"inLanguage":"de","potentialAction":[{"@type":"ReadAction","target":["https:\/\/www.stm-diving.com\/de\/departs\/wyjazd-20-grudnia-2025-r-copie-copie-copie-copie-2\/"]}]},{"@type":"ImageObject","inLanguage":"de","@id":"https:\/\/www.stm-diving.com\/de\/departs\/wyjazd-20-grudnia-2025-r-copie-copie-copie-copie-2\/#primaryimage","url":"https:\/\/www.stm-diving.com\/wp-content\/uploads\/2025\/10\/mise-en-avant-Croisiere-sans-sold-out-.webp","contentUrl":"https:\/\/www.stm-diving.com\/wp-content\/uploads\/2025\/10\/mise-en-avant-Croisiere-sans-sold-out-.webp","width":1000,"height":1000},{"@type":"BreadcrumbList","@id":"https:\/\/www.stm-diving.com\/de\/departs\/wyjazd-20-grudnia-2025-r-copie-copie-copie-copie-2\/#breadcrumb","itemListElement":[{"@type":"ListItem","position":1,"name":"Accueil","item":"https:\/\/www.stm-diving.com\/de\/"},{"@type":"ListItem","position":2,"name":"Shop","item":"https:\/\/www.stm-diving.com\/de\/shop-2\/"},{"@type":"ListItem","position":3,"name":"Abflug am 12. September 2026"}]},{"@type":"WebSite","@id":"https:\/\/www.stm-diving.com\/de\/#website","url":"https:\/\/www.stm-diving.com\/de\/","name":"STM Diving","description":"Red Sea Diving Cruises","publisher":{"@id":"https:\/\/www.stm-diving.com\/de\/#organization"},"potentialAction":[{"@type":"SearchAction","target":{"@type":"EntryPoint","urlTemplate":"https:\/\/www.stm-diving.com\/de\/?s={search_term_string}"},"query-input":{"@type":"PropertyValueSpecification","valueRequired":true,"valueName":"search_term_string"}}],"inLanguage":"de"},{"@type":"Organization","@id":"https:\/\/www.stm-diving.com\/de\/#organization","name":"STM Diving","url":"https:\/\/www.stm-diving.com\/de\/","logo":{"@type":"ImageObject","inLanguage":"de","@id":"https:\/\/www.stm-diving.com\/de\/#\/schema\/logo\/image\/","url":"https:\/\/coachdefilles.com\/STM\/wp-content\/uploads\/2025\/04\/cropped-stm-diving-logo-carre.webp","contentUrl":"https:\/\/coachdefilles.com\/STM\/wp-content\/uploads\/2025\/04\/cropped-stm-diving-logo-carre.webp","width":512,"height":512,"caption":"STM Diving"},"image":{"@id":"https:\/\/www.stm-diving.com\/de\/#\/schema\/logo\/image\/"},"sameAs":["https:\/\/www.facebook.com\/people\/STM-Diving-cruises\/61566595790077\/","https:\/\/www.instagram.com\/stm_diving_cruises\/"]}]}},"_links":{"self":[{"href":"https:\/\/www.stm-diving.com\/de\/wp-json\/wp\/v2\/product\/7444","targetHints":{"allow":["GET"]}}],"collection":[{"href":"https:\/\/www.stm-diving.com\/de\/wp-json\/wp\/v2\/product"}],"about":[{"href":"https:\/\/www.stm-diving.com\/de\/wp-json\/wp\/v2\/types\/product"}],"wp:featuredmedia":[{"embeddable":true,"href":"https:\/\/www.stm-diving.com\/de\/wp-json\/wp\/v2\/media\/7448"}],"wp:attachment":[{"href":"https:\/\/www.stm-diving.com\/de\/wp-json\/wp\/v2\/media?parent=7444"}],"wp:term":[{"taxonomy":"product_brand","embeddable":true,"href":"https:\/\/www.stm-diving.com\/de\/wp-json\/wp\/v2\/product_brand?post=7444"},{"taxonomy":"product_cat","embeddable":true,"href":"https:\/\/www.stm-diving.com\/de\/wp-json\/wp\/v2\/product_cat?post=7444"},{"taxonomy":"product_tag","embeddable":true,"href":"https:\/\/www.stm-diving.com\/de\/wp-json\/wp\/v2\/product_tag?post=7444"}],"curies":[{"name":"wp","href":"https:\/\/api.w.org\/{rel}","templated":true}]}}