{"id":7453,"date":"2025-10-25T10:24:50","date_gmt":"2025-10-25T10:24:50","guid":{"rendered":"https:\/\/www.stm-diving.com\/?post_type=product&#038;p=7453"},"modified":"2025-10-26T16:22:33","modified_gmt":"2025-10-26T16:22:33","slug":"abreise-am-22-november-2025-copie-copie","status":"publish","type":"product","link":"https:\/\/www.stm-diving.com\/de\/departs\/abreise-am-22-november-2025-copie-copie\/","title":{"rendered":"Abfahrt am 26. September 2026 Deep Dive"},"content":{"rendered":"<h1 data-start=\"145\" data-end=\"221\"><strong data-start=\"145\" data-end=\"221\">Entdecken Sie die Brothers Islands, das Elphinstone Reef und Daedalus<\/strong><\/h1>\n<h4 data-start=\"223\" data-end=\"676\">Begeben Sie sich auf ein unvergessliches Abenteuer im Roten Meer, einem der besten Tauchpl\u00e4tze der Welt! Diese Kreuzfahrt f\u00fchrt Sie zu drei legend\u00e4ren Orten: die <strong data-start=\"385\" data-end=\"402\">Brothers Inseln<\/strong>, das<strong data-start=\"415\" data-end=\"430\">Elphinstone<\/strong> Riff und das <strong data-start=\"434\" data-end=\"451\">Daedalus<\/strong> Riff, wo spektakul\u00e4re Korallenriffe, eine au\u00dfergew\u00f6hnliche pelagische Fauna und aufregende Tauchg\u00e4nge auf Sie warten.<\/h4>\n<h4 data-start=\"678\" data-end=\"923\">Diese Kreuzfahrt ist <strong data-start=\"699\" data-end=\"747\">speziell auf Tieftauchen<\/strong> und pelagische Begegnungen ausgerichtet und ideal f\u00fcr erfahrene Taucher, die an majest\u00e4tischen Steilw\u00e4nden entlang tauchen m\u00f6chten, wo sich gro\u00dfe Raubtiere aufhalten.<\/h4>\n<h4 data-start=\"925\" data-end=\"1259\">Sie befinden sich an Bord der <strong data-start=\"946\" data-end=\"957\">Heckler*<\/strong>, einer Luxusyacht, die wie ein schwimmendes Hotel gestaltet ist: elegante Kabinen mit eigenem Bad, gro\u00dfe Entspannungsbereiche, ein moderner Salon, ein Sonnendeck und ein erstklassiger Service durch die Crew. Ein Komfort der Spitzenklasse, um jeden Moment unter Wasser und an Bord zu genie\u00dfen. <\/h4>\n<p data-start=\"1261\" data-end=\"1370\">* <em data-start=\"1264\" data-end=\"1370\">Das Schiff kann in letzter Minute ge\u00e4ndert und durch ein Schiff mit gleichem Standard ersetzt werden.<\/em><\/p>\n","protected":false},"excerpt":{"rendered":"<p>Entdecken Sie die Brothers Islands, das Elphinstone Reef und Daedalus Begeben Sie sich auf ein unvergessliches Abenteuer im Roten Meer, einem der besten Tauchpl\u00e4tze der Welt! Diese Kreuzfahrt f\u00fchrt Sie zu drei legend\u00e4ren Orten: die Brothers Inseln, dasElphinstone Riff und das Daedalus Riff, wo spektakul\u00e4re Korallenriffe, eine au\u00dfergew\u00f6hnliche pelagische Fauna und aufregende Tauchg\u00e4nge auf Sie [&hellip;]<\/p>\n","protected":false},"featured_media":7458,"template":"","meta":{"_et_pb_use_builder":"off","_et_pb_old_content":"<h2>Entdecken Sie die Brothers Islands, das Elphinstone Reef und Daedalus<\/h2>\nBegeben Sie sich auf ein unvergessliches Abenteuer im Roten Meer, einem der besten Tauchgebiete der Welt! Diese Tauchkreuzfahrt f\u00fchrt Sie zu drei legend\u00e4ren Orten: die Brothers Inseln, das Elphinstone Riff und das Daedalus Riff, wo spektakul\u00e4re Korallenriffe, eine au\u00dfergew\u00f6hnliche Meeresfauna und aufregende Tauchg\u00e4nge auf Sie warten. ","_et_gb_content_width":""},"product_brand":[],"product_cat":[70],"product_tag":[],"class_list":{"0":"post-7453","1":"product","2":"type-product","3":"status-publish","4":"has-post-thumbnail","6":"product_cat-bde-cruise-de","8":"first","9":"instock","10":"featured","11":"shipping-taxable","12":"purchasable","13":"product-type-simple"},"stm_departure_date":null,"yoast_head":"<!-- This site is optimized with the Yoast SEO plugin v27.3 - https:\/\/yoast.com\/product\/yoast-seo-wordpress\/ -->\n<title>Abfahrt am 26. September 2026 Deep Dive - STM Diving<\/title>\n<meta name=\"robots\" content=\"index, follow, max-snippet:-1, max-image-preview:large, max-video-preview:-1\" \/>\n<link rel=\"canonical\" href=\"https:\/\/www.stm-diving.com\/de\/departs\/abreise-am-22-november-2025-copie-copie\/\" \/>\n<meta property=\"og:locale\" content=\"de_DE\" \/>\n<meta property=\"og:type\" content=\"article\" \/>\n<meta property=\"og:title\" content=\"Abfahrt am 26. September 2026 Deep Dive - STM Diving\" \/>\n<meta property=\"og:description\" content=\"Entdecken Sie die Brothers Islands, das Elphinstone Reef und Daedalus Begeben Sie sich auf ein unvergessliches Abenteuer im Roten Meer, einem der besten Tauchpl\u00e4tze der Welt! Diese Kreuzfahrt f\u00fchrt Sie zu drei legend\u00e4ren Orten: die Brothers Inseln, dasElphinstone Riff und das Daedalus Riff, wo spektakul\u00e4re Korallenriffe, eine au\u00dfergew\u00f6hnliche pelagische Fauna und aufregende Tauchg\u00e4nge auf Sie [&hellip;]\" \/>\n<meta property=\"og:url\" content=\"https:\/\/www.stm-diving.com\/de\/departs\/abreise-am-22-november-2025-copie-copie\/\" \/>\n<meta property=\"og:site_name\" content=\"STM Diving\" \/>\n<meta property=\"article:publisher\" content=\"https:\/\/www.facebook.com\/people\/STM-Diving-cruises\/61566595790077\/\" \/>\n<meta property=\"article:modified_time\" content=\"2025-10-26T16:22:33+00:00\" \/>\n<meta property=\"og:image\" content=\"https:\/\/www.stm-diving.com\/wp-content\/uploads\/2025\/10\/mise-en-avant-Croisiere-sans-sold-out-1.webp\" \/>\n\t<meta property=\"og:image:width\" content=\"1000\" \/>\n\t<meta property=\"og:image:height\" content=\"1000\" \/>\n\t<meta property=\"og:image:type\" content=\"image\/webp\" \/>\n<meta name=\"twitter:card\" content=\"summary_large_image\" \/>\n<meta name=\"twitter:label1\" content=\"Gesch\u00e4tzte Lesezeit\" \/>\n\t<meta name=\"twitter:data1\" content=\"1\u00a0Minute\" \/>\n<script type=\"application\/ld+json\" class=\"yoast-schema-graph\">{\"@context\":\"https:\\\/\\\/schema.org\",\"@graph\":[{\"@type\":\"WebPage\",\"@id\":\"https:\\\/\\\/www.stm-diving.com\\\/de\\\/departs\\\/abreise-am-22-november-2025-copie-copie\\\/\",\"url\":\"https:\\\/\\\/www.stm-diving.com\\\/de\\\/departs\\\/abreise-am-22-november-2025-copie-copie\\\/\",\"name\":\"Abfahrt am 26. September 2026 Deep Dive - STM Diving\",\"isPartOf\":{\"@id\":\"https:\\\/\\\/www.stm-diving.com\\\/de\\\/#website\"},\"primaryImageOfPage\":{\"@id\":\"https:\\\/\\\/www.stm-diving.com\\\/de\\\/departs\\\/abreise-am-22-november-2025-copie-copie\\\/#primaryimage\"},\"image\":{\"@id\":\"https:\\\/\\\/www.stm-diving.com\\\/de\\\/departs\\\/abreise-am-22-november-2025-copie-copie\\\/#primaryimage\"},\"thumbnailUrl\":\"https:\\\/\\\/www.stm-diving.com\\\/wp-content\\\/uploads\\\/2025\\\/10\\\/mise-en-avant-Croisiere-sans-sold-out-1.webp\",\"datePublished\":\"2025-10-25T10:24:50+00:00\",\"dateModified\":\"2025-10-26T16:22:33+00:00\",\"breadcrumb\":{\"@id\":\"https:\\\/\\\/www.stm-diving.com\\\/de\\\/departs\\\/abreise-am-22-november-2025-copie-copie\\\/#breadcrumb\"},\"inLanguage\":\"de\",\"potentialAction\":[{\"@type\":\"ReadAction\",\"target\":[\"https:\\\/\\\/www.stm-diving.com\\\/de\\\/departs\\\/abreise-am-22-november-2025-copie-copie\\\/\"]}]},{\"@type\":\"ImageObject\",\"inLanguage\":\"de\",\"@id\":\"https:\\\/\\\/www.stm-diving.com\\\/de\\\/departs\\\/abreise-am-22-november-2025-copie-copie\\\/#primaryimage\",\"url\":\"https:\\\/\\\/www.stm-diving.com\\\/wp-content\\\/uploads\\\/2025\\\/10\\\/mise-en-avant-Croisiere-sans-sold-out-1.webp\",\"contentUrl\":\"https:\\\/\\\/www.stm-diving.com\\\/wp-content\\\/uploads\\\/2025\\\/10\\\/mise-en-avant-Croisiere-sans-sold-out-1.webp\",\"width\":1000,\"height\":1000},{\"@type\":\"BreadcrumbList\",\"@id\":\"https:\\\/\\\/www.stm-diving.com\\\/de\\\/departs\\\/abreise-am-22-november-2025-copie-copie\\\/#breadcrumb\",\"itemListElement\":[{\"@type\":\"ListItem\",\"position\":1,\"name\":\"Accueil\",\"item\":\"https:\\\/\\\/www.stm-diving.com\\\/de\\\/\"},{\"@type\":\"ListItem\",\"position\":2,\"name\":\"Shop\",\"item\":\"https:\\\/\\\/www.stm-diving.com\\\/de\\\/shop-2\\\/\"},{\"@type\":\"ListItem\",\"position\":3,\"name\":\"Abfahrt am 26. September 2026 Deep Dive\"}]},{\"@type\":\"WebSite\",\"@id\":\"https:\\\/\\\/www.stm-diving.com\\\/de\\\/#website\",\"url\":\"https:\\\/\\\/www.stm-diving.com\\\/de\\\/\",\"name\":\"STM Diving\",\"description\":\"Red Sea Diving Cruises\",\"publisher\":{\"@id\":\"https:\\\/\\\/www.stm-diving.com\\\/de\\\/#organization\"},\"potentialAction\":[{\"@type\":\"SearchAction\",\"target\":{\"@type\":\"EntryPoint\",\"urlTemplate\":\"https:\\\/\\\/www.stm-diving.com\\\/de\\\/?s={search_term_string}\"},\"query-input\":{\"@type\":\"PropertyValueSpecification\",\"valueRequired\":true,\"valueName\":\"search_term_string\"}}],\"inLanguage\":\"de\"},{\"@type\":\"Organization\",\"@id\":\"https:\\\/\\\/www.stm-diving.com\\\/de\\\/#organization\",\"name\":\"STM Tauchen\",\"url\":\"https:\\\/\\\/www.stm-diving.com\\\/de\\\/\",\"logo\":{\"@type\":\"ImageObject\",\"inLanguage\":\"de\",\"@id\":\"https:\\\/\\\/www.stm-diving.com\\\/de\\\/#\\\/schema\\\/logo\\\/image\\\/\",\"url\":\"https:\\\/\\\/coachdefilles.com\\\/STM\\\/wp-content\\\/uploads\\\/2025\\\/04\\\/cropped-stm-diving-logo-carre.webp\",\"contentUrl\":\"https:\\\/\\\/coachdefilles.com\\\/STM\\\/wp-content\\\/uploads\\\/2025\\\/04\\\/cropped-stm-diving-logo-carre.webp\",\"width\":512,\"height\":512,\"caption\":\"STM Tauchen\"},\"image\":{\"@id\":\"https:\\\/\\\/www.stm-diving.com\\\/de\\\/#\\\/schema\\\/logo\\\/image\\\/\"},\"sameAs\":[\"https:\\\/\\\/www.facebook.com\\\/people\\\/STM-Diving-cruises\\\/61566595790077\\\/\",\"https:\\\/\\\/www.instagram.com\\\/stm_diving_cruises\\\/\"]}]}<\/script>\n<!-- \/ Yoast SEO plugin. -->","yoast_head_json":{"title":"Abfahrt am 26. September 2026 Deep Dive - STM Diving","robots":{"index":"index","follow":"follow","max-snippet":"max-snippet:-1","max-image-preview":"max-image-preview:large","max-video-preview":"max-video-preview:-1"},"canonical":"https:\/\/www.stm-diving.com\/de\/departs\/abreise-am-22-november-2025-copie-copie\/","og_locale":"de_DE","og_type":"article","og_title":"Abfahrt am 26. September 2026 Deep Dive - STM Diving","og_description":"Entdecken Sie die Brothers Islands, das Elphinstone Reef und Daedalus Begeben Sie sich auf ein unvergessliches Abenteuer im Roten Meer, einem der besten Tauchpl\u00e4tze der Welt! Diese Kreuzfahrt f\u00fchrt Sie zu drei legend\u00e4ren Orten: die Brothers Inseln, dasElphinstone Riff und das Daedalus Riff, wo spektakul\u00e4re Korallenriffe, eine au\u00dfergew\u00f6hnliche pelagische Fauna und aufregende Tauchg\u00e4nge auf Sie [&hellip;]","og_url":"https:\/\/www.stm-diving.com\/de\/departs\/abreise-am-22-november-2025-copie-copie\/","og_site_name":"STM Diving","article_publisher":"https:\/\/www.facebook.com\/people\/STM-Diving-cruises\/61566595790077\/","article_modified_time":"2025-10-26T16:22:33+00:00","og_image":[{"width":1000,"height":1000,"url":"https:\/\/www.stm-diving.com\/wp-content\/uploads\/2025\/10\/mise-en-avant-Croisiere-sans-sold-out-1.webp","type":"image\/webp"}],"twitter_card":"summary_large_image","twitter_misc":{"Gesch\u00e4tzte Lesezeit":"1\u00a0Minute"},"schema":{"@context":"https:\/\/schema.org","@graph":[{"@type":"WebPage","@id":"https:\/\/www.stm-diving.com\/de\/departs\/abreise-am-22-november-2025-copie-copie\/","url":"https:\/\/www.stm-diving.com\/de\/departs\/abreise-am-22-november-2025-copie-copie\/","name":"Abfahrt am 26. September 2026 Deep Dive - STM Diving","isPartOf":{"@id":"https:\/\/www.stm-diving.com\/de\/#website"},"primaryImageOfPage":{"@id":"https:\/\/www.stm-diving.com\/de\/departs\/abreise-am-22-november-2025-copie-copie\/#primaryimage"},"image":{"@id":"https:\/\/www.stm-diving.com\/de\/departs\/abreise-am-22-november-2025-copie-copie\/#primaryimage"},"thumbnailUrl":"https:\/\/www.stm-diving.com\/wp-content\/uploads\/2025\/10\/mise-en-avant-Croisiere-sans-sold-out-1.webp","datePublished":"2025-10-25T10:24:50+00:00","dateModified":"2025-10-26T16:22:33+00:00","breadcrumb":{"@id":"https:\/\/www.stm-diving.com\/de\/departs\/abreise-am-22-november-2025-copie-copie\/#breadcrumb"},"inLanguage":"de","potentialAction":[{"@type":"ReadAction","target":["https:\/\/www.stm-diving.com\/de\/departs\/abreise-am-22-november-2025-copie-copie\/"]}]},{"@type":"ImageObject","inLanguage":"de","@id":"https:\/\/www.stm-diving.com\/de\/departs\/abreise-am-22-november-2025-copie-copie\/#primaryimage","url":"https:\/\/www.stm-diving.com\/wp-content\/uploads\/2025\/10\/mise-en-avant-Croisiere-sans-sold-out-1.webp","contentUrl":"https:\/\/www.stm-diving.com\/wp-content\/uploads\/2025\/10\/mise-en-avant-Croisiere-sans-sold-out-1.webp","width":1000,"height":1000},{"@type":"BreadcrumbList","@id":"https:\/\/www.stm-diving.com\/de\/departs\/abreise-am-22-november-2025-copie-copie\/#breadcrumb","itemListElement":[{"@type":"ListItem","position":1,"name":"Accueil","item":"https:\/\/www.stm-diving.com\/de\/"},{"@type":"ListItem","position":2,"name":"Shop","item":"https:\/\/www.stm-diving.com\/de\/shop-2\/"},{"@type":"ListItem","position":3,"name":"Abfahrt am 26. September 2026 Deep Dive"}]},{"@type":"WebSite","@id":"https:\/\/www.stm-diving.com\/de\/#website","url":"https:\/\/www.stm-diving.com\/de\/","name":"STM Diving","description":"Red Sea Diving Cruises","publisher":{"@id":"https:\/\/www.stm-diving.com\/de\/#organization"},"potentialAction":[{"@type":"SearchAction","target":{"@type":"EntryPoint","urlTemplate":"https:\/\/www.stm-diving.com\/de\/?s={search_term_string}"},"query-input":{"@type":"PropertyValueSpecification","valueRequired":true,"valueName":"search_term_string"}}],"inLanguage":"de"},{"@type":"Organization","@id":"https:\/\/www.stm-diving.com\/de\/#organization","name":"STM Tauchen","url":"https:\/\/www.stm-diving.com\/de\/","logo":{"@type":"ImageObject","inLanguage":"de","@id":"https:\/\/www.stm-diving.com\/de\/#\/schema\/logo\/image\/","url":"https:\/\/coachdefilles.com\/STM\/wp-content\/uploads\/2025\/04\/cropped-stm-diving-logo-carre.webp","contentUrl":"https:\/\/coachdefilles.com\/STM\/wp-content\/uploads\/2025\/04\/cropped-stm-diving-logo-carre.webp","width":512,"height":512,"caption":"STM Tauchen"},"image":{"@id":"https:\/\/www.stm-diving.com\/de\/#\/schema\/logo\/image\/"},"sameAs":["https:\/\/www.facebook.com\/people\/STM-Diving-cruises\/61566595790077\/","https:\/\/www.instagram.com\/stm_diving_cruises\/"]}]}},"_links":{"self":[{"href":"https:\/\/www.stm-diving.com\/de\/wp-json\/wp\/v2\/product\/7453","targetHints":{"allow":["GET"]}}],"collection":[{"href":"https:\/\/www.stm-diving.com\/de\/wp-json\/wp\/v2\/product"}],"about":[{"href":"https:\/\/www.stm-diving.com\/de\/wp-json\/wp\/v2\/types\/product"}],"wp:featuredmedia":[{"embeddable":true,"href":"https:\/\/www.stm-diving.com\/de\/wp-json\/wp\/v2\/media\/7458"}],"wp:attachment":[{"href":"https:\/\/www.stm-diving.com\/de\/wp-json\/wp\/v2\/media?parent=7453"}],"wp:term":[{"taxonomy":"product_brand","embeddable":true,"href":"https:\/\/www.stm-diving.com\/de\/wp-json\/wp\/v2\/product_brand?post=7453"},{"taxonomy":"product_cat","embeddable":true,"href":"https:\/\/www.stm-diving.com\/de\/wp-json\/wp\/v2\/product_cat?post=7453"},{"taxonomy":"product_tag","embeddable":true,"href":"https:\/\/www.stm-diving.com\/de\/wp-json\/wp\/v2\/product_tag?post=7453"}],"curies":[{"name":"wp","href":"https:\/\/api.w.org\/{rel}","templated":true}]}}