{"id":7495,"date":"2025-10-25T12:54:04","date_gmt":"2025-10-25T12:54:04","guid":{"rendered":"https:\/\/www.stm-diving.com\/?post_type=product&#038;p=7495"},"modified":"2025-10-26T16:22:34","modified_gmt":"2025-10-26T16:22:34","slug":"abreise-am-22-november-2025-copie-copie-copie","status":"publish","type":"product","link":"https:\/\/www.stm-diving.com\/de\/departs\/abreise-am-22-november-2025-copie-copie-copie\/","title":{"rendered":"Abflug am 3. Oktober 2026"},"content":{"rendered":"<h1 data-start=\"146\" data-end=\"191\"><strong data-start=\"146\" data-end=\"191\">Die Sch\u00e4tze des Nordens &amp; die Stra\u00dfe von Tiran<\/strong><\/h1>\n<h4 data-start=\"193\" data-end=\"556\">Erleben Sie eine fesselnde Tauchkreuzfahrt durch die ikonischen Orte des <strong data-start=\"273\" data-end=\"297\">n\u00f6rdlichen Roten Meeres<\/strong> und die spektakul\u00e4ren Riffe der <strong data-start=\"330\" data-end=\"350\">Stra\u00dfe von Tiran<\/strong>. Diese Route f\u00fchrt Sie zu geschichtstr\u00e4chtigen Wracks - darunter die Klassiker aus der Region Hurghada - und zu einigen der farbenfrohsten und unber\u00fchrtesten Korallenriffe der Gegend. <\/h4>\n<h4 data-start=\"558\" data-end=\"897\">Tauchen Sie an spektakul\u00e4ren Drop-Offs, Plateaus mit Schw\u00e4rmen von Anthias und Stachelmakrelen und Koralleng\u00e4rten mit Schildkr\u00f6ten, Riesenmur\u00e4nen und Schmetterlingsfischen in H\u00fclle und F\u00fclle. Die Stra\u00dfe von Tiran, die von nahrhaften Str\u00f6mungen durchzogen wird, verspricht auch pelagische Begegnungen f\u00fcr ein Maximum an Sensationen. <\/h4>\n<h4 data-start=\"899\" data-end=\"1120\">Eine leicht zug\u00e4ngliche, abwechslungsreiche und erlebnisreiche Route, ideal, um das Rote Meer auf einer Kreuzfahrt zu erleben: legend\u00e4re Wracks, au\u00dfergew\u00f6hnliche Artenvielfalt und einfach unvergessliche Unterwasserlandschaften.<\/h4>\n","protected":false},"excerpt":{"rendered":"<p>Die Sch\u00e4tze des Nordens &amp; die Stra\u00dfe von Tiran Erleben Sie eine fesselnde Tauchkreuzfahrt durch die ikonischen Orte des n\u00f6rdlichen Roten Meeres und die spektakul\u00e4ren Riffe der Stra\u00dfe von Tiran. Diese Route f\u00fchrt Sie zu geschichtstr\u00e4chtigen Wracks - darunter die Klassiker aus der Region Hurghada - und zu einigen der farbenfrohsten und unber\u00fchrtesten Korallenriffe der [&hellip;]<\/p>\n","protected":false},"featured_media":7501,"template":"","meta":{"_et_pb_use_builder":"off","_et_pb_old_content":"<h2>Entdecken Sie die Brothers Islands, das Elphinstone Reef und Daedalus<\/h2>\nBegeben Sie sich auf ein unvergessliches Abenteuer im Roten Meer, einem der besten Tauchgebiete der Welt! Diese Tauchkreuzfahrt f\u00fchrt Sie zu drei legend\u00e4ren Orten: die Brothers Inseln, das Elphinstone Riff und das Daedalus Riff, wo spektakul\u00e4re Korallenriffe, eine au\u00dfergew\u00f6hnliche Meeresfauna und aufregende Tauchg\u00e4nge auf Sie warten. ","_et_gb_content_width":""},"product_brand":[],"product_cat":[189],"product_tag":[],"class_list":{"0":"post-7495","1":"product","2":"type-product","3":"status-publish","4":"has-post-thumbnail","6":"product_cat-nord-tiran","8":"first","9":"instock","10":"featured","11":"shipping-taxable","12":"purchasable","13":"product-type-simple"},"stm_departure_date":null,"yoast_head":"<!-- This site is optimized with the Yoast SEO plugin v27.5 - https:\/\/yoast.com\/product\/yoast-seo-wordpress\/ -->\n<title>Abflug am 3. Oktober 2026 - STM Diving<\/title>\n<meta name=\"robots\" content=\"index, follow, max-snippet:-1, max-image-preview:large, max-video-preview:-1\" \/>\n<link rel=\"canonical\" href=\"https:\/\/www.stm-diving.com\/de\/departs\/abreise-am-22-november-2025-copie-copie-copie\/\" \/>\n<meta property=\"og:locale\" content=\"de_DE\" \/>\n<meta property=\"og:type\" content=\"article\" \/>\n<meta property=\"og:title\" content=\"Abflug am 3. Oktober 2026 - STM Diving\" \/>\n<meta property=\"og:description\" content=\"Die Sch\u00e4tze des Nordens &amp; die Stra\u00dfe von Tiran Erleben Sie eine fesselnde Tauchkreuzfahrt durch die ikonischen Orte des n\u00f6rdlichen Roten Meeres und die spektakul\u00e4ren Riffe der Stra\u00dfe von Tiran. Diese Route f\u00fchrt Sie zu geschichtstr\u00e4chtigen Wracks - darunter die Klassiker aus der Region Hurghada - und zu einigen der farbenfrohsten und unber\u00fchrtesten Korallenriffe der [&hellip;]\" \/>\n<meta property=\"og:url\" content=\"https:\/\/www.stm-diving.com\/de\/departs\/abreise-am-22-november-2025-copie-copie-copie\/\" \/>\n<meta property=\"og:site_name\" content=\"STM Diving\" \/>\n<meta property=\"article:publisher\" content=\"https:\/\/www.facebook.com\/people\/STM-Diving-cruises\/61566595790077\/\" \/>\n<meta property=\"article:modified_time\" content=\"2025-10-26T16:22:34+00:00\" \/>\n<meta property=\"og:image\" content=\"https:\/\/www.stm-diving.com\/wp-content\/uploads\/2025\/10\/mise-en-avant-Croisiere-sans-sold-out-3.webp\" \/>\n\t<meta property=\"og:image:width\" content=\"1000\" \/>\n\t<meta property=\"og:image:height\" content=\"1000\" \/>\n\t<meta property=\"og:image:type\" content=\"image\/webp\" \/>\n<meta name=\"twitter:card\" content=\"summary_large_image\" \/>\n<meta name=\"twitter:label1\" content=\"Gesch\u00e4tzte Lesezeit\" \/>\n\t<meta name=\"twitter:data1\" content=\"1\u00a0Minute\" \/>\n<script type=\"application\/ld+json\" class=\"yoast-schema-graph\">{\"@context\":\"https:\\\/\\\/schema.org\",\"@graph\":[{\"@type\":\"WebPage\",\"@id\":\"https:\\\/\\\/www.stm-diving.com\\\/de\\\/departs\\\/abreise-am-22-november-2025-copie-copie-copie\\\/\",\"url\":\"https:\\\/\\\/www.stm-diving.com\\\/de\\\/departs\\\/abreise-am-22-november-2025-copie-copie-copie\\\/\",\"name\":\"Abflug am 3. Oktober 2026 - STM Diving\",\"isPartOf\":{\"@id\":\"https:\\\/\\\/www.stm-diving.com\\\/de\\\/#website\"},\"primaryImageOfPage\":{\"@id\":\"https:\\\/\\\/www.stm-diving.com\\\/de\\\/departs\\\/abreise-am-22-november-2025-copie-copie-copie\\\/#primaryimage\"},\"image\":{\"@id\":\"https:\\\/\\\/www.stm-diving.com\\\/de\\\/departs\\\/abreise-am-22-november-2025-copie-copie-copie\\\/#primaryimage\"},\"thumbnailUrl\":\"https:\\\/\\\/www.stm-diving.com\\\/wp-content\\\/uploads\\\/2025\\\/10\\\/mise-en-avant-Croisiere-sans-sold-out-3.webp\",\"datePublished\":\"2025-10-25T12:54:04+00:00\",\"dateModified\":\"2025-10-26T16:22:34+00:00\",\"breadcrumb\":{\"@id\":\"https:\\\/\\\/www.stm-diving.com\\\/de\\\/departs\\\/abreise-am-22-november-2025-copie-copie-copie\\\/#breadcrumb\"},\"inLanguage\":\"de\",\"potentialAction\":[{\"@type\":\"ReadAction\",\"target\":[\"https:\\\/\\\/www.stm-diving.com\\\/de\\\/departs\\\/abreise-am-22-november-2025-copie-copie-copie\\\/\"]}]},{\"@type\":\"ImageObject\",\"inLanguage\":\"de\",\"@id\":\"https:\\\/\\\/www.stm-diving.com\\\/de\\\/departs\\\/abreise-am-22-november-2025-copie-copie-copie\\\/#primaryimage\",\"url\":\"https:\\\/\\\/www.stm-diving.com\\\/wp-content\\\/uploads\\\/2025\\\/10\\\/mise-en-avant-Croisiere-sans-sold-out-3.webp\",\"contentUrl\":\"https:\\\/\\\/www.stm-diving.com\\\/wp-content\\\/uploads\\\/2025\\\/10\\\/mise-en-avant-Croisiere-sans-sold-out-3.webp\",\"width\":1000,\"height\":1000},{\"@type\":\"BreadcrumbList\",\"@id\":\"https:\\\/\\\/www.stm-diving.com\\\/de\\\/departs\\\/abreise-am-22-november-2025-copie-copie-copie\\\/#breadcrumb\",\"itemListElement\":[{\"@type\":\"ListItem\",\"position\":1,\"name\":\"Accueil\",\"item\":\"https:\\\/\\\/www.stm-diving.com\\\/de\\\/\"},{\"@type\":\"ListItem\",\"position\":2,\"name\":\"Shop\",\"item\":\"https:\\\/\\\/www.stm-diving.com\\\/de\\\/shop-2\\\/\"},{\"@type\":\"ListItem\",\"position\":3,\"name\":\"Abflug am 3. Oktober 2026\"}]},{\"@type\":\"WebSite\",\"@id\":\"https:\\\/\\\/www.stm-diving.com\\\/de\\\/#website\",\"url\":\"https:\\\/\\\/www.stm-diving.com\\\/de\\\/\",\"name\":\"STM Diving\",\"description\":\"Red Sea Diving Cruises\",\"publisher\":{\"@id\":\"https:\\\/\\\/www.stm-diving.com\\\/de\\\/#organization\"},\"potentialAction\":[{\"@type\":\"SearchAction\",\"target\":{\"@type\":\"EntryPoint\",\"urlTemplate\":\"https:\\\/\\\/www.stm-diving.com\\\/de\\\/?s={search_term_string}\"},\"query-input\":{\"@type\":\"PropertyValueSpecification\",\"valueRequired\":true,\"valueName\":\"search_term_string\"}}],\"inLanguage\":\"de\"},{\"@type\":\"Organization\",\"@id\":\"https:\\\/\\\/www.stm-diving.com\\\/de\\\/#organization\",\"name\":\"STM Tauchen\",\"url\":\"https:\\\/\\\/www.stm-diving.com\\\/de\\\/\",\"logo\":{\"@type\":\"ImageObject\",\"inLanguage\":\"de\",\"@id\":\"https:\\\/\\\/www.stm-diving.com\\\/de\\\/#\\\/schema\\\/logo\\\/image\\\/\",\"url\":\"https:\\\/\\\/coachdefilles.com\\\/STM\\\/wp-content\\\/uploads\\\/2025\\\/04\\\/cropped-stm-diving-logo-carre.webp\",\"contentUrl\":\"https:\\\/\\\/coachdefilles.com\\\/STM\\\/wp-content\\\/uploads\\\/2025\\\/04\\\/cropped-stm-diving-logo-carre.webp\",\"width\":512,\"height\":512,\"caption\":\"STM Tauchen\"},\"image\":{\"@id\":\"https:\\\/\\\/www.stm-diving.com\\\/de\\\/#\\\/schema\\\/logo\\\/image\\\/\"},\"sameAs\":[\"https:\\\/\\\/www.facebook.com\\\/people\\\/STM-Diving-cruises\\\/61566595790077\\\/\",\"https:\\\/\\\/www.instagram.com\\\/stm_diving_cruises\\\/\"]}]}<\/script>\n<!-- \/ Yoast SEO plugin. -->","yoast_head_json":{"title":"Abflug am 3. Oktober 2026 - STM Diving","robots":{"index":"index","follow":"follow","max-snippet":"max-snippet:-1","max-image-preview":"max-image-preview:large","max-video-preview":"max-video-preview:-1"},"canonical":"https:\/\/www.stm-diving.com\/de\/departs\/abreise-am-22-november-2025-copie-copie-copie\/","og_locale":"de_DE","og_type":"article","og_title":"Abflug am 3. Oktober 2026 - STM Diving","og_description":"Die Sch\u00e4tze des Nordens &amp; die Stra\u00dfe von Tiran Erleben Sie eine fesselnde Tauchkreuzfahrt durch die ikonischen Orte des n\u00f6rdlichen Roten Meeres und die spektakul\u00e4ren Riffe der Stra\u00dfe von Tiran. Diese Route f\u00fchrt Sie zu geschichtstr\u00e4chtigen Wracks - darunter die Klassiker aus der Region Hurghada - und zu einigen der farbenfrohsten und unber\u00fchrtesten Korallenriffe der [&hellip;]","og_url":"https:\/\/www.stm-diving.com\/de\/departs\/abreise-am-22-november-2025-copie-copie-copie\/","og_site_name":"STM Diving","article_publisher":"https:\/\/www.facebook.com\/people\/STM-Diving-cruises\/61566595790077\/","article_modified_time":"2025-10-26T16:22:34+00:00","og_image":[{"width":1000,"height":1000,"url":"https:\/\/www.stm-diving.com\/wp-content\/uploads\/2025\/10\/mise-en-avant-Croisiere-sans-sold-out-3.webp","type":"image\/webp"}],"twitter_card":"summary_large_image","twitter_misc":{"Gesch\u00e4tzte Lesezeit":"1\u00a0Minute"},"schema":{"@context":"https:\/\/schema.org","@graph":[{"@type":"WebPage","@id":"https:\/\/www.stm-diving.com\/de\/departs\/abreise-am-22-november-2025-copie-copie-copie\/","url":"https:\/\/www.stm-diving.com\/de\/departs\/abreise-am-22-november-2025-copie-copie-copie\/","name":"Abflug am 3. Oktober 2026 - STM Diving","isPartOf":{"@id":"https:\/\/www.stm-diving.com\/de\/#website"},"primaryImageOfPage":{"@id":"https:\/\/www.stm-diving.com\/de\/departs\/abreise-am-22-november-2025-copie-copie-copie\/#primaryimage"},"image":{"@id":"https:\/\/www.stm-diving.com\/de\/departs\/abreise-am-22-november-2025-copie-copie-copie\/#primaryimage"},"thumbnailUrl":"https:\/\/www.stm-diving.com\/wp-content\/uploads\/2025\/10\/mise-en-avant-Croisiere-sans-sold-out-3.webp","datePublished":"2025-10-25T12:54:04+00:00","dateModified":"2025-10-26T16:22:34+00:00","breadcrumb":{"@id":"https:\/\/www.stm-diving.com\/de\/departs\/abreise-am-22-november-2025-copie-copie-copie\/#breadcrumb"},"inLanguage":"de","potentialAction":[{"@type":"ReadAction","target":["https:\/\/www.stm-diving.com\/de\/departs\/abreise-am-22-november-2025-copie-copie-copie\/"]}]},{"@type":"ImageObject","inLanguage":"de","@id":"https:\/\/www.stm-diving.com\/de\/departs\/abreise-am-22-november-2025-copie-copie-copie\/#primaryimage","url":"https:\/\/www.stm-diving.com\/wp-content\/uploads\/2025\/10\/mise-en-avant-Croisiere-sans-sold-out-3.webp","contentUrl":"https:\/\/www.stm-diving.com\/wp-content\/uploads\/2025\/10\/mise-en-avant-Croisiere-sans-sold-out-3.webp","width":1000,"height":1000},{"@type":"BreadcrumbList","@id":"https:\/\/www.stm-diving.com\/de\/departs\/abreise-am-22-november-2025-copie-copie-copie\/#breadcrumb","itemListElement":[{"@type":"ListItem","position":1,"name":"Accueil","item":"https:\/\/www.stm-diving.com\/de\/"},{"@type":"ListItem","position":2,"name":"Shop","item":"https:\/\/www.stm-diving.com\/de\/shop-2\/"},{"@type":"ListItem","position":3,"name":"Abflug am 3. Oktober 2026"}]},{"@type":"WebSite","@id":"https:\/\/www.stm-diving.com\/de\/#website","url":"https:\/\/www.stm-diving.com\/de\/","name":"STM Diving","description":"Red Sea Diving Cruises","publisher":{"@id":"https:\/\/www.stm-diving.com\/de\/#organization"},"potentialAction":[{"@type":"SearchAction","target":{"@type":"EntryPoint","urlTemplate":"https:\/\/www.stm-diving.com\/de\/?s={search_term_string}"},"query-input":{"@type":"PropertyValueSpecification","valueRequired":true,"valueName":"search_term_string"}}],"inLanguage":"de"},{"@type":"Organization","@id":"https:\/\/www.stm-diving.com\/de\/#organization","name":"STM Tauchen","url":"https:\/\/www.stm-diving.com\/de\/","logo":{"@type":"ImageObject","inLanguage":"de","@id":"https:\/\/www.stm-diving.com\/de\/#\/schema\/logo\/image\/","url":"https:\/\/coachdefilles.com\/STM\/wp-content\/uploads\/2025\/04\/cropped-stm-diving-logo-carre.webp","contentUrl":"https:\/\/coachdefilles.com\/STM\/wp-content\/uploads\/2025\/04\/cropped-stm-diving-logo-carre.webp","width":512,"height":512,"caption":"STM Tauchen"},"image":{"@id":"https:\/\/www.stm-diving.com\/de\/#\/schema\/logo\/image\/"},"sameAs":["https:\/\/www.facebook.com\/people\/STM-Diving-cruises\/61566595790077\/","https:\/\/www.instagram.com\/stm_diving_cruises\/"]}]}},"_links":{"self":[{"href":"https:\/\/www.stm-diving.com\/de\/wp-json\/wp\/v2\/product\/7495","targetHints":{"allow":["GET"]}}],"collection":[{"href":"https:\/\/www.stm-diving.com\/de\/wp-json\/wp\/v2\/product"}],"about":[{"href":"https:\/\/www.stm-diving.com\/de\/wp-json\/wp\/v2\/types\/product"}],"wp:featuredmedia":[{"embeddable":true,"href":"https:\/\/www.stm-diving.com\/de\/wp-json\/wp\/v2\/media\/7501"}],"wp:attachment":[{"href":"https:\/\/www.stm-diving.com\/de\/wp-json\/wp\/v2\/media?parent=7495"}],"wp:term":[{"taxonomy":"product_brand","embeddable":true,"href":"https:\/\/www.stm-diving.com\/de\/wp-json\/wp\/v2\/product_brand?post=7495"},{"taxonomy":"product_cat","embeddable":true,"href":"https:\/\/www.stm-diving.com\/de\/wp-json\/wp\/v2\/product_cat?post=7495"},{"taxonomy":"product_tag","embeddable":true,"href":"https:\/\/www.stm-diving.com\/de\/wp-json\/wp\/v2\/product_tag?post=7495"}],"curies":[{"name":"wp","href":"https:\/\/api.w.org\/{rel}","templated":true}]}}