{"id":7526,"date":"2025-10-25T13:16:47","date_gmt":"2025-10-25T13:16:47","guid":{"rendered":"https:\/\/www.stm-diving.com\/?post_type=product&#038;p=7526"},"modified":"2025-11-14T14:04:26","modified_gmt":"2025-11-14T14:04:26","slug":"wyjazd-20-grudnia-2025-r-copie-copie-copie-copie-3","status":"publish","type":"product","link":"https:\/\/www.stm-diving.com\/de\/departs\/wyjazd-20-grudnia-2025-r-copie-copie-copie-copie-3\/","title":{"rendered":"Abflug am 24. Oktober 2026"},"content":{"rendered":"<h2>Entdecken Sie die Brothers Islands, das Elphinstone Reef und Daedalus<\/h2>\n<p>Begeben Sie sich auf ein unvergessliches Abenteuer im Roten Meer, einem der besten Tauchpl\u00e4tze der Welt! Diese Tauchkreuzfahrt f\u00fchrt Sie zu drei legend\u00e4ren Orten: die Brothers Inseln, das Elphinstone Riff und das Daedalus Riff, wo Sie spektakul\u00e4re Korallenriffe, eine au\u00dfergew\u00f6hnliche Meeresfauna und aufregende Tauchg\u00e4nge erwarten.<\/p>\n","protected":false},"excerpt":{"rendered":"<p>Entdecken Sie die Brothers Islands, das Elphinstone Reef und Daedalus Begeben Sie sich auf ein unvergessliches Abenteuer im Roten Meer, einem der besten Tauchpl\u00e4tze der Welt! Diese Tauchkreuzfahrt f\u00fchrt Sie zu drei legend\u00e4ren Orten: die Brothers Inseln, das Elphinstone Riff und das Daedalus Riff, wo Sie spektakul\u00e4re Korallenriffe, eine au\u00dfergew\u00f6hnliche Meeresfauna und aufregende Tauchg\u00e4nge erwarten.<\/p>\n","protected":false},"featured_media":7554,"template":"","meta":{"_et_pb_use_builder":"","_et_pb_old_content":"","_et_gb_content_width":""},"product_brand":[],"product_cat":[75],"product_tag":[],"class_list":{"0":"post-7526","1":"product","2":"type-product","3":"status-publish","4":"has-post-thumbnail","6":"product_cat-nordkreuzfahrt","8":"first","9":"instock","10":"featured","11":"shipping-taxable","12":"purchasable","13":"product-type-simple"},"stm_departure_date":null,"yoast_head":"<!-- This site is optimized with the Yoast SEO plugin v27.5 - https:\/\/yoast.com\/product\/yoast-seo-wordpress\/ -->\n<title>Abflug am 24. Oktober 2026 - STM Diving<\/title>\n<meta name=\"robots\" content=\"index, follow, max-snippet:-1, max-image-preview:large, max-video-preview:-1\" \/>\n<link rel=\"canonical\" href=\"https:\/\/www.stm-diving.com\/de\/departs\/wyjazd-20-grudnia-2025-r-copie-copie-copie-copie-3\/\" \/>\n<meta property=\"og:locale\" content=\"de_DE\" \/>\n<meta property=\"og:type\" content=\"article\" \/>\n<meta property=\"og:title\" content=\"Abflug am 24. Oktober 2026 - STM Diving\" \/>\n<meta property=\"og:description\" content=\"Entdecken Sie die Brothers Islands, das Elphinstone Reef und Daedalus Begeben Sie sich auf ein unvergessliches Abenteuer im Roten Meer, einem der besten Tauchpl\u00e4tze der Welt! Diese Tauchkreuzfahrt f\u00fchrt Sie zu drei legend\u00e4ren Orten: die Brothers Inseln, das Elphinstone Riff und das Daedalus Riff, wo Sie spektakul\u00e4re Korallenriffe, eine au\u00dfergew\u00f6hnliche Meeresfauna und aufregende Tauchg\u00e4nge erwarten.\" \/>\n<meta property=\"og:url\" content=\"https:\/\/www.stm-diving.com\/de\/departs\/wyjazd-20-grudnia-2025-r-copie-copie-copie-copie-3\/\" \/>\n<meta property=\"og:site_name\" content=\"STM Diving\" \/>\n<meta property=\"article:publisher\" content=\"https:\/\/www.facebook.com\/people\/STM-Diving-cruises\/61566595790077\/\" \/>\n<meta property=\"article:modified_time\" content=\"2025-11-14T14:04:26+00:00\" \/>\n<meta property=\"og:image\" content=\"https:\/\/www.stm-diving.com\/wp-content\/uploads\/2025\/10\/mise-en-avant-Croisiere-sans-sold-out-7.webp\" \/>\n\t<meta property=\"og:image:width\" content=\"1000\" \/>\n\t<meta property=\"og:image:height\" content=\"1000\" \/>\n\t<meta property=\"og:image:type\" content=\"image\/webp\" \/>\n<meta name=\"twitter:card\" content=\"summary_large_image\" \/>\n<script type=\"application\/ld+json\" class=\"yoast-schema-graph\">{\"@context\":\"https:\\\/\\\/schema.org\",\"@graph\":[{\"@type\":\"WebPage\",\"@id\":\"https:\\\/\\\/www.stm-diving.com\\\/de\\\/departs\\\/wyjazd-20-grudnia-2025-r-copie-copie-copie-copie-3\\\/\",\"url\":\"https:\\\/\\\/www.stm-diving.com\\\/de\\\/departs\\\/wyjazd-20-grudnia-2025-r-copie-copie-copie-copie-3\\\/\",\"name\":\"Abflug am 24. Oktober 2026 - STM Diving\",\"isPartOf\":{\"@id\":\"https:\\\/\\\/www.stm-diving.com\\\/de\\\/#website\"},\"primaryImageOfPage\":{\"@id\":\"https:\\\/\\\/www.stm-diving.com\\\/de\\\/departs\\\/wyjazd-20-grudnia-2025-r-copie-copie-copie-copie-3\\\/#primaryimage\"},\"image\":{\"@id\":\"https:\\\/\\\/www.stm-diving.com\\\/de\\\/departs\\\/wyjazd-20-grudnia-2025-r-copie-copie-copie-copie-3\\\/#primaryimage\"},\"thumbnailUrl\":\"https:\\\/\\\/www.stm-diving.com\\\/wp-content\\\/uploads\\\/2025\\\/10\\\/mise-en-avant-Croisiere-sans-sold-out-7.webp\",\"datePublished\":\"2025-10-25T13:16:47+00:00\",\"dateModified\":\"2025-11-14T14:04:26+00:00\",\"breadcrumb\":{\"@id\":\"https:\\\/\\\/www.stm-diving.com\\\/de\\\/departs\\\/wyjazd-20-grudnia-2025-r-copie-copie-copie-copie-3\\\/#breadcrumb\"},\"inLanguage\":\"de\",\"potentialAction\":[{\"@type\":\"ReadAction\",\"target\":[\"https:\\\/\\\/www.stm-diving.com\\\/de\\\/departs\\\/wyjazd-20-grudnia-2025-r-copie-copie-copie-copie-3\\\/\"]}]},{\"@type\":\"ImageObject\",\"inLanguage\":\"de\",\"@id\":\"https:\\\/\\\/www.stm-diving.com\\\/de\\\/departs\\\/wyjazd-20-grudnia-2025-r-copie-copie-copie-copie-3\\\/#primaryimage\",\"url\":\"https:\\\/\\\/www.stm-diving.com\\\/wp-content\\\/uploads\\\/2025\\\/10\\\/mise-en-avant-Croisiere-sans-sold-out-7.webp\",\"contentUrl\":\"https:\\\/\\\/www.stm-diving.com\\\/wp-content\\\/uploads\\\/2025\\\/10\\\/mise-en-avant-Croisiere-sans-sold-out-7.webp\",\"width\":1000,\"height\":1000},{\"@type\":\"BreadcrumbList\",\"@id\":\"https:\\\/\\\/www.stm-diving.com\\\/de\\\/departs\\\/wyjazd-20-grudnia-2025-r-copie-copie-copie-copie-3\\\/#breadcrumb\",\"itemListElement\":[{\"@type\":\"ListItem\",\"position\":1,\"name\":\"Accueil\",\"item\":\"https:\\\/\\\/www.stm-diving.com\\\/de\\\/\"},{\"@type\":\"ListItem\",\"position\":2,\"name\":\"Shop\",\"item\":\"https:\\\/\\\/www.stm-diving.com\\\/de\\\/shop-2\\\/\"},{\"@type\":\"ListItem\",\"position\":3,\"name\":\"Abflug am 24. Oktober 2026\"}]},{\"@type\":\"WebSite\",\"@id\":\"https:\\\/\\\/www.stm-diving.com\\\/de\\\/#website\",\"url\":\"https:\\\/\\\/www.stm-diving.com\\\/de\\\/\",\"name\":\"STM Diving\",\"description\":\"Red Sea Diving Cruises\",\"publisher\":{\"@id\":\"https:\\\/\\\/www.stm-diving.com\\\/de\\\/#organization\"},\"potentialAction\":[{\"@type\":\"SearchAction\",\"target\":{\"@type\":\"EntryPoint\",\"urlTemplate\":\"https:\\\/\\\/www.stm-diving.com\\\/de\\\/?s={search_term_string}\"},\"query-input\":{\"@type\":\"PropertyValueSpecification\",\"valueRequired\":true,\"valueName\":\"search_term_string\"}}],\"inLanguage\":\"de\"},{\"@type\":\"Organization\",\"@id\":\"https:\\\/\\\/www.stm-diving.com\\\/de\\\/#organization\",\"name\":\"STM Tauchen\",\"url\":\"https:\\\/\\\/www.stm-diving.com\\\/de\\\/\",\"logo\":{\"@type\":\"ImageObject\",\"inLanguage\":\"de\",\"@id\":\"https:\\\/\\\/www.stm-diving.com\\\/de\\\/#\\\/schema\\\/logo\\\/image\\\/\",\"url\":\"https:\\\/\\\/coachdefilles.com\\\/STM\\\/wp-content\\\/uploads\\\/2025\\\/04\\\/cropped-stm-diving-logo-carre.webp\",\"contentUrl\":\"https:\\\/\\\/coachdefilles.com\\\/STM\\\/wp-content\\\/uploads\\\/2025\\\/04\\\/cropped-stm-diving-logo-carre.webp\",\"width\":512,\"height\":512,\"caption\":\"STM Tauchen\"},\"image\":{\"@id\":\"https:\\\/\\\/www.stm-diving.com\\\/de\\\/#\\\/schema\\\/logo\\\/image\\\/\"},\"sameAs\":[\"https:\\\/\\\/www.facebook.com\\\/people\\\/STM-Diving-cruises\\\/61566595790077\\\/\",\"https:\\\/\\\/www.instagram.com\\\/stm_diving_cruises\\\/\"]}]}<\/script>\n<!-- \/ Yoast SEO plugin. -->","yoast_head_json":{"title":"Abflug am 24. Oktober 2026 - STM Diving","robots":{"index":"index","follow":"follow","max-snippet":"max-snippet:-1","max-image-preview":"max-image-preview:large","max-video-preview":"max-video-preview:-1"},"canonical":"https:\/\/www.stm-diving.com\/de\/departs\/wyjazd-20-grudnia-2025-r-copie-copie-copie-copie-3\/","og_locale":"de_DE","og_type":"article","og_title":"Abflug am 24. Oktober 2026 - STM Diving","og_description":"Entdecken Sie die Brothers Islands, das Elphinstone Reef und Daedalus Begeben Sie sich auf ein unvergessliches Abenteuer im Roten Meer, einem der besten Tauchpl\u00e4tze der Welt! Diese Tauchkreuzfahrt f\u00fchrt Sie zu drei legend\u00e4ren Orten: die Brothers Inseln, das Elphinstone Riff und das Daedalus Riff, wo Sie spektakul\u00e4re Korallenriffe, eine au\u00dfergew\u00f6hnliche Meeresfauna und aufregende Tauchg\u00e4nge erwarten.","og_url":"https:\/\/www.stm-diving.com\/de\/departs\/wyjazd-20-grudnia-2025-r-copie-copie-copie-copie-3\/","og_site_name":"STM Diving","article_publisher":"https:\/\/www.facebook.com\/people\/STM-Diving-cruises\/61566595790077\/","article_modified_time":"2025-11-14T14:04:26+00:00","og_image":[{"width":1000,"height":1000,"url":"https:\/\/www.stm-diving.com\/wp-content\/uploads\/2025\/10\/mise-en-avant-Croisiere-sans-sold-out-7.webp","type":"image\/webp"}],"twitter_card":"summary_large_image","schema":{"@context":"https:\/\/schema.org","@graph":[{"@type":"WebPage","@id":"https:\/\/www.stm-diving.com\/de\/departs\/wyjazd-20-grudnia-2025-r-copie-copie-copie-copie-3\/","url":"https:\/\/www.stm-diving.com\/de\/departs\/wyjazd-20-grudnia-2025-r-copie-copie-copie-copie-3\/","name":"Abflug am 24. Oktober 2026 - STM Diving","isPartOf":{"@id":"https:\/\/www.stm-diving.com\/de\/#website"},"primaryImageOfPage":{"@id":"https:\/\/www.stm-diving.com\/de\/departs\/wyjazd-20-grudnia-2025-r-copie-copie-copie-copie-3\/#primaryimage"},"image":{"@id":"https:\/\/www.stm-diving.com\/de\/departs\/wyjazd-20-grudnia-2025-r-copie-copie-copie-copie-3\/#primaryimage"},"thumbnailUrl":"https:\/\/www.stm-diving.com\/wp-content\/uploads\/2025\/10\/mise-en-avant-Croisiere-sans-sold-out-7.webp","datePublished":"2025-10-25T13:16:47+00:00","dateModified":"2025-11-14T14:04:26+00:00","breadcrumb":{"@id":"https:\/\/www.stm-diving.com\/de\/departs\/wyjazd-20-grudnia-2025-r-copie-copie-copie-copie-3\/#breadcrumb"},"inLanguage":"de","potentialAction":[{"@type":"ReadAction","target":["https:\/\/www.stm-diving.com\/de\/departs\/wyjazd-20-grudnia-2025-r-copie-copie-copie-copie-3\/"]}]},{"@type":"ImageObject","inLanguage":"de","@id":"https:\/\/www.stm-diving.com\/de\/departs\/wyjazd-20-grudnia-2025-r-copie-copie-copie-copie-3\/#primaryimage","url":"https:\/\/www.stm-diving.com\/wp-content\/uploads\/2025\/10\/mise-en-avant-Croisiere-sans-sold-out-7.webp","contentUrl":"https:\/\/www.stm-diving.com\/wp-content\/uploads\/2025\/10\/mise-en-avant-Croisiere-sans-sold-out-7.webp","width":1000,"height":1000},{"@type":"BreadcrumbList","@id":"https:\/\/www.stm-diving.com\/de\/departs\/wyjazd-20-grudnia-2025-r-copie-copie-copie-copie-3\/#breadcrumb","itemListElement":[{"@type":"ListItem","position":1,"name":"Accueil","item":"https:\/\/www.stm-diving.com\/de\/"},{"@type":"ListItem","position":2,"name":"Shop","item":"https:\/\/www.stm-diving.com\/de\/shop-2\/"},{"@type":"ListItem","position":3,"name":"Abflug am 24. Oktober 2026"}]},{"@type":"WebSite","@id":"https:\/\/www.stm-diving.com\/de\/#website","url":"https:\/\/www.stm-diving.com\/de\/","name":"STM Diving","description":"Red Sea Diving Cruises","publisher":{"@id":"https:\/\/www.stm-diving.com\/de\/#organization"},"potentialAction":[{"@type":"SearchAction","target":{"@type":"EntryPoint","urlTemplate":"https:\/\/www.stm-diving.com\/de\/?s={search_term_string}"},"query-input":{"@type":"PropertyValueSpecification","valueRequired":true,"valueName":"search_term_string"}}],"inLanguage":"de"},{"@type":"Organization","@id":"https:\/\/www.stm-diving.com\/de\/#organization","name":"STM Tauchen","url":"https:\/\/www.stm-diving.com\/de\/","logo":{"@type":"ImageObject","inLanguage":"de","@id":"https:\/\/www.stm-diving.com\/de\/#\/schema\/logo\/image\/","url":"https:\/\/coachdefilles.com\/STM\/wp-content\/uploads\/2025\/04\/cropped-stm-diving-logo-carre.webp","contentUrl":"https:\/\/coachdefilles.com\/STM\/wp-content\/uploads\/2025\/04\/cropped-stm-diving-logo-carre.webp","width":512,"height":512,"caption":"STM Tauchen"},"image":{"@id":"https:\/\/www.stm-diving.com\/de\/#\/schema\/logo\/image\/"},"sameAs":["https:\/\/www.facebook.com\/people\/STM-Diving-cruises\/61566595790077\/","https:\/\/www.instagram.com\/stm_diving_cruises\/"]}]}},"_links":{"self":[{"href":"https:\/\/www.stm-diving.com\/de\/wp-json\/wp\/v2\/product\/7526","targetHints":{"allow":["GET"]}}],"collection":[{"href":"https:\/\/www.stm-diving.com\/de\/wp-json\/wp\/v2\/product"}],"about":[{"href":"https:\/\/www.stm-diving.com\/de\/wp-json\/wp\/v2\/types\/product"}],"wp:featuredmedia":[{"embeddable":true,"href":"https:\/\/www.stm-diving.com\/de\/wp-json\/wp\/v2\/media\/7554"}],"wp:attachment":[{"href":"https:\/\/www.stm-diving.com\/de\/wp-json\/wp\/v2\/media?parent=7526"}],"wp:term":[{"taxonomy":"product_brand","embeddable":true,"href":"https:\/\/www.stm-diving.com\/de\/wp-json\/wp\/v2\/product_brand?post=7526"},{"taxonomy":"product_cat","embeddable":true,"href":"https:\/\/www.stm-diving.com\/de\/wp-json\/wp\/v2\/product_cat?post=7526"},{"taxonomy":"product_tag","embeddable":true,"href":"https:\/\/www.stm-diving.com\/de\/wp-json\/wp\/v2\/product_tag?post=7526"}],"curies":[{"name":"wp","href":"https:\/\/api.w.org\/{rel}","templated":true}]}}