{"id":7544,"date":"2025-10-25T13:27:14","date_gmt":"2025-10-25T13:27:14","guid":{"rendered":"https:\/\/www.stm-diving.com\/?post_type=product&#038;p=7544"},"modified":"2025-10-26T16:22:23","modified_gmt":"2025-10-26T16:22:23","slug":"abreise-am-20-september-2025-copie-copie-copie","status":"publish","type":"product","link":"https:\/\/www.stm-diving.com\/de\/departs\/abreise-am-20-september-2025-copie-copie-copie\/","title":{"rendered":"Abflug am 31. Oktober 2026"},"content":{"rendered":"<h1 data-start=\"138\" data-end=\"185\"><strong data-start=\"138\" data-end=\"185\">Entdecken Sie den Norden &amp; die Brothers Islands<\/strong><\/h1>\n<h4 data-start=\"187\" data-end=\"642\">Begeben Sie sich auf eine au\u00dfergew\u00f6hnliche Tauchkreuzfahrt zu den sch\u00f6nsten Tauchpl\u00e4tzen im n\u00f6rdlichen Roten Meer. Auf dieser Route erkunden Sie die ber\u00fchmten <strong data-start=\"340\" data-end=\"364\">Wracks<\/strong> des Nordens wie die <strong data-start=\"387\" data-end=\"399\">Carnatic<\/strong>, <strong data-start=\"404\" data-end=\"419\">Thistlegorm<\/strong> und <strong data-start=\"426\" data-end=\"439\">Giannis D<\/strong>, bevor Sie zu den <strong data-start=\"479\" data-end=\"496\">Brothers<\/strong> Islands segeln, die f\u00fcr ihre spektakul\u00e4ren Steilw\u00e4nde und pelagischen Begegnungen mit Grau-, Lang- und Hammerhaien bekannt sind. <\/h4>\n<h4 data-start=\"644\" data-end=\"799\">Eine Reise, die <strong data-start=\"662\" data-end=\"674\">Geschichte<\/strong>, <strong data-start=\"676\" data-end=\"697\">Nervenkitzel<\/strong> und <strong data-start=\"701\" data-end=\"729\">Unterwasser-Biodiversit\u00e4t<\/strong> in einer der symboltr\u00e4chtigsten Umgebungen des Roten Meeres vereint.<\/h4>\n<p data-start=\"994\" data-end=\"1103\">\n","protected":false},"excerpt":{"rendered":"<p>Entdecken Sie den Norden &amp; die Brothers Islands Begeben Sie sich auf eine au\u00dfergew\u00f6hnliche Tauchkreuzfahrt zu den sch\u00f6nsten Tauchpl\u00e4tzen im n\u00f6rdlichen Roten Meer. Auf dieser Route erkunden Sie die ber\u00fchmten Wracks des Nordens wie die Carnatic, Thistlegorm und Giannis D, bevor Sie zu den Brothers Islands segeln, die f\u00fcr ihre spektakul\u00e4ren Steilw\u00e4nde und pelagischen Begegnungen [&hellip;]<\/p>\n","protected":false},"featured_media":7521,"template":"","meta":{"_et_pb_use_builder":"","_et_pb_old_content":"","_et_gb_content_width":""},"product_brand":[],"product_cat":[72],"product_tag":[],"class_list":{"0":"post-7544","1":"product","2":"type-product","3":"status-publish","4":"has-post-thumbnail","6":"product_cat-north-cruise-brothers-de","8":"first","9":"instock","10":"featured","11":"shipping-taxable","12":"purchasable","13":"product-type-simple"},"stm_departure_date":null,"yoast_head":"<!-- This site is optimized with the Yoast SEO plugin v27.3 - https:\/\/yoast.com\/product\/yoast-seo-wordpress\/ -->\n<title>Abflug am 31. Oktober 2026 - STM Diving<\/title>\n<meta name=\"robots\" content=\"index, follow, max-snippet:-1, max-image-preview:large, max-video-preview:-1\" \/>\n<link rel=\"canonical\" href=\"https:\/\/www.stm-diving.com\/de\/departs\/abreise-am-20-september-2025-copie-copie-copie\/\" \/>\n<meta property=\"og:locale\" content=\"de_DE\" \/>\n<meta property=\"og:type\" content=\"article\" \/>\n<meta property=\"og:title\" content=\"Abflug am 31. Oktober 2026 - STM Diving\" \/>\n<meta property=\"og:description\" content=\"Entdecken Sie den Norden &amp; die Brothers Islands Begeben Sie sich auf eine au\u00dfergew\u00f6hnliche Tauchkreuzfahrt zu den sch\u00f6nsten Tauchpl\u00e4tzen im n\u00f6rdlichen Roten Meer. Auf dieser Route erkunden Sie die ber\u00fchmten Wracks des Nordens wie die Carnatic, Thistlegorm und Giannis D, bevor Sie zu den Brothers Islands segeln, die f\u00fcr ihre spektakul\u00e4ren Steilw\u00e4nde und pelagischen Begegnungen [&hellip;]\" \/>\n<meta property=\"og:url\" content=\"https:\/\/www.stm-diving.com\/de\/departs\/abreise-am-20-september-2025-copie-copie-copie\/\" \/>\n<meta property=\"og:site_name\" content=\"STM Diving\" \/>\n<meta property=\"article:publisher\" content=\"https:\/\/www.facebook.com\/people\/STM-Diving-cruises\/61566595790077\/\" \/>\n<meta property=\"article:modified_time\" content=\"2025-10-26T16:22:23+00:00\" \/>\n<meta property=\"og:image\" content=\"https:\/\/www.stm-diving.com\/wp-content\/uploads\/2025\/10\/mise-en-avant-Croisiere-sans-sold-out-5.webp\" \/>\n\t<meta property=\"og:image:width\" content=\"1000\" \/>\n\t<meta property=\"og:image:height\" content=\"1000\" \/>\n\t<meta property=\"og:image:type\" content=\"image\/webp\" \/>\n<meta name=\"twitter:card\" content=\"summary_large_image\" \/>\n<script type=\"application\/ld+json\" class=\"yoast-schema-graph\">{\"@context\":\"https:\\\/\\\/schema.org\",\"@graph\":[{\"@type\":\"WebPage\",\"@id\":\"https:\\\/\\\/www.stm-diving.com\\\/de\\\/departs\\\/abreise-am-20-september-2025-copie-copie-copie\\\/\",\"url\":\"https:\\\/\\\/www.stm-diving.com\\\/de\\\/departs\\\/abreise-am-20-september-2025-copie-copie-copie\\\/\",\"name\":\"Abflug am 31. Oktober 2026 - STM Diving\",\"isPartOf\":{\"@id\":\"https:\\\/\\\/www.stm-diving.com\\\/de\\\/#website\"},\"primaryImageOfPage\":{\"@id\":\"https:\\\/\\\/www.stm-diving.com\\\/de\\\/departs\\\/abreise-am-20-september-2025-copie-copie-copie\\\/#primaryimage\"},\"image\":{\"@id\":\"https:\\\/\\\/www.stm-diving.com\\\/de\\\/departs\\\/abreise-am-20-september-2025-copie-copie-copie\\\/#primaryimage\"},\"thumbnailUrl\":\"https:\\\/\\\/www.stm-diving.com\\\/wp-content\\\/uploads\\\/2025\\\/10\\\/mise-en-avant-Croisiere-sans-sold-out-5.webp\",\"datePublished\":\"2025-10-25T13:27:14+00:00\",\"dateModified\":\"2025-10-26T16:22:23+00:00\",\"breadcrumb\":{\"@id\":\"https:\\\/\\\/www.stm-diving.com\\\/de\\\/departs\\\/abreise-am-20-september-2025-copie-copie-copie\\\/#breadcrumb\"},\"inLanguage\":\"de\",\"potentialAction\":[{\"@type\":\"ReadAction\",\"target\":[\"https:\\\/\\\/www.stm-diving.com\\\/de\\\/departs\\\/abreise-am-20-september-2025-copie-copie-copie\\\/\"]}]},{\"@type\":\"ImageObject\",\"inLanguage\":\"de\",\"@id\":\"https:\\\/\\\/www.stm-diving.com\\\/de\\\/departs\\\/abreise-am-20-september-2025-copie-copie-copie\\\/#primaryimage\",\"url\":\"https:\\\/\\\/www.stm-diving.com\\\/wp-content\\\/uploads\\\/2025\\\/10\\\/mise-en-avant-Croisiere-sans-sold-out-5.webp\",\"contentUrl\":\"https:\\\/\\\/www.stm-diving.com\\\/wp-content\\\/uploads\\\/2025\\\/10\\\/mise-en-avant-Croisiere-sans-sold-out-5.webp\",\"width\":1000,\"height\":1000},{\"@type\":\"BreadcrumbList\",\"@id\":\"https:\\\/\\\/www.stm-diving.com\\\/de\\\/departs\\\/abreise-am-20-september-2025-copie-copie-copie\\\/#breadcrumb\",\"itemListElement\":[{\"@type\":\"ListItem\",\"position\":1,\"name\":\"Accueil\",\"item\":\"https:\\\/\\\/www.stm-diving.com\\\/de\\\/\"},{\"@type\":\"ListItem\",\"position\":2,\"name\":\"Shop\",\"item\":\"https:\\\/\\\/www.stm-diving.com\\\/de\\\/shop-2\\\/\"},{\"@type\":\"ListItem\",\"position\":3,\"name\":\"Abflug am 31. Oktober 2026\"}]},{\"@type\":\"WebSite\",\"@id\":\"https:\\\/\\\/www.stm-diving.com\\\/de\\\/#website\",\"url\":\"https:\\\/\\\/www.stm-diving.com\\\/de\\\/\",\"name\":\"STM Diving\",\"description\":\"Red Sea Diving Cruises\",\"publisher\":{\"@id\":\"https:\\\/\\\/www.stm-diving.com\\\/de\\\/#organization\"},\"potentialAction\":[{\"@type\":\"SearchAction\",\"target\":{\"@type\":\"EntryPoint\",\"urlTemplate\":\"https:\\\/\\\/www.stm-diving.com\\\/de\\\/?s={search_term_string}\"},\"query-input\":{\"@type\":\"PropertyValueSpecification\",\"valueRequired\":true,\"valueName\":\"search_term_string\"}}],\"inLanguage\":\"de\"},{\"@type\":\"Organization\",\"@id\":\"https:\\\/\\\/www.stm-diving.com\\\/de\\\/#organization\",\"name\":\"STM Tauchen\",\"url\":\"https:\\\/\\\/www.stm-diving.com\\\/de\\\/\",\"logo\":{\"@type\":\"ImageObject\",\"inLanguage\":\"de\",\"@id\":\"https:\\\/\\\/www.stm-diving.com\\\/de\\\/#\\\/schema\\\/logo\\\/image\\\/\",\"url\":\"https:\\\/\\\/coachdefilles.com\\\/STM\\\/wp-content\\\/uploads\\\/2025\\\/04\\\/cropped-stm-diving-logo-carre.webp\",\"contentUrl\":\"https:\\\/\\\/coachdefilles.com\\\/STM\\\/wp-content\\\/uploads\\\/2025\\\/04\\\/cropped-stm-diving-logo-carre.webp\",\"width\":512,\"height\":512,\"caption\":\"STM Tauchen\"},\"image\":{\"@id\":\"https:\\\/\\\/www.stm-diving.com\\\/de\\\/#\\\/schema\\\/logo\\\/image\\\/\"},\"sameAs\":[\"https:\\\/\\\/www.facebook.com\\\/people\\\/STM-Diving-cruises\\\/61566595790077\\\/\",\"https:\\\/\\\/www.instagram.com\\\/stm_diving_cruises\\\/\"]}]}<\/script>\n<!-- \/ Yoast SEO plugin. -->","yoast_head_json":{"title":"Abflug am 31. Oktober 2026 - STM Diving","robots":{"index":"index","follow":"follow","max-snippet":"max-snippet:-1","max-image-preview":"max-image-preview:large","max-video-preview":"max-video-preview:-1"},"canonical":"https:\/\/www.stm-diving.com\/de\/departs\/abreise-am-20-september-2025-copie-copie-copie\/","og_locale":"de_DE","og_type":"article","og_title":"Abflug am 31. Oktober 2026 - STM Diving","og_description":"Entdecken Sie den Norden &amp; die Brothers Islands Begeben Sie sich auf eine au\u00dfergew\u00f6hnliche Tauchkreuzfahrt zu den sch\u00f6nsten Tauchpl\u00e4tzen im n\u00f6rdlichen Roten Meer. Auf dieser Route erkunden Sie die ber\u00fchmten Wracks des Nordens wie die Carnatic, Thistlegorm und Giannis D, bevor Sie zu den Brothers Islands segeln, die f\u00fcr ihre spektakul\u00e4ren Steilw\u00e4nde und pelagischen Begegnungen [&hellip;]","og_url":"https:\/\/www.stm-diving.com\/de\/departs\/abreise-am-20-september-2025-copie-copie-copie\/","og_site_name":"STM Diving","article_publisher":"https:\/\/www.facebook.com\/people\/STM-Diving-cruises\/61566595790077\/","article_modified_time":"2025-10-26T16:22:23+00:00","og_image":[{"width":1000,"height":1000,"url":"https:\/\/www.stm-diving.com\/wp-content\/uploads\/2025\/10\/mise-en-avant-Croisiere-sans-sold-out-5.webp","type":"image\/webp"}],"twitter_card":"summary_large_image","schema":{"@context":"https:\/\/schema.org","@graph":[{"@type":"WebPage","@id":"https:\/\/www.stm-diving.com\/de\/departs\/abreise-am-20-september-2025-copie-copie-copie\/","url":"https:\/\/www.stm-diving.com\/de\/departs\/abreise-am-20-september-2025-copie-copie-copie\/","name":"Abflug am 31. Oktober 2026 - STM Diving","isPartOf":{"@id":"https:\/\/www.stm-diving.com\/de\/#website"},"primaryImageOfPage":{"@id":"https:\/\/www.stm-diving.com\/de\/departs\/abreise-am-20-september-2025-copie-copie-copie\/#primaryimage"},"image":{"@id":"https:\/\/www.stm-diving.com\/de\/departs\/abreise-am-20-september-2025-copie-copie-copie\/#primaryimage"},"thumbnailUrl":"https:\/\/www.stm-diving.com\/wp-content\/uploads\/2025\/10\/mise-en-avant-Croisiere-sans-sold-out-5.webp","datePublished":"2025-10-25T13:27:14+00:00","dateModified":"2025-10-26T16:22:23+00:00","breadcrumb":{"@id":"https:\/\/www.stm-diving.com\/de\/departs\/abreise-am-20-september-2025-copie-copie-copie\/#breadcrumb"},"inLanguage":"de","potentialAction":[{"@type":"ReadAction","target":["https:\/\/www.stm-diving.com\/de\/departs\/abreise-am-20-september-2025-copie-copie-copie\/"]}]},{"@type":"ImageObject","inLanguage":"de","@id":"https:\/\/www.stm-diving.com\/de\/departs\/abreise-am-20-september-2025-copie-copie-copie\/#primaryimage","url":"https:\/\/www.stm-diving.com\/wp-content\/uploads\/2025\/10\/mise-en-avant-Croisiere-sans-sold-out-5.webp","contentUrl":"https:\/\/www.stm-diving.com\/wp-content\/uploads\/2025\/10\/mise-en-avant-Croisiere-sans-sold-out-5.webp","width":1000,"height":1000},{"@type":"BreadcrumbList","@id":"https:\/\/www.stm-diving.com\/de\/departs\/abreise-am-20-september-2025-copie-copie-copie\/#breadcrumb","itemListElement":[{"@type":"ListItem","position":1,"name":"Accueil","item":"https:\/\/www.stm-diving.com\/de\/"},{"@type":"ListItem","position":2,"name":"Shop","item":"https:\/\/www.stm-diving.com\/de\/shop-2\/"},{"@type":"ListItem","position":3,"name":"Abflug am 31. Oktober 2026"}]},{"@type":"WebSite","@id":"https:\/\/www.stm-diving.com\/de\/#website","url":"https:\/\/www.stm-diving.com\/de\/","name":"STM Diving","description":"Red Sea Diving Cruises","publisher":{"@id":"https:\/\/www.stm-diving.com\/de\/#organization"},"potentialAction":[{"@type":"SearchAction","target":{"@type":"EntryPoint","urlTemplate":"https:\/\/www.stm-diving.com\/de\/?s={search_term_string}"},"query-input":{"@type":"PropertyValueSpecification","valueRequired":true,"valueName":"search_term_string"}}],"inLanguage":"de"},{"@type":"Organization","@id":"https:\/\/www.stm-diving.com\/de\/#organization","name":"STM Tauchen","url":"https:\/\/www.stm-diving.com\/de\/","logo":{"@type":"ImageObject","inLanguage":"de","@id":"https:\/\/www.stm-diving.com\/de\/#\/schema\/logo\/image\/","url":"https:\/\/coachdefilles.com\/STM\/wp-content\/uploads\/2025\/04\/cropped-stm-diving-logo-carre.webp","contentUrl":"https:\/\/coachdefilles.com\/STM\/wp-content\/uploads\/2025\/04\/cropped-stm-diving-logo-carre.webp","width":512,"height":512,"caption":"STM Tauchen"},"image":{"@id":"https:\/\/www.stm-diving.com\/de\/#\/schema\/logo\/image\/"},"sameAs":["https:\/\/www.facebook.com\/people\/STM-Diving-cruises\/61566595790077\/","https:\/\/www.instagram.com\/stm_diving_cruises\/"]}]}},"_links":{"self":[{"href":"https:\/\/www.stm-diving.com\/de\/wp-json\/wp\/v2\/product\/7544","targetHints":{"allow":["GET"]}}],"collection":[{"href":"https:\/\/www.stm-diving.com\/de\/wp-json\/wp\/v2\/product"}],"about":[{"href":"https:\/\/www.stm-diving.com\/de\/wp-json\/wp\/v2\/types\/product"}],"wp:featuredmedia":[{"embeddable":true,"href":"https:\/\/www.stm-diving.com\/de\/wp-json\/wp\/v2\/media\/7521"}],"wp:attachment":[{"href":"https:\/\/www.stm-diving.com\/de\/wp-json\/wp\/v2\/media?parent=7544"}],"wp:term":[{"taxonomy":"product_brand","embeddable":true,"href":"https:\/\/www.stm-diving.com\/de\/wp-json\/wp\/v2\/product_brand?post=7544"},{"taxonomy":"product_cat","embeddable":true,"href":"https:\/\/www.stm-diving.com\/de\/wp-json\/wp\/v2\/product_cat?post=7544"},{"taxonomy":"product_tag","embeddable":true,"href":"https:\/\/www.stm-diving.com\/de\/wp-json\/wp\/v2\/product_tag?post=7544"}],"curies":[{"name":"wp","href":"https:\/\/api.w.org\/{rel}","templated":true}]}}