{"id":7574,"date":"2025-10-25T13:39:59","date_gmt":"2025-10-25T13:39:59","guid":{"rendered":"https:\/\/www.stm-diving.com\/?post_type=product&#038;p=7574"},"modified":"2025-10-25T14:28:00","modified_gmt":"2025-10-25T14:28:00","slug":"wyjazd-20-grudnia-2025-r-copie-copie-copie-copie-copie","status":"publish","type":"product","link":"https:\/\/www.stm-diving.com\/de\/departs\/wyjazd-20-grudnia-2025-r-copie-copie-copie-copie-copie\/","title":{"rendered":"Abfahrt am 5. Dezember 2026 Special Wrecks"},"content":{"rendered":"<h1 data-start=\"175\" data-end=\"266\"><strong data-start=\"175\" data-end=\"266\">Special Wrecks - Entdecken Sie die legend\u00e4ren Wracks und Steilw\u00e4nde von Ras Mohammed<\/strong><\/h1>\n<h4 data-start=\"268\" data-end=\"593\">Begeben Sie sich auf eine Tauchkreuzfahrt <strong data-start=\"305\" data-end=\"389\">zu den legend\u00e4ren Wracks im n\u00f6rdlichen Roten Meer<\/strong>. Auf dieser Route werden Sie drei Ikonen der Seefahrtsgeschichte entdecken: die <strong data-start=\"468\" data-end=\"480\">Carnatic<\/strong>, die <strong data-start=\"485\" data-end=\"500\">Thistlegorm<\/strong> und die <strong data-start=\"507\" data-end=\"520\">Giannis D<\/strong>. Sie sind wahre Unterwassermuseen mit einer bemerkenswerten Artenvielfalt.<\/h4>\n<h4 data-start=\"595\" data-end=\"810\">Sie werden auch an den spektakul\u00e4ren Steilw\u00e4nden des <strong data-start=\"672\" data-end=\"688\">Ras Mohammed<\/strong> Nationalparks tauchen, die f\u00fcr ihr reiches Riffleben, ihre Str\u00f6mungen und die M\u00f6glichkeit, gro\u00dfe Pelagialfische zu beobachten, bekannt sind.<\/h4>\n<h4 data-start=\"812\" data-end=\"958\">Eine Reise, die <strong data-start=\"832\" data-end=\"844\">Geschichte<\/strong>, <strong data-start=\"846\" data-end=\"858\">Abenteuer<\/strong> und <strong data-start=\"862\" data-end=\"905\">au\u00dfergew\u00f6hnliche Unterwasserbegegnungen<\/strong> in einer der sch\u00f6nsten Wasserlandschaften der Welt verbindet.<\/h4>\n","protected":false},"excerpt":{"rendered":"<p>Special Wrecks - Entdecken Sie die legend\u00e4ren Wracks und Steilw\u00e4nde von Ras Mohammed Begeben Sie sich auf eine Tauchkreuzfahrt zu den legend\u00e4ren Wracks im n\u00f6rdlichen Roten Meer. Auf dieser Route werden Sie drei Ikonen der Seefahrtsgeschichte entdecken: die Carnatic, die Thistlegorm und die Giannis D. Sie sind wahre Unterwassermuseen mit einer bemerkenswerten Artenvielfalt. Sie werden [&hellip;]<\/p>\n","protected":false},"featured_media":7533,"template":"","meta":{"_et_pb_use_builder":"","_et_pb_old_content":"","_et_gb_content_width":""},"product_brand":[],"product_cat":[75],"product_tag":[],"class_list":{"0":"post-7574","1":"product","2":"type-product","3":"status-publish","4":"has-post-thumbnail","6":"product_cat-nordkreuzfahrt","8":"first","9":"instock","10":"shipping-taxable","11":"purchasable","12":"product-type-simple"},"stm_departure_date":null,"yoast_head":"<!-- This site is optimized with the Yoast SEO plugin v27.3 - https:\/\/yoast.com\/product\/yoast-seo-wordpress\/ -->\n<title>Abfahrt am 5. Dezember 2026 Special Wrecks - STM Diving<\/title>\n<meta name=\"robots\" content=\"index, follow, max-snippet:-1, max-image-preview:large, max-video-preview:-1\" \/>\n<link rel=\"canonical\" href=\"https:\/\/www.stm-diving.com\/de\/departs\/wyjazd-20-grudnia-2025-r-copie-copie-copie-copie-copie\/\" \/>\n<meta property=\"og:locale\" content=\"de_DE\" \/>\n<meta property=\"og:type\" content=\"article\" \/>\n<meta property=\"og:title\" content=\"Abfahrt am 5. Dezember 2026 Special Wrecks - STM Diving\" \/>\n<meta property=\"og:description\" content=\"Special Wrecks - Entdecken Sie die legend\u00e4ren Wracks und Steilw\u00e4nde von Ras Mohammed Begeben Sie sich auf eine Tauchkreuzfahrt zu den legend\u00e4ren Wracks im n\u00f6rdlichen Roten Meer. Auf dieser Route werden Sie drei Ikonen der Seefahrtsgeschichte entdecken: die Carnatic, die Thistlegorm und die Giannis D. Sie sind wahre Unterwassermuseen mit einer bemerkenswerten Artenvielfalt. Sie werden [&hellip;]\" \/>\n<meta property=\"og:url\" content=\"https:\/\/www.stm-diving.com\/de\/departs\/wyjazd-20-grudnia-2025-r-copie-copie-copie-copie-copie\/\" \/>\n<meta property=\"og:site_name\" content=\"STM Diving\" \/>\n<meta property=\"article:publisher\" content=\"https:\/\/www.facebook.com\/people\/STM-Diving-cruises\/61566595790077\/\" \/>\n<meta property=\"article:modified_time\" content=\"2025-10-25T14:28:00+00:00\" \/>\n<meta property=\"og:image\" content=\"https:\/\/www.stm-diving.com\/wp-content\/uploads\/2025\/10\/mise-en-avant-Croisiere-sans-sold-out-6.webp\" \/>\n\t<meta property=\"og:image:width\" content=\"1000\" \/>\n\t<meta property=\"og:image:height\" content=\"1000\" \/>\n\t<meta property=\"og:image:type\" content=\"image\/webp\" \/>\n<meta name=\"twitter:card\" content=\"summary_large_image\" \/>\n<meta name=\"twitter:label1\" content=\"Gesch\u00e4tzte Lesezeit\" \/>\n\t<meta name=\"twitter:data1\" content=\"1\u00a0Minute\" \/>\n<script type=\"application\/ld+json\" class=\"yoast-schema-graph\">{\"@context\":\"https:\\\/\\\/schema.org\",\"@graph\":[{\"@type\":\"WebPage\",\"@id\":\"https:\\\/\\\/www.stm-diving.com\\\/de\\\/departs\\\/wyjazd-20-grudnia-2025-r-copie-copie-copie-copie-copie\\\/\",\"url\":\"https:\\\/\\\/www.stm-diving.com\\\/de\\\/departs\\\/wyjazd-20-grudnia-2025-r-copie-copie-copie-copie-copie\\\/\",\"name\":\"Abfahrt am 5. Dezember 2026 Special Wrecks - STM Diving\",\"isPartOf\":{\"@id\":\"https:\\\/\\\/www.stm-diving.com\\\/de\\\/#website\"},\"primaryImageOfPage\":{\"@id\":\"https:\\\/\\\/www.stm-diving.com\\\/de\\\/departs\\\/wyjazd-20-grudnia-2025-r-copie-copie-copie-copie-copie\\\/#primaryimage\"},\"image\":{\"@id\":\"https:\\\/\\\/www.stm-diving.com\\\/de\\\/departs\\\/wyjazd-20-grudnia-2025-r-copie-copie-copie-copie-copie\\\/#primaryimage\"},\"thumbnailUrl\":\"https:\\\/\\\/www.stm-diving.com\\\/wp-content\\\/uploads\\\/2025\\\/10\\\/mise-en-avant-Croisiere-sans-sold-out-6.webp\",\"datePublished\":\"2025-10-25T13:39:59+00:00\",\"dateModified\":\"2025-10-25T14:28:00+00:00\",\"breadcrumb\":{\"@id\":\"https:\\\/\\\/www.stm-diving.com\\\/de\\\/departs\\\/wyjazd-20-grudnia-2025-r-copie-copie-copie-copie-copie\\\/#breadcrumb\"},\"inLanguage\":\"de\",\"potentialAction\":[{\"@type\":\"ReadAction\",\"target\":[\"https:\\\/\\\/www.stm-diving.com\\\/de\\\/departs\\\/wyjazd-20-grudnia-2025-r-copie-copie-copie-copie-copie\\\/\"]}]},{\"@type\":\"ImageObject\",\"inLanguage\":\"de\",\"@id\":\"https:\\\/\\\/www.stm-diving.com\\\/de\\\/departs\\\/wyjazd-20-grudnia-2025-r-copie-copie-copie-copie-copie\\\/#primaryimage\",\"url\":\"https:\\\/\\\/www.stm-diving.com\\\/wp-content\\\/uploads\\\/2025\\\/10\\\/mise-en-avant-Croisiere-sans-sold-out-6.webp\",\"contentUrl\":\"https:\\\/\\\/www.stm-diving.com\\\/wp-content\\\/uploads\\\/2025\\\/10\\\/mise-en-avant-Croisiere-sans-sold-out-6.webp\",\"width\":1000,\"height\":1000},{\"@type\":\"BreadcrumbList\",\"@id\":\"https:\\\/\\\/www.stm-diving.com\\\/de\\\/departs\\\/wyjazd-20-grudnia-2025-r-copie-copie-copie-copie-copie\\\/#breadcrumb\",\"itemListElement\":[{\"@type\":\"ListItem\",\"position\":1,\"name\":\"Accueil\",\"item\":\"https:\\\/\\\/www.stm-diving.com\\\/de\\\/\"},{\"@type\":\"ListItem\",\"position\":2,\"name\":\"Shop\",\"item\":\"https:\\\/\\\/www.stm-diving.com\\\/de\\\/shop-2\\\/\"},{\"@type\":\"ListItem\",\"position\":3,\"name\":\"Abfahrt am 5. Dezember 2026 Special Wrecks\"}]},{\"@type\":\"WebSite\",\"@id\":\"https:\\\/\\\/www.stm-diving.com\\\/de\\\/#website\",\"url\":\"https:\\\/\\\/www.stm-diving.com\\\/de\\\/\",\"name\":\"STM Diving\",\"description\":\"Red Sea Diving Cruises\",\"publisher\":{\"@id\":\"https:\\\/\\\/www.stm-diving.com\\\/de\\\/#organization\"},\"potentialAction\":[{\"@type\":\"SearchAction\",\"target\":{\"@type\":\"EntryPoint\",\"urlTemplate\":\"https:\\\/\\\/www.stm-diving.com\\\/de\\\/?s={search_term_string}\"},\"query-input\":{\"@type\":\"PropertyValueSpecification\",\"valueRequired\":true,\"valueName\":\"search_term_string\"}}],\"inLanguage\":\"de\"},{\"@type\":\"Organization\",\"@id\":\"https:\\\/\\\/www.stm-diving.com\\\/de\\\/#organization\",\"name\":\"STM Tauchen\",\"url\":\"https:\\\/\\\/www.stm-diving.com\\\/de\\\/\",\"logo\":{\"@type\":\"ImageObject\",\"inLanguage\":\"de\",\"@id\":\"https:\\\/\\\/www.stm-diving.com\\\/de\\\/#\\\/schema\\\/logo\\\/image\\\/\",\"url\":\"https:\\\/\\\/coachdefilles.com\\\/STM\\\/wp-content\\\/uploads\\\/2025\\\/04\\\/cropped-stm-diving-logo-carre.webp\",\"contentUrl\":\"https:\\\/\\\/coachdefilles.com\\\/STM\\\/wp-content\\\/uploads\\\/2025\\\/04\\\/cropped-stm-diving-logo-carre.webp\",\"width\":512,\"height\":512,\"caption\":\"STM Tauchen\"},\"image\":{\"@id\":\"https:\\\/\\\/www.stm-diving.com\\\/de\\\/#\\\/schema\\\/logo\\\/image\\\/\"},\"sameAs\":[\"https:\\\/\\\/www.facebook.com\\\/people\\\/STM-Diving-cruises\\\/61566595790077\\\/\",\"https:\\\/\\\/www.instagram.com\\\/stm_diving_cruises\\\/\"]}]}<\/script>\n<!-- \/ Yoast SEO plugin. -->","yoast_head_json":{"title":"Abfahrt am 5. Dezember 2026 Special Wrecks - STM Diving","robots":{"index":"index","follow":"follow","max-snippet":"max-snippet:-1","max-image-preview":"max-image-preview:large","max-video-preview":"max-video-preview:-1"},"canonical":"https:\/\/www.stm-diving.com\/de\/departs\/wyjazd-20-grudnia-2025-r-copie-copie-copie-copie-copie\/","og_locale":"de_DE","og_type":"article","og_title":"Abfahrt am 5. Dezember 2026 Special Wrecks - STM Diving","og_description":"Special Wrecks - Entdecken Sie die legend\u00e4ren Wracks und Steilw\u00e4nde von Ras Mohammed Begeben Sie sich auf eine Tauchkreuzfahrt zu den legend\u00e4ren Wracks im n\u00f6rdlichen Roten Meer. Auf dieser Route werden Sie drei Ikonen der Seefahrtsgeschichte entdecken: die Carnatic, die Thistlegorm und die Giannis D. Sie sind wahre Unterwassermuseen mit einer bemerkenswerten Artenvielfalt. Sie werden [&hellip;]","og_url":"https:\/\/www.stm-diving.com\/de\/departs\/wyjazd-20-grudnia-2025-r-copie-copie-copie-copie-copie\/","og_site_name":"STM Diving","article_publisher":"https:\/\/www.facebook.com\/people\/STM-Diving-cruises\/61566595790077\/","article_modified_time":"2025-10-25T14:28:00+00:00","og_image":[{"width":1000,"height":1000,"url":"https:\/\/www.stm-diving.com\/wp-content\/uploads\/2025\/10\/mise-en-avant-Croisiere-sans-sold-out-6.webp","type":"image\/webp"}],"twitter_card":"summary_large_image","twitter_misc":{"Gesch\u00e4tzte Lesezeit":"1\u00a0Minute"},"schema":{"@context":"https:\/\/schema.org","@graph":[{"@type":"WebPage","@id":"https:\/\/www.stm-diving.com\/de\/departs\/wyjazd-20-grudnia-2025-r-copie-copie-copie-copie-copie\/","url":"https:\/\/www.stm-diving.com\/de\/departs\/wyjazd-20-grudnia-2025-r-copie-copie-copie-copie-copie\/","name":"Abfahrt am 5. Dezember 2026 Special Wrecks - STM Diving","isPartOf":{"@id":"https:\/\/www.stm-diving.com\/de\/#website"},"primaryImageOfPage":{"@id":"https:\/\/www.stm-diving.com\/de\/departs\/wyjazd-20-grudnia-2025-r-copie-copie-copie-copie-copie\/#primaryimage"},"image":{"@id":"https:\/\/www.stm-diving.com\/de\/departs\/wyjazd-20-grudnia-2025-r-copie-copie-copie-copie-copie\/#primaryimage"},"thumbnailUrl":"https:\/\/www.stm-diving.com\/wp-content\/uploads\/2025\/10\/mise-en-avant-Croisiere-sans-sold-out-6.webp","datePublished":"2025-10-25T13:39:59+00:00","dateModified":"2025-10-25T14:28:00+00:00","breadcrumb":{"@id":"https:\/\/www.stm-diving.com\/de\/departs\/wyjazd-20-grudnia-2025-r-copie-copie-copie-copie-copie\/#breadcrumb"},"inLanguage":"de","potentialAction":[{"@type":"ReadAction","target":["https:\/\/www.stm-diving.com\/de\/departs\/wyjazd-20-grudnia-2025-r-copie-copie-copie-copie-copie\/"]}]},{"@type":"ImageObject","inLanguage":"de","@id":"https:\/\/www.stm-diving.com\/de\/departs\/wyjazd-20-grudnia-2025-r-copie-copie-copie-copie-copie\/#primaryimage","url":"https:\/\/www.stm-diving.com\/wp-content\/uploads\/2025\/10\/mise-en-avant-Croisiere-sans-sold-out-6.webp","contentUrl":"https:\/\/www.stm-diving.com\/wp-content\/uploads\/2025\/10\/mise-en-avant-Croisiere-sans-sold-out-6.webp","width":1000,"height":1000},{"@type":"BreadcrumbList","@id":"https:\/\/www.stm-diving.com\/de\/departs\/wyjazd-20-grudnia-2025-r-copie-copie-copie-copie-copie\/#breadcrumb","itemListElement":[{"@type":"ListItem","position":1,"name":"Accueil","item":"https:\/\/www.stm-diving.com\/de\/"},{"@type":"ListItem","position":2,"name":"Shop","item":"https:\/\/www.stm-diving.com\/de\/shop-2\/"},{"@type":"ListItem","position":3,"name":"Abfahrt am 5. Dezember 2026 Special Wrecks"}]},{"@type":"WebSite","@id":"https:\/\/www.stm-diving.com\/de\/#website","url":"https:\/\/www.stm-diving.com\/de\/","name":"STM Diving","description":"Red Sea Diving Cruises","publisher":{"@id":"https:\/\/www.stm-diving.com\/de\/#organization"},"potentialAction":[{"@type":"SearchAction","target":{"@type":"EntryPoint","urlTemplate":"https:\/\/www.stm-diving.com\/de\/?s={search_term_string}"},"query-input":{"@type":"PropertyValueSpecification","valueRequired":true,"valueName":"search_term_string"}}],"inLanguage":"de"},{"@type":"Organization","@id":"https:\/\/www.stm-diving.com\/de\/#organization","name":"STM Tauchen","url":"https:\/\/www.stm-diving.com\/de\/","logo":{"@type":"ImageObject","inLanguage":"de","@id":"https:\/\/www.stm-diving.com\/de\/#\/schema\/logo\/image\/","url":"https:\/\/coachdefilles.com\/STM\/wp-content\/uploads\/2025\/04\/cropped-stm-diving-logo-carre.webp","contentUrl":"https:\/\/coachdefilles.com\/STM\/wp-content\/uploads\/2025\/04\/cropped-stm-diving-logo-carre.webp","width":512,"height":512,"caption":"STM Tauchen"},"image":{"@id":"https:\/\/www.stm-diving.com\/de\/#\/schema\/logo\/image\/"},"sameAs":["https:\/\/www.facebook.com\/people\/STM-Diving-cruises\/61566595790077\/","https:\/\/www.instagram.com\/stm_diving_cruises\/"]}]}},"_links":{"self":[{"href":"https:\/\/www.stm-diving.com\/de\/wp-json\/wp\/v2\/product\/7574","targetHints":{"allow":["GET"]}}],"collection":[{"href":"https:\/\/www.stm-diving.com\/de\/wp-json\/wp\/v2\/product"}],"about":[{"href":"https:\/\/www.stm-diving.com\/de\/wp-json\/wp\/v2\/types\/product"}],"wp:featuredmedia":[{"embeddable":true,"href":"https:\/\/www.stm-diving.com\/de\/wp-json\/wp\/v2\/media\/7533"}],"wp:attachment":[{"href":"https:\/\/www.stm-diving.com\/de\/wp-json\/wp\/v2\/media?parent=7574"}],"wp:term":[{"taxonomy":"product_brand","embeddable":true,"href":"https:\/\/www.stm-diving.com\/de\/wp-json\/wp\/v2\/product_brand?post=7574"},{"taxonomy":"product_cat","embeddable":true,"href":"https:\/\/www.stm-diving.com\/de\/wp-json\/wp\/v2\/product_cat?post=7574"},{"taxonomy":"product_tag","embeddable":true,"href":"https:\/\/www.stm-diving.com\/de\/wp-json\/wp\/v2\/product_tag?post=7574"}],"curies":[{"name":"wp","href":"https:\/\/api.w.org\/{rel}","templated":true}]}}