{"id":9794,"date":"2026-02-23T21:11:25","date_gmt":"2026-02-23T21:11:25","guid":{"rendered":"https:\/\/www.stm-diving.com\/?post_type=product&#038;p=9794"},"modified":"2026-03-25T09:56:43","modified_gmt":"2026-03-25T09:56:43","slug":"abflug-am-18-april-2026-copie","status":"publish","type":"product","link":"https:\/\/www.stm-diving.com\/de\/departs\/abflug-am-18-april-2026-copie\/","title":{"rendered":"Abreise am 25. April 2026"},"content":{"rendered":"<h1 data-start=\"90\" data-end=\"164\"><strong data-start=\"90\" data-end=\"164\">Entdecken Sie die legend\u00e4ren Schiffswracks und Steilw\u00e4nde von Ras Mohammed<\/strong><\/h1>\n<h4 data-start=\"166\" data-end=\"575\">Begeben Sie sich auf eine au\u00dfergew\u00f6hnliche Tauchkreuzfahrt zu den legend\u00e4ren Tauchpl\u00e4tzen im n\u00f6rdlichen Roten Meer. Diese Route f\u00fchrt Sie zu den Wracks der <strong data-start=\"328\" data-end=\"340\">Carnatic<\/strong>, der <strong data-start=\"345\" data-end=\"360\">Thistlegorm<\/strong> und der <strong data-start=\"367\" data-end=\"380\">Giannis D<\/strong> sowie zu den spektakul\u00e4ren Steilw\u00e4nden des <strong data-start=\"440\" data-end=\"456\">Ras Mohammed<\/strong> Nationalparks. Eine Reise, die Geschichte, Abenteuer und Unterwasser-Biodiversit\u00e4t in einer der sch\u00f6nsten Wasserlandschaften der Welt vereint.  <\/h4>\n<h4 data-start=\"577\" data-end=\"783\"><\/h4>\n<p data-start=\"785\" data-end=\"894\">\n","protected":false},"excerpt":{"rendered":"<p>Entdecken Sie die legend\u00e4ren Schiffswracks und Steilw\u00e4nde von Ras Mohammed Begeben Sie sich auf eine au\u00dfergew\u00f6hnliche Tauchkreuzfahrt zu den legend\u00e4ren Tauchpl\u00e4tzen im n\u00f6rdlichen Roten Meer. Diese Route f\u00fchrt Sie zu den Wracks der Carnatic, der Thistlegorm und der Giannis D sowie zu den spektakul\u00e4ren Steilw\u00e4nden des Ras Mohammed Nationalparks. Eine Reise, die Geschichte, Abenteuer und [&hellip;]<\/p>\n","protected":false},"featured_media":7569,"template":"","meta":{"_et_pb_use_builder":"","_et_pb_old_content":"","_et_gb_content_width":""},"product_brand":[],"product_cat":[72],"product_tag":[],"class_list":{"0":"post-9794","1":"product","2":"type-product","3":"status-publish","4":"has-post-thumbnail","6":"product_cat-north-cruise-brothers-de","8":"first","9":"instock","10":"featured","11":"shipping-taxable","12":"purchasable","13":"product-type-simple"},"stm_departure_date":null,"yoast_head":"<!-- This site is optimized with the Yoast SEO plugin v27.3 - https:\/\/yoast.com\/product\/yoast-seo-wordpress\/ -->\n<title>Abreise am 25. April 2026 - STM Diving<\/title>\n<meta name=\"robots\" content=\"index, follow, max-snippet:-1, max-image-preview:large, max-video-preview:-1\" \/>\n<link rel=\"canonical\" href=\"https:\/\/www.stm-diving.com\/de\/departs\/abflug-am-18-april-2026-copie\/\" \/>\n<meta property=\"og:locale\" content=\"de_DE\" \/>\n<meta property=\"og:type\" content=\"article\" \/>\n<meta property=\"og:title\" content=\"Abreise am 25. April 2026 - STM Diving\" \/>\n<meta property=\"og:description\" content=\"Entdecken Sie die legend\u00e4ren Schiffswracks und Steilw\u00e4nde von Ras Mohammed Begeben Sie sich auf eine au\u00dfergew\u00f6hnliche Tauchkreuzfahrt zu den legend\u00e4ren Tauchpl\u00e4tzen im n\u00f6rdlichen Roten Meer. Diese Route f\u00fchrt Sie zu den Wracks der Carnatic, der Thistlegorm und der Giannis D sowie zu den spektakul\u00e4ren Steilw\u00e4nden des Ras Mohammed Nationalparks. Eine Reise, die Geschichte, Abenteuer und [&hellip;]\" \/>\n<meta property=\"og:url\" content=\"https:\/\/www.stm-diving.com\/de\/departs\/abflug-am-18-april-2026-copie\/\" \/>\n<meta property=\"og:site_name\" content=\"STM Diving\" \/>\n<meta property=\"article:publisher\" content=\"https:\/\/www.facebook.com\/people\/STM-Diving-cruises\/61566595790077\/\" \/>\n<meta property=\"article:modified_time\" content=\"2026-03-25T09:56:43+00:00\" \/>\n<meta property=\"og:image\" content=\"https:\/\/www.stm-diving.com\/wp-content\/uploads\/2025\/10\/mise-en-avant-Croisiere-sans-sold-out-8.webp\" \/>\n\t<meta property=\"og:image:width\" content=\"1000\" \/>\n\t<meta property=\"og:image:height\" content=\"1000\" \/>\n\t<meta property=\"og:image:type\" content=\"image\/webp\" \/>\n<meta name=\"twitter:card\" content=\"summary_large_image\" \/>\n<script type=\"application\/ld+json\" class=\"yoast-schema-graph\">{\"@context\":\"https:\\\/\\\/schema.org\",\"@graph\":[{\"@type\":\"WebPage\",\"@id\":\"https:\\\/\\\/www.stm-diving.com\\\/de\\\/departs\\\/abflug-am-18-april-2026-copie\\\/\",\"url\":\"https:\\\/\\\/www.stm-diving.com\\\/de\\\/departs\\\/abflug-am-18-april-2026-copie\\\/\",\"name\":\"Abreise am 25. April 2026 - STM Diving\",\"isPartOf\":{\"@id\":\"https:\\\/\\\/www.stm-diving.com\\\/de\\\/#website\"},\"primaryImageOfPage\":{\"@id\":\"https:\\\/\\\/www.stm-diving.com\\\/de\\\/departs\\\/abflug-am-18-april-2026-copie\\\/#primaryimage\"},\"image\":{\"@id\":\"https:\\\/\\\/www.stm-diving.com\\\/de\\\/departs\\\/abflug-am-18-april-2026-copie\\\/#primaryimage\"},\"thumbnailUrl\":\"https:\\\/\\\/www.stm-diving.com\\\/wp-content\\\/uploads\\\/2025\\\/10\\\/mise-en-avant-Croisiere-sans-sold-out-8.webp\",\"datePublished\":\"2026-02-23T21:11:25+00:00\",\"dateModified\":\"2026-03-25T09:56:43+00:00\",\"breadcrumb\":{\"@id\":\"https:\\\/\\\/www.stm-diving.com\\\/de\\\/departs\\\/abflug-am-18-april-2026-copie\\\/#breadcrumb\"},\"inLanguage\":\"de\",\"potentialAction\":[{\"@type\":\"ReadAction\",\"target\":[\"https:\\\/\\\/www.stm-diving.com\\\/de\\\/departs\\\/abflug-am-18-april-2026-copie\\\/\"]}]},{\"@type\":\"ImageObject\",\"inLanguage\":\"de\",\"@id\":\"https:\\\/\\\/www.stm-diving.com\\\/de\\\/departs\\\/abflug-am-18-april-2026-copie\\\/#primaryimage\",\"url\":\"https:\\\/\\\/www.stm-diving.com\\\/wp-content\\\/uploads\\\/2025\\\/10\\\/mise-en-avant-Croisiere-sans-sold-out-8.webp\",\"contentUrl\":\"https:\\\/\\\/www.stm-diving.com\\\/wp-content\\\/uploads\\\/2025\\\/10\\\/mise-en-avant-Croisiere-sans-sold-out-8.webp\",\"width\":1000,\"height\":1000},{\"@type\":\"BreadcrumbList\",\"@id\":\"https:\\\/\\\/www.stm-diving.com\\\/de\\\/departs\\\/abflug-am-18-april-2026-copie\\\/#breadcrumb\",\"itemListElement\":[{\"@type\":\"ListItem\",\"position\":1,\"name\":\"Accueil\",\"item\":\"https:\\\/\\\/www.stm-diving.com\\\/de\\\/\"},{\"@type\":\"ListItem\",\"position\":2,\"name\":\"Shop\",\"item\":\"https:\\\/\\\/www.stm-diving.com\\\/de\\\/shop-2\\\/\"},{\"@type\":\"ListItem\",\"position\":3,\"name\":\"Abreise am 25. April 2026\"}]},{\"@type\":\"WebSite\",\"@id\":\"https:\\\/\\\/www.stm-diving.com\\\/de\\\/#website\",\"url\":\"https:\\\/\\\/www.stm-diving.com\\\/de\\\/\",\"name\":\"STM Diving\",\"description\":\"Red Sea Diving Cruises\",\"publisher\":{\"@id\":\"https:\\\/\\\/www.stm-diving.com\\\/de\\\/#organization\"},\"potentialAction\":[{\"@type\":\"SearchAction\",\"target\":{\"@type\":\"EntryPoint\",\"urlTemplate\":\"https:\\\/\\\/www.stm-diving.com\\\/de\\\/?s={search_term_string}\"},\"query-input\":{\"@type\":\"PropertyValueSpecification\",\"valueRequired\":true,\"valueName\":\"search_term_string\"}}],\"inLanguage\":\"de\"},{\"@type\":\"Organization\",\"@id\":\"https:\\\/\\\/www.stm-diving.com\\\/de\\\/#organization\",\"name\":\"STM Diving\",\"url\":\"https:\\\/\\\/www.stm-diving.com\\\/de\\\/\",\"logo\":{\"@type\":\"ImageObject\",\"inLanguage\":\"de\",\"@id\":\"https:\\\/\\\/www.stm-diving.com\\\/de\\\/#\\\/schema\\\/logo\\\/image\\\/\",\"url\":\"https:\\\/\\\/coachdefilles.com\\\/STM\\\/wp-content\\\/uploads\\\/2025\\\/04\\\/cropped-stm-diving-logo-carre.webp\",\"contentUrl\":\"https:\\\/\\\/coachdefilles.com\\\/STM\\\/wp-content\\\/uploads\\\/2025\\\/04\\\/cropped-stm-diving-logo-carre.webp\",\"width\":512,\"height\":512,\"caption\":\"STM Diving\"},\"image\":{\"@id\":\"https:\\\/\\\/www.stm-diving.com\\\/de\\\/#\\\/schema\\\/logo\\\/image\\\/\"},\"sameAs\":[\"https:\\\/\\\/www.facebook.com\\\/people\\\/STM-Diving-cruises\\\/61566595790077\\\/\",\"https:\\\/\\\/www.instagram.com\\\/stm_diving_cruises\\\/\"]}]}<\/script>\n<!-- \/ Yoast SEO plugin. -->","yoast_head_json":{"title":"Abreise am 25. April 2026 - STM Diving","robots":{"index":"index","follow":"follow","max-snippet":"max-snippet:-1","max-image-preview":"max-image-preview:large","max-video-preview":"max-video-preview:-1"},"canonical":"https:\/\/www.stm-diving.com\/de\/departs\/abflug-am-18-april-2026-copie\/","og_locale":"de_DE","og_type":"article","og_title":"Abreise am 25. April 2026 - STM Diving","og_description":"Entdecken Sie die legend\u00e4ren Schiffswracks und Steilw\u00e4nde von Ras Mohammed Begeben Sie sich auf eine au\u00dfergew\u00f6hnliche Tauchkreuzfahrt zu den legend\u00e4ren Tauchpl\u00e4tzen im n\u00f6rdlichen Roten Meer. Diese Route f\u00fchrt Sie zu den Wracks der Carnatic, der Thistlegorm und der Giannis D sowie zu den spektakul\u00e4ren Steilw\u00e4nden des Ras Mohammed Nationalparks. Eine Reise, die Geschichte, Abenteuer und [&hellip;]","og_url":"https:\/\/www.stm-diving.com\/de\/departs\/abflug-am-18-april-2026-copie\/","og_site_name":"STM Diving","article_publisher":"https:\/\/www.facebook.com\/people\/STM-Diving-cruises\/61566595790077\/","article_modified_time":"2026-03-25T09:56:43+00:00","og_image":[{"width":1000,"height":1000,"url":"https:\/\/www.stm-diving.com\/wp-content\/uploads\/2025\/10\/mise-en-avant-Croisiere-sans-sold-out-8.webp","type":"image\/webp"}],"twitter_card":"summary_large_image","schema":{"@context":"https:\/\/schema.org","@graph":[{"@type":"WebPage","@id":"https:\/\/www.stm-diving.com\/de\/departs\/abflug-am-18-april-2026-copie\/","url":"https:\/\/www.stm-diving.com\/de\/departs\/abflug-am-18-april-2026-copie\/","name":"Abreise am 25. April 2026 - STM Diving","isPartOf":{"@id":"https:\/\/www.stm-diving.com\/de\/#website"},"primaryImageOfPage":{"@id":"https:\/\/www.stm-diving.com\/de\/departs\/abflug-am-18-april-2026-copie\/#primaryimage"},"image":{"@id":"https:\/\/www.stm-diving.com\/de\/departs\/abflug-am-18-april-2026-copie\/#primaryimage"},"thumbnailUrl":"https:\/\/www.stm-diving.com\/wp-content\/uploads\/2025\/10\/mise-en-avant-Croisiere-sans-sold-out-8.webp","datePublished":"2026-02-23T21:11:25+00:00","dateModified":"2026-03-25T09:56:43+00:00","breadcrumb":{"@id":"https:\/\/www.stm-diving.com\/de\/departs\/abflug-am-18-april-2026-copie\/#breadcrumb"},"inLanguage":"de","potentialAction":[{"@type":"ReadAction","target":["https:\/\/www.stm-diving.com\/de\/departs\/abflug-am-18-april-2026-copie\/"]}]},{"@type":"ImageObject","inLanguage":"de","@id":"https:\/\/www.stm-diving.com\/de\/departs\/abflug-am-18-april-2026-copie\/#primaryimage","url":"https:\/\/www.stm-diving.com\/wp-content\/uploads\/2025\/10\/mise-en-avant-Croisiere-sans-sold-out-8.webp","contentUrl":"https:\/\/www.stm-diving.com\/wp-content\/uploads\/2025\/10\/mise-en-avant-Croisiere-sans-sold-out-8.webp","width":1000,"height":1000},{"@type":"BreadcrumbList","@id":"https:\/\/www.stm-diving.com\/de\/departs\/abflug-am-18-april-2026-copie\/#breadcrumb","itemListElement":[{"@type":"ListItem","position":1,"name":"Accueil","item":"https:\/\/www.stm-diving.com\/de\/"},{"@type":"ListItem","position":2,"name":"Shop","item":"https:\/\/www.stm-diving.com\/de\/shop-2\/"},{"@type":"ListItem","position":3,"name":"Abreise am 25. April 2026"}]},{"@type":"WebSite","@id":"https:\/\/www.stm-diving.com\/de\/#website","url":"https:\/\/www.stm-diving.com\/de\/","name":"STM Diving","description":"Red Sea Diving Cruises","publisher":{"@id":"https:\/\/www.stm-diving.com\/de\/#organization"},"potentialAction":[{"@type":"SearchAction","target":{"@type":"EntryPoint","urlTemplate":"https:\/\/www.stm-diving.com\/de\/?s={search_term_string}"},"query-input":{"@type":"PropertyValueSpecification","valueRequired":true,"valueName":"search_term_string"}}],"inLanguage":"de"},{"@type":"Organization","@id":"https:\/\/www.stm-diving.com\/de\/#organization","name":"STM Diving","url":"https:\/\/www.stm-diving.com\/de\/","logo":{"@type":"ImageObject","inLanguage":"de","@id":"https:\/\/www.stm-diving.com\/de\/#\/schema\/logo\/image\/","url":"https:\/\/coachdefilles.com\/STM\/wp-content\/uploads\/2025\/04\/cropped-stm-diving-logo-carre.webp","contentUrl":"https:\/\/coachdefilles.com\/STM\/wp-content\/uploads\/2025\/04\/cropped-stm-diving-logo-carre.webp","width":512,"height":512,"caption":"STM Diving"},"image":{"@id":"https:\/\/www.stm-diving.com\/de\/#\/schema\/logo\/image\/"},"sameAs":["https:\/\/www.facebook.com\/people\/STM-Diving-cruises\/61566595790077\/","https:\/\/www.instagram.com\/stm_diving_cruises\/"]}]}},"_links":{"self":[{"href":"https:\/\/www.stm-diving.com\/de\/wp-json\/wp\/v2\/product\/9794","targetHints":{"allow":["GET"]}}],"collection":[{"href":"https:\/\/www.stm-diving.com\/de\/wp-json\/wp\/v2\/product"}],"about":[{"href":"https:\/\/www.stm-diving.com\/de\/wp-json\/wp\/v2\/types\/product"}],"wp:featuredmedia":[{"embeddable":true,"href":"https:\/\/www.stm-diving.com\/de\/wp-json\/wp\/v2\/media\/7569"}],"wp:attachment":[{"href":"https:\/\/www.stm-diving.com\/de\/wp-json\/wp\/v2\/media?parent=9794"}],"wp:term":[{"taxonomy":"product_brand","embeddable":true,"href":"https:\/\/www.stm-diving.com\/de\/wp-json\/wp\/v2\/product_brand?post=9794"},{"taxonomy":"product_cat","embeddable":true,"href":"https:\/\/www.stm-diving.com\/de\/wp-json\/wp\/v2\/product_cat?post=9794"},{"taxonomy":"product_tag","embeddable":true,"href":"https:\/\/www.stm-diving.com\/de\/wp-json\/wp\/v2\/product_tag?post=9794"}],"curies":[{"name":"wp","href":"https:\/\/api.w.org\/{rel}","templated":true}]}}