{"id":9798,"date":"2026-02-23T21:12:44","date_gmt":"2026-02-23T21:12:44","guid":{"rendered":"https:\/\/www.stm-diving.com\/?post_type=product&#038;p=9798"},"modified":"2026-03-25T09:56:47","modified_gmt":"2026-03-25T09:56:47","slug":"abflug-am-13-juni-2026-copie","status":"publish","type":"product","link":"https:\/\/www.stm-diving.com\/de\/departs\/abflug-am-13-juni-2026-copie\/","title":{"rendered":"Abflug am 9. Mai 2026"},"content":{"rendered":"<h1 data-start=\"119\" data-end=\"216\"><strong data-start=\"119\" data-end=\"216\">Erkundung von Abu Nuhas, der Thistlegorm, den Brothers Islands und den Coral Gardens von Safaga<\/strong><\/h1>\n<h4 data-start=\"218\" data-end=\"492\">Begeben Sie sich auf eine unvergessliche Tauchkreuzfahrt zu den legend\u00e4ren Wracks von<strong data-start=\"324\" data-end=\"337\">Abu Nuhas<\/strong> und <strong data-start=\"344\" data-end=\"359\">Thistlegorm<\/strong>, zu den <strong data-start=\"365\" data-end=\"382\">Brothers Islands<\/strong>, einem ber\u00fchmten Haischutzgebiet, und zu den wundersch\u00f6nen Korallenriffen von <strong data-start=\"481\" data-end=\"491\">Safaga<\/strong>.<\/h4>\n<h4 data-start=\"494\" data-end=\"628\">Eine Reiseroute, die Geschichte, Nervenkitzel und au\u00dfergew\u00f6hnliche Artenvielfalt an einigen der sch\u00f6nsten Orte des Roten Meeres vereint.<\/h4>\n<h2>Hinweis: Abfahrt Port Galib und R\u00fcckkehr Hurgada<\/h2>\n<p data-start=\"859\" data-end=\"968\">\n","protected":false},"excerpt":{"rendered":"<p>Erkundung von Abu Nuhas, der Thistlegorm, den Brothers Islands und den Coral Gardens von Safaga Begeben Sie sich auf eine unvergessliche Tauchkreuzfahrt zu den legend\u00e4ren Wracks vonAbu Nuhas und Thistlegorm, zu den Brothers Islands, einem ber\u00fchmten Haischutzgebiet, und zu den wundersch\u00f6nen Korallenriffen von Safaga. Eine Reiseroute, die Geschichte, Nervenkitzel und au\u00dfergew\u00f6hnliche Artenvielfalt an einigen der [&hellip;]<\/p>\n","protected":false},"featured_media":805,"template":"","meta":{"_et_pb_use_builder":"","_et_pb_old_content":"","_et_gb_content_width":""},"product_brand":[],"product_cat":[72],"product_tag":[],"class_list":{"0":"post-9798","1":"product","2":"type-product","3":"status-publish","4":"has-post-thumbnail","6":"product_cat-north-cruise-brothers-de","8":"first","9":"instock","10":"featured","11":"shipping-taxable","12":"purchasable","13":"product-type-simple"},"stm_departure_date":null,"yoast_head":"<!-- This site is optimized with the Yoast SEO plugin v27.3 - https:\/\/yoast.com\/product\/yoast-seo-wordpress\/ -->\n<title>Abflug am 9. Mai 2026 - STM Diving<\/title>\n<meta name=\"robots\" content=\"index, follow, max-snippet:-1, max-image-preview:large, max-video-preview:-1\" \/>\n<link rel=\"canonical\" href=\"https:\/\/www.stm-diving.com\/de\/departs\/abflug-am-13-juni-2026-copie\/\" \/>\n<meta property=\"og:locale\" content=\"de_DE\" \/>\n<meta property=\"og:type\" content=\"article\" \/>\n<meta property=\"og:title\" content=\"Abflug am 9. Mai 2026 - STM Diving\" \/>\n<meta property=\"og:description\" content=\"Erkundung von Abu Nuhas, der Thistlegorm, den Brothers Islands und den Coral Gardens von Safaga Begeben Sie sich auf eine unvergessliche Tauchkreuzfahrt zu den legend\u00e4ren Wracks vonAbu Nuhas und Thistlegorm, zu den Brothers Islands, einem ber\u00fchmten Haischutzgebiet, und zu den wundersch\u00f6nen Korallenriffen von Safaga. Eine Reiseroute, die Geschichte, Nervenkitzel und au\u00dfergew\u00f6hnliche Artenvielfalt an einigen der [&hellip;]\" \/>\n<meta property=\"og:url\" content=\"https:\/\/www.stm-diving.com\/de\/departs\/abflug-am-13-juni-2026-copie\/\" \/>\n<meta property=\"og:site_name\" content=\"STM Diving\" \/>\n<meta property=\"article:publisher\" content=\"https:\/\/www.facebook.com\/people\/STM-Diving-cruises\/61566595790077\/\" \/>\n<meta property=\"article:modified_time\" content=\"2026-03-25T09:56:47+00:00\" \/>\n<meta property=\"og:image\" content=\"https:\/\/www.stm-diving.com\/wp-content\/uploads\/2025\/04\/4.webp\" \/>\n\t<meta property=\"og:image:width\" content=\"1000\" \/>\n\t<meta property=\"og:image:height\" content=\"1000\" \/>\n\t<meta property=\"og:image:type\" content=\"image\/webp\" \/>\n<meta name=\"twitter:card\" content=\"summary_large_image\" \/>\n<script type=\"application\/ld+json\" class=\"yoast-schema-graph\">{\"@context\":\"https:\\\/\\\/schema.org\",\"@graph\":[{\"@type\":\"WebPage\",\"@id\":\"https:\\\/\\\/www.stm-diving.com\\\/de\\\/departs\\\/abflug-am-13-juni-2026-copie\\\/\",\"url\":\"https:\\\/\\\/www.stm-diving.com\\\/de\\\/departs\\\/abflug-am-13-juni-2026-copie\\\/\",\"name\":\"Abflug am 9. Mai 2026 - STM Diving\",\"isPartOf\":{\"@id\":\"https:\\\/\\\/www.stm-diving.com\\\/de\\\/#website\"},\"primaryImageOfPage\":{\"@id\":\"https:\\\/\\\/www.stm-diving.com\\\/de\\\/departs\\\/abflug-am-13-juni-2026-copie\\\/#primaryimage\"},\"image\":{\"@id\":\"https:\\\/\\\/www.stm-diving.com\\\/de\\\/departs\\\/abflug-am-13-juni-2026-copie\\\/#primaryimage\"},\"thumbnailUrl\":\"https:\\\/\\\/www.stm-diving.com\\\/wp-content\\\/uploads\\\/2025\\\/04\\\/4.webp\",\"datePublished\":\"2026-02-23T21:12:44+00:00\",\"dateModified\":\"2026-03-25T09:56:47+00:00\",\"breadcrumb\":{\"@id\":\"https:\\\/\\\/www.stm-diving.com\\\/de\\\/departs\\\/abflug-am-13-juni-2026-copie\\\/#breadcrumb\"},\"inLanguage\":\"de\",\"potentialAction\":[{\"@type\":\"ReadAction\",\"target\":[\"https:\\\/\\\/www.stm-diving.com\\\/de\\\/departs\\\/abflug-am-13-juni-2026-copie\\\/\"]}]},{\"@type\":\"ImageObject\",\"inLanguage\":\"de\",\"@id\":\"https:\\\/\\\/www.stm-diving.com\\\/de\\\/departs\\\/abflug-am-13-juni-2026-copie\\\/#primaryimage\",\"url\":\"https:\\\/\\\/www.stm-diving.com\\\/wp-content\\\/uploads\\\/2025\\\/04\\\/4.webp\",\"contentUrl\":\"https:\\\/\\\/www.stm-diving.com\\\/wp-content\\\/uploads\\\/2025\\\/04\\\/4.webp\",\"width\":1000,\"height\":1000},{\"@type\":\"BreadcrumbList\",\"@id\":\"https:\\\/\\\/www.stm-diving.com\\\/de\\\/departs\\\/abflug-am-13-juni-2026-copie\\\/#breadcrumb\",\"itemListElement\":[{\"@type\":\"ListItem\",\"position\":1,\"name\":\"Accueil\",\"item\":\"https:\\\/\\\/www.stm-diving.com\\\/de\\\/\"},{\"@type\":\"ListItem\",\"position\":2,\"name\":\"Shop\",\"item\":\"https:\\\/\\\/www.stm-diving.com\\\/de\\\/shop-2\\\/\"},{\"@type\":\"ListItem\",\"position\":3,\"name\":\"Abflug am 9. Mai 2026\"}]},{\"@type\":\"WebSite\",\"@id\":\"https:\\\/\\\/www.stm-diving.com\\\/de\\\/#website\",\"url\":\"https:\\\/\\\/www.stm-diving.com\\\/de\\\/\",\"name\":\"STM Diving\",\"description\":\"Red Sea Diving Cruises\",\"publisher\":{\"@id\":\"https:\\\/\\\/www.stm-diving.com\\\/de\\\/#organization\"},\"potentialAction\":[{\"@type\":\"SearchAction\",\"target\":{\"@type\":\"EntryPoint\",\"urlTemplate\":\"https:\\\/\\\/www.stm-diving.com\\\/de\\\/?s={search_term_string}\"},\"query-input\":{\"@type\":\"PropertyValueSpecification\",\"valueRequired\":true,\"valueName\":\"search_term_string\"}}],\"inLanguage\":\"de\"},{\"@type\":\"Organization\",\"@id\":\"https:\\\/\\\/www.stm-diving.com\\\/de\\\/#organization\",\"name\":\"STM Diving\",\"url\":\"https:\\\/\\\/www.stm-diving.com\\\/de\\\/\",\"logo\":{\"@type\":\"ImageObject\",\"inLanguage\":\"de\",\"@id\":\"https:\\\/\\\/www.stm-diving.com\\\/de\\\/#\\\/schema\\\/logo\\\/image\\\/\",\"url\":\"https:\\\/\\\/coachdefilles.com\\\/STM\\\/wp-content\\\/uploads\\\/2025\\\/04\\\/cropped-stm-diving-logo-carre.webp\",\"contentUrl\":\"https:\\\/\\\/coachdefilles.com\\\/STM\\\/wp-content\\\/uploads\\\/2025\\\/04\\\/cropped-stm-diving-logo-carre.webp\",\"width\":512,\"height\":512,\"caption\":\"STM Diving\"},\"image\":{\"@id\":\"https:\\\/\\\/www.stm-diving.com\\\/de\\\/#\\\/schema\\\/logo\\\/image\\\/\"},\"sameAs\":[\"https:\\\/\\\/www.facebook.com\\\/people\\\/STM-Diving-cruises\\\/61566595790077\\\/\",\"https:\\\/\\\/www.instagram.com\\\/stm_diving_cruises\\\/\"]}]}<\/script>\n<!-- \/ Yoast SEO plugin. -->","yoast_head_json":{"title":"Abflug am 9. Mai 2026 - STM Diving","robots":{"index":"index","follow":"follow","max-snippet":"max-snippet:-1","max-image-preview":"max-image-preview:large","max-video-preview":"max-video-preview:-1"},"canonical":"https:\/\/www.stm-diving.com\/de\/departs\/abflug-am-13-juni-2026-copie\/","og_locale":"de_DE","og_type":"article","og_title":"Abflug am 9. Mai 2026 - STM Diving","og_description":"Erkundung von Abu Nuhas, der Thistlegorm, den Brothers Islands und den Coral Gardens von Safaga Begeben Sie sich auf eine unvergessliche Tauchkreuzfahrt zu den legend\u00e4ren Wracks vonAbu Nuhas und Thistlegorm, zu den Brothers Islands, einem ber\u00fchmten Haischutzgebiet, und zu den wundersch\u00f6nen Korallenriffen von Safaga. Eine Reiseroute, die Geschichte, Nervenkitzel und au\u00dfergew\u00f6hnliche Artenvielfalt an einigen der [&hellip;]","og_url":"https:\/\/www.stm-diving.com\/de\/departs\/abflug-am-13-juni-2026-copie\/","og_site_name":"STM Diving","article_publisher":"https:\/\/www.facebook.com\/people\/STM-Diving-cruises\/61566595790077\/","article_modified_time":"2026-03-25T09:56:47+00:00","og_image":[{"width":1000,"height":1000,"url":"https:\/\/www.stm-diving.com\/wp-content\/uploads\/2025\/04\/4.webp","type":"image\/webp"}],"twitter_card":"summary_large_image","schema":{"@context":"https:\/\/schema.org","@graph":[{"@type":"WebPage","@id":"https:\/\/www.stm-diving.com\/de\/departs\/abflug-am-13-juni-2026-copie\/","url":"https:\/\/www.stm-diving.com\/de\/departs\/abflug-am-13-juni-2026-copie\/","name":"Abflug am 9. Mai 2026 - STM Diving","isPartOf":{"@id":"https:\/\/www.stm-diving.com\/de\/#website"},"primaryImageOfPage":{"@id":"https:\/\/www.stm-diving.com\/de\/departs\/abflug-am-13-juni-2026-copie\/#primaryimage"},"image":{"@id":"https:\/\/www.stm-diving.com\/de\/departs\/abflug-am-13-juni-2026-copie\/#primaryimage"},"thumbnailUrl":"https:\/\/www.stm-diving.com\/wp-content\/uploads\/2025\/04\/4.webp","datePublished":"2026-02-23T21:12:44+00:00","dateModified":"2026-03-25T09:56:47+00:00","breadcrumb":{"@id":"https:\/\/www.stm-diving.com\/de\/departs\/abflug-am-13-juni-2026-copie\/#breadcrumb"},"inLanguage":"de","potentialAction":[{"@type":"ReadAction","target":["https:\/\/www.stm-diving.com\/de\/departs\/abflug-am-13-juni-2026-copie\/"]}]},{"@type":"ImageObject","inLanguage":"de","@id":"https:\/\/www.stm-diving.com\/de\/departs\/abflug-am-13-juni-2026-copie\/#primaryimage","url":"https:\/\/www.stm-diving.com\/wp-content\/uploads\/2025\/04\/4.webp","contentUrl":"https:\/\/www.stm-diving.com\/wp-content\/uploads\/2025\/04\/4.webp","width":1000,"height":1000},{"@type":"BreadcrumbList","@id":"https:\/\/www.stm-diving.com\/de\/departs\/abflug-am-13-juni-2026-copie\/#breadcrumb","itemListElement":[{"@type":"ListItem","position":1,"name":"Accueil","item":"https:\/\/www.stm-diving.com\/de\/"},{"@type":"ListItem","position":2,"name":"Shop","item":"https:\/\/www.stm-diving.com\/de\/shop-2\/"},{"@type":"ListItem","position":3,"name":"Abflug am 9. Mai 2026"}]},{"@type":"WebSite","@id":"https:\/\/www.stm-diving.com\/de\/#website","url":"https:\/\/www.stm-diving.com\/de\/","name":"STM Diving","description":"Red Sea Diving Cruises","publisher":{"@id":"https:\/\/www.stm-diving.com\/de\/#organization"},"potentialAction":[{"@type":"SearchAction","target":{"@type":"EntryPoint","urlTemplate":"https:\/\/www.stm-diving.com\/de\/?s={search_term_string}"},"query-input":{"@type":"PropertyValueSpecification","valueRequired":true,"valueName":"search_term_string"}}],"inLanguage":"de"},{"@type":"Organization","@id":"https:\/\/www.stm-diving.com\/de\/#organization","name":"STM Diving","url":"https:\/\/www.stm-diving.com\/de\/","logo":{"@type":"ImageObject","inLanguage":"de","@id":"https:\/\/www.stm-diving.com\/de\/#\/schema\/logo\/image\/","url":"https:\/\/coachdefilles.com\/STM\/wp-content\/uploads\/2025\/04\/cropped-stm-diving-logo-carre.webp","contentUrl":"https:\/\/coachdefilles.com\/STM\/wp-content\/uploads\/2025\/04\/cropped-stm-diving-logo-carre.webp","width":512,"height":512,"caption":"STM Diving"},"image":{"@id":"https:\/\/www.stm-diving.com\/de\/#\/schema\/logo\/image\/"},"sameAs":["https:\/\/www.facebook.com\/people\/STM-Diving-cruises\/61566595790077\/","https:\/\/www.instagram.com\/stm_diving_cruises\/"]}]}},"_links":{"self":[{"href":"https:\/\/www.stm-diving.com\/de\/wp-json\/wp\/v2\/product\/9798","targetHints":{"allow":["GET"]}}],"collection":[{"href":"https:\/\/www.stm-diving.com\/de\/wp-json\/wp\/v2\/product"}],"about":[{"href":"https:\/\/www.stm-diving.com\/de\/wp-json\/wp\/v2\/types\/product"}],"wp:featuredmedia":[{"embeddable":true,"href":"https:\/\/www.stm-diving.com\/de\/wp-json\/wp\/v2\/media\/805"}],"wp:attachment":[{"href":"https:\/\/www.stm-diving.com\/de\/wp-json\/wp\/v2\/media?parent=9798"}],"wp:term":[{"taxonomy":"product_brand","embeddable":true,"href":"https:\/\/www.stm-diving.com\/de\/wp-json\/wp\/v2\/product_brand?post=9798"},{"taxonomy":"product_cat","embeddable":true,"href":"https:\/\/www.stm-diving.com\/de\/wp-json\/wp\/v2\/product_cat?post=9798"},{"taxonomy":"product_tag","embeddable":true,"href":"https:\/\/www.stm-diving.com\/de\/wp-json\/wp\/v2\/product_tag?post=9798"}],"curies":[{"name":"wp","href":"https:\/\/api.w.org\/{rel}","templated":true}]}}