{"id":444,"date":"2025-04-09T09:19:23","date_gmt":"2025-04-09T09:19:23","guid":{"rendered":"https:\/\/coachdefilles.com\/STM\/o-nas\/"},"modified":"2025-10-03T15:53:36","modified_gmt":"2025-10-03T15:53:36","slug":"o-nas","status":"publish","type":"page","link":"https:\/\/www.stm-diving.com\/pl\/o-nas\/","title":{"rendered":"O nas"},"content":{"rendered":"<p>[et_pb_section fb_built=&#8221;1&#8243; _builder_version=&#8221;4.27.4&#8243; _module_preset=&#8221;default&#8221; custom_margin=&#8221;0px||0px||false|false&#8221; custom_padding=&#8221;0px||0px|||&#8221; global_colors_info=&#8221;{}&#8221; global_module=&#8221;2494&#8243; theme_builder_area=&#8221;post_content&#8221;][et_pb_row _builder_version=&#8221;4.27.4&#8243; _module_preset=&#8221;default&#8221; global_colors_info=&#8221;{}&#8221; theme_builder_area=&#8221;post_content&#8221;][et_pb_column type=&#8221;4_4&#8243; _builder_version=&#8221;4.27.4&#8243; _module_preset=&#8221;default&#8221; global_colors_info=&#8221;{}&#8221; theme_builder_area=&#8221;post_content&#8221;][et_pb_text _builder_version=&#8221;4.27.4&#8243; _dynamic_attributes=&#8221;content&#8221; _module_preset=&#8221;default&#8221; text_font=&#8221;-et_global_heading_font|500||||on|||&#8221; text_text_color=&#8221;#000a28&#8243; text_font_size=&#8221;55px&#8221; text_line_height=&#8221;1.2em&#8221; header_font=&#8221;-et_global_heading_font||||||||&#8221; header_text_color=&#8221;#000a28&#8243; header_2_text_color=&#8221;#000a28&#8243; text_orientation=&#8221;center&#8221; custom_margin=&#8221;||-2px|||&#8221; text_line_height_tablet=&#8221;&#8221; text_line_height_phone=&#8221;1em&#8221; text_line_height_last_edited=&#8221;on|phone&#8221; global_colors_info=&#8221;{}&#8221; theme_builder_area=&#8221;post_content&#8221;]@ET-DC@eyJkeW5hbWljIjp0cnVlLCJjb250ZW50IjoicG9zdF90aXRsZSIsInNldHRpbmdzIjp7ImJlZm9yZSI6IiIsImFmdGVyIjoiIiwiZW5hYmxlX2h0bWwiOiJvZmYifX0=@[\/et_pb_text][et_pb_image src=&#8221;https:\/\/coachdefilles.com\/STM\/wp-content\/uploads\/2025\/04\/stm-diving-logo-carre.png&#8221; title_text=&#8221;stm diving logo carr\u00e9&#8221; align=&#8221;center&#8221; _builder_version=&#8221;4.27.4&#8243; _module_preset=&#8221;default&#8221; width=&#8221;20%&#8221; width_tablet=&#8221;&#8221; width_phone=&#8221;35%&#8221; width_last_edited=&#8221;on|phone&#8221; module_alignment=&#8221;center&#8221; custom_margin=&#8221;0px|0px|0px|0px|false|false&#8221; custom_padding=&#8221;0px|0px|0px|0px|false|false&#8221; global_colors_info=&#8221;{}&#8221; theme_builder_area=&#8221;post_content&#8221;][\/et_pb_image][et_pb_post_nav in_same_term=&#8221;on&#8221; _builder_version=&#8221;4.27.4&#8243; _module_preset=&#8221;default&#8221; title_font_size=&#8221;20px&#8221; locked=&#8221;off&#8221; global_colors_info=&#8221;{}&#8221; theme_builder_area=&#8221;post_content&#8221;][\/et_pb_post_nav][\/et_pb_column][\/et_pb_row][\/et_pb_section][et_pb_section fb_built=&#8221;1&#8243; _builder_version=&#8221;4.27.4&#8243; _module_preset=&#8221;default&#8221; background_color=&#8221;#F2F2F2&#8243; global_colors_info=&#8221;{}&#8221;][et_pb_row column_structure=&#8221;1_3,1_3,1_3&#8243; _builder_version=&#8221;4.27.4&#8243; _module_preset=&#8221;default&#8221; global_colors_info=&#8221;{}&#8221;][et_pb_column type=&#8221;1_3&#8243; _builder_version=&#8221;4.27.4&#8243; _module_preset=&#8221;default&#8221; global_colors_info=&#8221;{}&#8221;][et_pb_text _builder_version=&#8221;4.27.4&#8243; _module_preset=&#8221;default&#8221; header_2_text_color=&#8221;#000a28&#8243; global_colors_info=&#8221;{}&#8221;]<\/p>\n<h2><span>Para za\u0142o\u017cycielska<\/span><\/h2>\n<p><span>STM Diving oferuje podej\u015bcie do nurkowania, kt\u00f3re koncentruje si\u0119 na <strong>jako\u015bci, bezpiecze\u0144stwie i stosunku jako\u015bci do ceny<\/strong>. Za\u0142o\u017cone przez <strong>Debby i Manuela<\/strong> centrum szczyci si\u0119 oferowaniem dobrze zorganizowanych us\u0142ug z<strong> profesjonalnym nadzorem i dobrze utrzymanym sprz\u0119tem<\/strong>. <\/span><\/p>\n<p>[\/et_pb_text][\/et_pb_column][et_pb_column type=&#8221;1_3&#8243; _builder_version=&#8221;4.27.4&#8243; _module_preset=&#8221;default&#8221; global_colors_info=&#8221;{}&#8221;][et_pb_image src=&#8221;https:\/\/www.stm-diving.com\/wp-content\/uploads\/2025\/04\/Team-circle-2.webp&#8221; title_text=&#8221;Team circle 2&#8243; align=&#8221;center&#8221; src_tablet=&#8221;https:\/\/www.stm-diving.com\/wp-content\/uploads\/2025\/04\/Team-circle-2.webp&#8221; src_phone=&#8221;https:\/\/www.stm-diving.com\/wp-content\/uploads\/2025\/04\/Team-circle-2.webp&#8221; src_last_edited=&#8221;on|desktop&#8221; _builder_version=&#8221;4.27.4&#8243; _module_preset=&#8221;default&#8221; transform_scale=&#8221;120%|120%&#8221; width=&#8221;50%&#8221; custom_margin=&#8221;||104px|||&#8221; global_colors_info=&#8221;{}&#8221;][\/et_pb_image][\/et_pb_column][et_pb_column type=&#8221;1_3&#8243; _builder_version=&#8221;4.27.4&#8243; _module_preset=&#8221;default&#8221; global_colors_info=&#8221;{}&#8221;][et_pb_text _builder_version=&#8221;4.27.4&#8243; _module_preset=&#8221;default&#8221; text_text_color=&#8221;#000a28&#8243; text_font_size=&#8221;21px&#8221; header_2_text_color=&#8221;#000a28&#8243; text_text_shadow_style=&#8221;preset1&#8243; text_text_shadow_color=&#8221;#FF9933&#8243; global_colors_info=&#8221;{}&#8221;]<\/p>\n<p style=\"text-align: center;\"><strong>Debby<\/strong><\/p>\n<p style=\"text-align: center;\">Founder &amp; Executive Director<span style=\"text-decoration: underline;\"><strong><\/strong><\/span><\/p>\n<p><span style=\"text-decoration: underline;\"><strong><\/strong><\/span><\/p>\n<p>[\/et_pb_text][et_pb_text _builder_version=&#8221;4.27.4&#8243; _module_preset=&#8221;default&#8221; text_text_color=&#8221;#000a28&#8243; text_font_size=&#8221;21px&#8221; header_2_text_color=&#8221;#000a28&#8243; text_text_shadow_style=&#8221;preset1&#8243; text_text_shadow_color=&#8221;#FF9933&#8243; global_colors_info=&#8221;{}&#8221;]<\/p>\n<p style=\"text-align: center;\"><strong>Manuel <\/strong><\/p>\n<p style=\"text-align: center;\">Global Sales director and CFO<\/p>\n<p><span style=\"text-decoration: underline;\"><strong><\/strong><\/span><\/p>\n<p>[\/et_pb_text][\/et_pb_column][\/et_pb_row][\/et_pb_section][et_pb_section fb_built=&#8221;1&#8243; _builder_version=&#8221;4.27.4&#8243; _module_preset=&#8221;default&#8221; global_colors_info=&#8221;{}&#8221;][et_pb_row column_structure=&#8221;1_2,1_2&#8243; _builder_version=&#8221;4.27.4&#8243; _module_preset=&#8221;default&#8221; global_colors_info=&#8221;{}&#8221;][et_pb_column type=&#8221;1_2&#8243; _builder_version=&#8221;4.27.4&#8243; _module_preset=&#8221;default&#8221; global_colors_info=&#8221;{}&#8221;][et_pb_text _builder_version=&#8221;4.27.4&#8243; _module_preset=&#8221;default&#8221; header_2_text_color=&#8221;#000a28&#8243; global_colors_info=&#8221;{}&#8221;]<\/p>\n<h2><span>Zesp\u00f3\u0142, kt\u00f3remu mo\u017cna zaufa\u0107<\/span><\/h2>\n<p><span>Aby lepiej zaspokoi\u0107 potrzeby nurk\u00f3w, zesp\u00f3\u0142 zosta\u0142 wzmocniony wraz z przybyciem <strong>Christiana, Rafaela i Michela<\/strong>. Dzi\u0119ki wieloletniemu do\u015bwiadczeniu i zaufanym relacjom z klientami, STM Diving gwarantuje <strong>spokojne, bezpieczne i przyjemne do\u015bwiadczenie<\/strong>. Zesp\u00f3\u0142 pozostaje dost\u0119pny w celu uzyskania wszelkich informacji i towarzyszenia nurkom w ich podwodnych przygodach.  <\/span><\/p>\n<p>[\/et_pb_text][\/et_pb_column][et_pb_column type=&#8221;1_2&#8243; _builder_version=&#8221;4.27.4&#8243; _module_preset=&#8221;default&#8221; global_colors_info=&#8221;{}&#8221;][et_pb_image src=&#8221;https:\/\/www.stm-diving.com\/wp-content\/uploads\/2025\/04\/WhatsApp-Image-2025-04-07-at-15.21.30.webp&#8221; title_text=&#8221;WhatsApp Image 2025-04-07 o 15:21:30&#8243; _builder_version=&#8221;4.27.4&#8243; _module_preset=&#8221;default&#8221; global_colors_info=&#8221;{}&#8221;][\/et_pb_image][\/et_pb_column][\/et_pb_row][\/et_pb_section][et_pb_section fb_built=&#8221;1&#8243; _builder_version=&#8221;4.27.4&#8243; _module_preset=&#8221;default&#8221; background_color=&#8221;#F2F2F2&#8243; global_colors_info=&#8221;{}&#8221; custom_padding=&#8221;||47px|||&#8221;][et_pb_row _builder_version=&#8221;4.27.4&#8243; _module_preset=&#8221;default&#8221; global_colors_info=&#8221;{}&#8221;][et_pb_column type=&#8221;4_4&#8243; _builder_version=&#8221;4.27.4&#8243; _module_preset=&#8221;default&#8221; global_colors_info=&#8221;{}&#8221;][et_pb_text _builder_version=&#8221;4.27.4&#8243; _module_preset=&#8221;default&#8221; header_2_text_color=&#8221;#000a28&#8243; global_colors_info=&#8221;{}&#8221;]<\/p>\n<h2 style=\"text-align: center;\">Zesp\u00f3\u0142<\/h2>\n<p>[\/et_pb_text][\/et_pb_column][\/et_pb_row][et_pb_row column_structure=&#8221;1_5,1_5,1_5,1_5,1_5&#8243; _builder_version=&#8221;4.27.4&#8243; _module_preset=&#8221;default&#8221; global_colors_info=&#8221;{}&#8221;][et_pb_column type=&#8221;1_5&#8243; _builder_version=&#8221;4.27.4&#8243; _module_preset=&#8221;default&#8221; global_colors_info=&#8221;{}&#8221;][et_pb_team_member name=&#8221;Hamada&#8221; position=&#8221;Operation &amp; Logistic Director&#8221; image_url=&#8221;https:\/\/www.stm-diving.com\/wp-content\/uploads\/2025\/04\/Team-circle-3.webp&#8221; _builder_version=&#8221;4.27.4&#8243; _module_preset=&#8221;default&#8221; custom_margin=&#8221;||-2px|||&#8221; global_colors_info=&#8221;{}&#8221;]<\/p>\n<p><span style=\"font-weight: 400;\">Nasz zaufany egipski partner jest odpowiedzialny za zarz\u0105dzanie naszymi \u0142odziami, za\u0142ogami i transportem. <\/span><\/p>\n<p>[\/et_pb_team_member][et_pb_toggle title=&#8221;Przeczytaj wi\u0119cej&#8221; open_toggle_background_color=&#8221;RGBA(255,255,255,0)&#8221; closed_toggle_background_color=&#8221;RGBA(255,255,255,0)&#8221; icon_color=&#8221;#FF9933&#8243; open_icon_color=&#8221;#0077BE&#8221; _builder_version=&#8221;4.27.4&#8243; _module_preset=&#8221;default&#8221; border_width_all=&#8221;0px&#8221; global_colors_info=&#8221;{}&#8221;]<\/p>\n<p><span style=\"font-weight: 400;\">Dzi\u0119ki 25-letniemu do\u015bwiadczeniu w bran\u017cy turystycznej i rejsowej, wnosi on bogactwo wiedzy i do\u015bwiadczenia, zapewniaj\u0105c p\u0142ynne dzia\u0142anie nawet w trudnych sytuacjach. Jako by\u0142y kapitan, dog\u0142\u0119bnie rozumie, co jest mo\u017cliwe na wodzie i jak pokonywa\u0107 wszelkie przeszkody z pewno\u015bci\u0105 siebie i profesjonalizmem. <\/span><\/p>\n<p>[\/et_pb_toggle][\/et_pb_column][et_pb_column type=&#8221;1_5&#8243; _builder_version=&#8221;4.27.4&#8243; _module_preset=&#8221;default&#8221; global_colors_info=&#8221;{}&#8221;][et_pb_team_member name=&#8221;Christian&#8221; position=&#8221;Strategic Sales Director Europe&#8221; image_url=&#8221;https:\/\/www.stm-diving.com\/wp-content\/uploads\/2025\/04\/Team-circle-1.webp&#8221; _builder_version=&#8221;4.27.4&#8243; _module_preset=&#8221;default&#8221; custom_margin=&#8221;||-2px|||&#8221; global_colors_info=&#8221;{}&#8221;]<\/p>\n<p>Christian, Tw\u00f3j kontakt dla regionu francuskoj\u0119zycznego<\/p>\n<p>[\/et_pb_team_member][et_pb_toggle title=&#8221;Przeczytaj wi\u0119cej&#8221; open_toggle_background_color=&#8221;RGBA(255,255,255,0)&#8221; closed_toggle_background_color=&#8221;RGBA(255,255,255,0)&#8221; icon_color=&#8221;#FF9933&#8243; open_icon_color=&#8221;#0077BE&#8221; _builder_version=&#8221;4.27.4&#8243; _module_preset=&#8221;default&#8221; border_width_all=&#8221;0px&#8221; global_colors_info=&#8221;{}&#8221;]<\/p>\n<p>Christian jest jednym z administrator\u00f3w grupy. Jest kierownikiem sprzeda\u017cy w STM Diving i posiada du\u017ce do\u015bwiadczenie w bran\u017cy nurkowania rekreacyjnego. Zafascynowany \u015bwiatem morskim, dzieli si\u0119 swoimi umiej\u0119tno\u015bciami i entuzjazmem z naszymi klientami, doradzaj\u0105c im i pomagaj\u0105c im w realizacji marze\u0144 o nurkowaniu w Morzu Czerwonym. Jego do\u015bwiadczenie i wiedza na temat potrzeb nurk\u00f3w czyni\u0105 go godnym zaufania partnerem przy organizacji Twojego kolejnego rejsu.   <\/p>\n<p>[\/et_pb_toggle][\/et_pb_column][et_pb_column type=&#8221;1_5&#8243; _builder_version=&#8221;4.27.4&#8243; _module_preset=&#8221;default&#8221; global_colors_info=&#8221;{}&#8221;][et_pb_team_member name=&#8221;Rafael&#8221; position=&#8221;Sales Manager&#8221; image_url=&#8221;https:\/\/www.stm-diving.com\/wp-content\/uploads\/2025\/04\/Team-circle-6.webp&#8221; _builder_version=&#8221;4.27.4&#8243; _module_preset=&#8221;default&#8221; custom_margin=&#8221;||0px|||&#8221; global_colors_info=&#8221;{}&#8221;]<\/p>\n<p><span style=\"font-weight: 400;\">Rafael jest do\u015bwiadczonym instruktorem nurkowania IANTD, a tak\u017ce nurkiem technicznym i komercyjnym. <\/span><\/p>\n<p>[\/et_pb_team_member][et_pb_toggle title=&#8221;Przeczytaj wi\u0119cej&#8221; open_toggle_background_color=&#8221;RGBA(255,255,255,0)&#8221; closed_toggle_background_color=&#8221;RGBA(255,255,255,0)&#8221; icon_color=&#8221;#FF9933&#8243; open_icon_color=&#8221;#0077BE&#8221; _builder_version=&#8221;4.27.4&#8243; _module_preset=&#8221;default&#8221; border_width_all=&#8221;0px&#8221; global_colors_info=&#8221;{}&#8221;]<\/p>\n<p><span style=\"font-weight: 400;\">Jego podr\u00f3\u017c w \u015bwiecie nurkowania rozpocz\u0119\u0142a si\u0119 w 1986 roku, kiedy uzyska\u0142 sw\u00f3j pierwszy certyfikat nurkowy CMAS. Od tego czasu aktywnie anga\u017cowa\u0142 si\u0119 w r\u00f3\u017cne operacje podwodne, zdobywaj\u0105c rozleg\u0142\u0105 wiedz\u0119 i do\u015bwiadczenie w tej dziedzinie.Dzi\u0119ki ponad 35-letniemu do\u015bwiadczeniu Rafael pracowa\u0142 w r\u00f3\u017cnorodnych i wymagaj\u0105cych \u015brodowiskach, w tym na Oceanie Atlantyckim, Morzu Ba\u0142tyckim, Morzu P\u00f3\u0142nocnym, Morzu Czerwonym, a tak\u017ce w licznych rzekach i jeziorach. Jego g\u0142\u0119bokie zrozumienie r\u00f3\u017cnych warunk\u00f3w nurkowych i umiej\u0119tno\u015bci techniczne sprawiaj\u0105, \u017ce jest cennym nabytkiem dla bran\u017cy. Obecnie Rafael jest odpowiedzialny za obs\u0142ug\u0119 polskiego rynku sprzeda\u017cy STM Diving, wnosz\u0105c swoje ogromne do\u015bwiadczenie i pasj\u0119 do nurkowania, aby wspiera\u0107 i rozszerza\u0107 zasi\u0119g firmy w Polsce.   <\/span><\/p>\n<p>[\/et_pb_toggle][\/et_pb_column][et_pb_column type=&#8221;1_5&#8243; _builder_version=&#8221;4.27.4&#8243; _module_preset=&#8221;default&#8221; global_colors_info=&#8221;{}&#8221;][et_pb_team_member name=&#8221;Joeffrey&#8221; position=&#8221;Sales Manager&#8221; image_url=&#8221;https:\/\/www.stm-diving.com\/wp-content\/uploads\/2025\/04\/Team-circle-5.webp&#8221; _builder_version=&#8221;4.27.4&#8243; _module_preset=&#8221;default&#8221; custom_margin=&#8221;||2px|||&#8221; global_colors_info=&#8221;{}&#8221;]<\/p>\n<p>Joeffrey, Tw\u00f3j niderlandzkoj\u0119zyczny przedstawiciel obs\u0142ugi klienta<\/p>\n<p>[\/et_pb_team_member][et_pb_toggle title=&#8221;Przeczytaj wi\u0119cej&#8221; open_toggle_background_color=&#8221;RGBA(255,255,255,0)&#8221; closed_toggle_background_color=&#8221;RGBA(255,255,255,0)&#8221; icon_color=&#8221;#FF9933&#8243; open_icon_color=&#8221;#0077BE&#8221; _builder_version=&#8221;4.27.4&#8243; _module_preset=&#8221;default&#8221; border_width_all=&#8221;0px&#8221; global_colors_info=&#8221;{}&#8221;]<\/p>\n<p><span style=\"font-weight: 400;\"> Do\u015bwiadczony nurek techniczny i rebreather, Michel wykorzystuje swoj\u0105 wiedz\u0119 marketingow\u0105 w STM Diving. Pasjonat podwodnego \u015bwiata, jest zaanga\u017cowany w promowanie rejs\u00f3w nurkowych w Morzu Czerwonym. Jest nieocenionym atutem dla rynk\u00f3w belgijskiego i holenderskiego, wsp\u00f3\u0142pracuje z naszymi lokalnymi partnerami, aby zaproponowa\u0107 dostosowane oferty i pom\u00f3c stale rosn\u0105cej publiczno\u015bci odkry\u0107 te wyj\u0105tkowe miejsca. Jego do\u015bwiadczenie i wiedza na temat nurkowania s\u0105 niezb\u0119dne dla zespo\u0142u STM Diving.   <\/span><\/p>\n<p>[\/et_pb_toggle][\/et_pb_column][et_pb_column type=&#8221;1_5&#8243; _builder_version=&#8221;4.27.4&#8243; _module_preset=&#8221;default&#8221; global_colors_info=&#8221;{}&#8221;][\/et_pb_column][\/et_pb_row][\/et_pb_section]<\/p>\n","protected":false},"excerpt":{"rendered":"<p>Para za\u0142o\u017cycielska STM Diving oferuje podej\u015bcie do nurkowania, kt\u00f3re koncentruje si\u0119 na jako\u015bci, bezpiecze\u0144stwie i stosunku jako\u015bci do ceny. Za\u0142o\u017cone przez Debby i Manuela centrum szczyci si\u0119 oferowaniem dobrze zorganizowanych us\u0142ug z profesjonalnym nadzorem i dobrze utrzymanym sprz\u0119tem. Debby Founder &amp; Executive Director Manuel Global Sales director and CFO Zesp\u00f3\u0142, kt\u00f3remu mo\u017cna zaufa\u0107 Aby lepiej [&hellip;]<\/p>\n","protected":false},"author":1,"featured_media":0,"parent":0,"menu_order":0,"comment_status":"closed","ping_status":"closed","template":"","meta":{"_et_pb_use_builder":"on","_et_pb_old_content":"","_et_gb_content_width":"","footnotes":""},"class_list":["post-444","page","type-page","status-publish","hentry"],"yoast_head":"<!-- This site is optimized with the Yoast SEO plugin v27.3 - https:\/\/yoast.com\/product\/yoast-seo-wordpress\/ -->\n<title>O nas - STM Diving<\/title>\n<meta name=\"robots\" content=\"index, follow, max-snippet:-1, max-image-preview:large, max-video-preview:-1\" \/>\n<link rel=\"canonical\" href=\"https:\/\/www.stm-diving.com\/pl\/o-nas\/\" \/>\n<meta property=\"og:locale\" content=\"pl_PL\" \/>\n<meta property=\"og:type\" content=\"article\" \/>\n<meta property=\"og:title\" content=\"O nas - STM Diving\" \/>\n<meta property=\"og:description\" content=\"Para za\u0142o\u017cycielska STM Diving oferuje podej\u015bcie do nurkowania, kt\u00f3re koncentruje si\u0119 na jako\u015bci, bezpiecze\u0144stwie i stosunku jako\u015bci do ceny. Za\u0142o\u017cone przez Debby i Manuela centrum szczyci si\u0119 oferowaniem dobrze zorganizowanych us\u0142ug z profesjonalnym nadzorem i dobrze utrzymanym sprz\u0119tem. Debby Founder &amp; Executive Director Manuel Global Sales director and CFO Zesp\u00f3\u0142, kt\u00f3remu mo\u017cna zaufa\u0107 Aby lepiej [&hellip;]\" \/>\n<meta property=\"og:url\" content=\"https:\/\/www.stm-diving.com\/pl\/o-nas\/\" \/>\n<meta property=\"og:site_name\" content=\"STM Diving\" \/>\n<meta property=\"article:publisher\" content=\"https:\/\/www.facebook.com\/people\/STM-Diving-cruises\/61566595790077\/\" \/>\n<meta property=\"article:modified_time\" content=\"2025-10-03T15:53:36+00:00\" \/>\n<meta name=\"twitter:card\" content=\"summary_large_image\" \/>\n<meta name=\"twitter:label1\" content=\"Szacowany czas czytania\" \/>\n\t<meta name=\"twitter:data1\" content=\"8 minut\" \/>\n<script type=\"application\/ld+json\" class=\"yoast-schema-graph\">{\"@context\":\"https:\\\/\\\/schema.org\",\"@graph\":[{\"@type\":\"WebPage\",\"@id\":\"https:\\\/\\\/www.stm-diving.com\\\/pl\\\/o-nas\\\/\",\"url\":\"https:\\\/\\\/www.stm-diving.com\\\/pl\\\/o-nas\\\/\",\"name\":\"O nas - STM Diving\",\"isPartOf\":{\"@id\":\"https:\\\/\\\/www.stm-diving.com\\\/pl\\\/#website\"},\"datePublished\":\"2025-04-09T09:19:23+00:00\",\"dateModified\":\"2025-10-03T15:53:36+00:00\",\"breadcrumb\":{\"@id\":\"https:\\\/\\\/www.stm-diving.com\\\/pl\\\/o-nas\\\/#breadcrumb\"},\"inLanguage\":\"pl-PL\",\"potentialAction\":[{\"@type\":\"ReadAction\",\"target\":[\"https:\\\/\\\/www.stm-diving.com\\\/pl\\\/o-nas\\\/\"]}]},{\"@type\":\"BreadcrumbList\",\"@id\":\"https:\\\/\\\/www.stm-diving.com\\\/pl\\\/o-nas\\\/#breadcrumb\",\"itemListElement\":[{\"@type\":\"ListItem\",\"position\":1,\"name\":\"Accueil\",\"item\":\"https:\\\/\\\/www.stm-diving.com\\\/pl\\\/\"},{\"@type\":\"ListItem\",\"position\":2,\"name\":\"O nas\"}]},{\"@type\":\"WebSite\",\"@id\":\"https:\\\/\\\/www.stm-diving.com\\\/pl\\\/#website\",\"url\":\"https:\\\/\\\/www.stm-diving.com\\\/pl\\\/\",\"name\":\"STM Diving\",\"description\":\"Red Sea Diving Cruises\",\"publisher\":{\"@id\":\"https:\\\/\\\/www.stm-diving.com\\\/pl\\\/#organization\"},\"potentialAction\":[{\"@type\":\"SearchAction\",\"target\":{\"@type\":\"EntryPoint\",\"urlTemplate\":\"https:\\\/\\\/www.stm-diving.com\\\/pl\\\/?s={search_term_string}\"},\"query-input\":{\"@type\":\"PropertyValueSpecification\",\"valueRequired\":true,\"valueName\":\"search_term_string\"}}],\"inLanguage\":\"pl-PL\"},{\"@type\":\"Organization\",\"@id\":\"https:\\\/\\\/www.stm-diving.com\\\/pl\\\/#organization\",\"name\":\"STM Diving\",\"url\":\"https:\\\/\\\/www.stm-diving.com\\\/pl\\\/\",\"logo\":{\"@type\":\"ImageObject\",\"inLanguage\":\"pl-PL\",\"@id\":\"https:\\\/\\\/www.stm-diving.com\\\/pl\\\/#\\\/schema\\\/logo\\\/image\\\/\",\"url\":\"https:\\\/\\\/coachdefilles.com\\\/STM\\\/wp-content\\\/uploads\\\/2025\\\/04\\\/cropped-stm-diving-logo-carre.webp\",\"contentUrl\":\"https:\\\/\\\/coachdefilles.com\\\/STM\\\/wp-content\\\/uploads\\\/2025\\\/04\\\/cropped-stm-diving-logo-carre.webp\",\"width\":512,\"height\":512,\"caption\":\"STM Diving\"},\"image\":{\"@id\":\"https:\\\/\\\/www.stm-diving.com\\\/pl\\\/#\\\/schema\\\/logo\\\/image\\\/\"},\"sameAs\":[\"https:\\\/\\\/www.facebook.com\\\/people\\\/STM-Diving-cruises\\\/61566595790077\\\/\",\"https:\\\/\\\/www.instagram.com\\\/stm_diving_cruises\\\/\"]}]}<\/script>\n<!-- \/ Yoast SEO plugin. -->","yoast_head_json":{"title":"O nas - STM Diving","robots":{"index":"index","follow":"follow","max-snippet":"max-snippet:-1","max-image-preview":"max-image-preview:large","max-video-preview":"max-video-preview:-1"},"canonical":"https:\/\/www.stm-diving.com\/pl\/o-nas\/","og_locale":"pl_PL","og_type":"article","og_title":"O nas - STM Diving","og_description":"Para za\u0142o\u017cycielska STM Diving oferuje podej\u015bcie do nurkowania, kt\u00f3re koncentruje si\u0119 na jako\u015bci, bezpiecze\u0144stwie i stosunku jako\u015bci do ceny. Za\u0142o\u017cone przez Debby i Manuela centrum szczyci si\u0119 oferowaniem dobrze zorganizowanych us\u0142ug z profesjonalnym nadzorem i dobrze utrzymanym sprz\u0119tem. Debby Founder &amp; Executive Director Manuel Global Sales director and CFO Zesp\u00f3\u0142, kt\u00f3remu mo\u017cna zaufa\u0107 Aby lepiej [&hellip;]","og_url":"https:\/\/www.stm-diving.com\/pl\/o-nas\/","og_site_name":"STM Diving","article_publisher":"https:\/\/www.facebook.com\/people\/STM-Diving-cruises\/61566595790077\/","article_modified_time":"2025-10-03T15:53:36+00:00","twitter_card":"summary_large_image","twitter_misc":{"Szacowany czas czytania":"8 minut"},"schema":{"@context":"https:\/\/schema.org","@graph":[{"@type":"WebPage","@id":"https:\/\/www.stm-diving.com\/pl\/o-nas\/","url":"https:\/\/www.stm-diving.com\/pl\/o-nas\/","name":"O nas - STM Diving","isPartOf":{"@id":"https:\/\/www.stm-diving.com\/pl\/#website"},"datePublished":"2025-04-09T09:19:23+00:00","dateModified":"2025-10-03T15:53:36+00:00","breadcrumb":{"@id":"https:\/\/www.stm-diving.com\/pl\/o-nas\/#breadcrumb"},"inLanguage":"pl-PL","potentialAction":[{"@type":"ReadAction","target":["https:\/\/www.stm-diving.com\/pl\/o-nas\/"]}]},{"@type":"BreadcrumbList","@id":"https:\/\/www.stm-diving.com\/pl\/o-nas\/#breadcrumb","itemListElement":[{"@type":"ListItem","position":1,"name":"Accueil","item":"https:\/\/www.stm-diving.com\/pl\/"},{"@type":"ListItem","position":2,"name":"O nas"}]},{"@type":"WebSite","@id":"https:\/\/www.stm-diving.com\/pl\/#website","url":"https:\/\/www.stm-diving.com\/pl\/","name":"STM Diving","description":"Red Sea Diving Cruises","publisher":{"@id":"https:\/\/www.stm-diving.com\/pl\/#organization"},"potentialAction":[{"@type":"SearchAction","target":{"@type":"EntryPoint","urlTemplate":"https:\/\/www.stm-diving.com\/pl\/?s={search_term_string}"},"query-input":{"@type":"PropertyValueSpecification","valueRequired":true,"valueName":"search_term_string"}}],"inLanguage":"pl-PL"},{"@type":"Organization","@id":"https:\/\/www.stm-diving.com\/pl\/#organization","name":"STM Diving","url":"https:\/\/www.stm-diving.com\/pl\/","logo":{"@type":"ImageObject","inLanguage":"pl-PL","@id":"https:\/\/www.stm-diving.com\/pl\/#\/schema\/logo\/image\/","url":"https:\/\/coachdefilles.com\/STM\/wp-content\/uploads\/2025\/04\/cropped-stm-diving-logo-carre.webp","contentUrl":"https:\/\/coachdefilles.com\/STM\/wp-content\/uploads\/2025\/04\/cropped-stm-diving-logo-carre.webp","width":512,"height":512,"caption":"STM Diving"},"image":{"@id":"https:\/\/www.stm-diving.com\/pl\/#\/schema\/logo\/image\/"},"sameAs":["https:\/\/www.facebook.com\/people\/STM-Diving-cruises\/61566595790077\/","https:\/\/www.instagram.com\/stm_diving_cruises\/"]}]}},"_links":{"self":[{"href":"https:\/\/www.stm-diving.com\/pl\/wp-json\/wp\/v2\/pages\/444","targetHints":{"allow":["GET"]}}],"collection":[{"href":"https:\/\/www.stm-diving.com\/pl\/wp-json\/wp\/v2\/pages"}],"about":[{"href":"https:\/\/www.stm-diving.com\/pl\/wp-json\/wp\/v2\/types\/page"}],"author":[{"embeddable":true,"href":"https:\/\/www.stm-diving.com\/pl\/wp-json\/wp\/v2\/users\/1"}],"replies":[{"embeddable":true,"href":"https:\/\/www.stm-diving.com\/pl\/wp-json\/wp\/v2\/comments?post=444"}],"version-history":[{"count":13,"href":"https:\/\/www.stm-diving.com\/pl\/wp-json\/wp\/v2\/pages\/444\/revisions"}],"predecessor-version":[{"id":6577,"href":"https:\/\/www.stm-diving.com\/pl\/wp-json\/wp\/v2\/pages\/444\/revisions\/6577"}],"wp:attachment":[{"href":"https:\/\/www.stm-diving.com\/pl\/wp-json\/wp\/v2\/media?parent=444"}],"curies":[{"name":"wp","href":"https:\/\/api.w.org\/{rel}","templated":true}]}}