{"id":8355,"date":"2025-07-31T10:37:58","date_gmt":"2025-07-31T10:37:58","guid":{"rendered":"https:\/\/www.stm-diving.com\/korzysci-dla-czlonkow\/"},"modified":"2025-11-10T13:23:45","modified_gmt":"2025-11-10T13:23:45","slug":"korzysci-dla-czlonkow","status":"publish","type":"page","link":"https:\/\/www.stm-diving.com\/pl\/korzysci-dla-czlonkow\/","title":{"rendered":"Korzy\u015bci dla cz\u0142onk\u00f3w"},"content":{"rendered":"<p>[et_pb_section fb_built=&#8221;1&#8243; _builder_version=&#8221;4.27.4&#8243; _module_preset=&#8221;default&#8221; global_colors_info=&#8221;{}&#8221;][et_pb_row _builder_version=&#8221;4.27.4&#8243; _module_preset=&#8221;default&#8221; global_colors_info=&#8221;{}&#8221;][et_pb_column type=&#8221;4_4&#8243; _builder_version=&#8221;4.27.4&#8243; _module_preset=&#8221;default&#8221; global_colors_info=&#8221;{}&#8221;][et_pb_image src=&#8221;https:\/\/www.stm-diving.com\/wp-content\/uploads\/2025\/07\/1Member.webp&#8221; title_text=&#8221;1Cz\u0142onek&#8221; align=&#8221;center&#8221; _builder_version=&#8221;4.27.4&#8243; _module_preset=&#8221;default&#8221; global_colors_info=&#8221;{}&#8221;][\/et_pb_image][\/et_pb_column][\/et_pb_row][et_pb_row _builder_version=&#8221;4.27.4&#8243; _module_preset=&#8221;default&#8221; global_colors_info=&#8221;{}&#8221;][et_pb_column type=&#8221;4_4&#8243; _builder_version=&#8221;4.27.4&#8243; _module_preset=&#8221;default&#8221; global_colors_info=&#8221;{}&#8221;][et_pb_text _builder_version=&#8221;4.27.4&#8243; _dynamic_attributes=&#8221;content&#8221; _module_preset=&#8221;default&#8221; text_font=&#8221;-et_global_heading_font|500||||on|||&#8221; text_text_color=&#8221;#000a28&#8243; text_font_size=&#8221;55px&#8221; header_font=&#8221;-et_global_heading_font||||||||&#8221; text_orientation=&#8221;center&#8221; text_line_height_tablet=&#8221;&#8221; text_line_height_phone=&#8221;0.9em&#8221; text_line_height_last_edited=&#8221;on|phone&#8221; header_font_tablet=&#8221;-et_global_heading_font||||||||&#8221; header_font_phone=&#8221;-et_global_heading_font||||||||&#8221; header_font_last_edited=&#8221;on|desktop&#8221; global_colors_info=&#8221;{}&#8221;]@ET-DC@eyJkeW5hbWljIjp0cnVlLCJjb250ZW50IjoicG9zdF90aXRsZSIsInNldHRpbmdzIjp7ImJlZm9yZSI6IiIsImFmdGVyIjoiIiwiZW5hYmxlX2h0bWwiOiJvZmYifX0=@[\/et_pb_text][et_pb_text _builder_version=&#8221;4.27.4&#8243; _module_preset=&#8221;default&#8221; header_2_font=&#8221;-et_global_heading_font||||||||&#8221; header_2_font_size=&#8221;30px&#8221; header_2_font_size_last_edited=&#8221;off|desktop&#8221; global_colors_info=&#8221;{}&#8221;]<\/p>\n<h2 style=\"text-align: center;\">Pierwszy poziom programu STM jest otwarty dla wszystkich.<\/h2>\n<p>[\/et_pb_text][\/et_pb_column][\/et_pb_row][et_pb_row _builder_version=&#8221;4.27.4&#8243; _module_preset=&#8221;default&#8221; global_colors_info=&#8221;{}&#8221;][et_pb_column type=&#8221;4_4&#8243; _builder_version=&#8221;4.27.4&#8243; _module_preset=&#8221;default&#8221; global_colors_info=&#8221;{}&#8221;][et_pb_text _builder_version=&#8221;4.27.4&#8243; _module_preset=&#8221;default&#8221; custom_padding=&#8221;0px|||||&#8221; global_colors_info=&#8221;{}&#8221;]<\/p>\n<h3 style=\"text-align: center;\"><span style=\"background-color: #ffffff; font-size: 25px;\">Zaprojektowany poziom A  <\/span><span style=\"font-size: 25px;\">dla wszystkich nurk\u00f3w, kt\u00f3rzy chc\u0105 realizowa\u0107 swoj\u0105 pasj\u0119, jednocze\u015bnie czerpi\u0105c z tego wymierne korzy\u015bci. Staj\u0105c si\u0119 cz\u0142onkiem, do\u0142\u0105czasz do mi\u0119dzynarodowej spo\u0142eczno\u015bci nap\u0119dzanej warto\u015bciami <strong>STM<\/strong>: pasj\u0105, dzieleniem si\u0119 i szacunkiem dla Morza Czerwonego. <\/span><\/h3>\n<p>[\/et_pb_text][\/et_pb_column][\/et_pb_row][\/et_pb_section][et_pb_section fb_built=&#8221;1&#8243; _builder_version=&#8221;4.27.4&#8243; _module_preset=&#8221;default&#8221; custom_padding=&#8221;0px|||||&#8221; global_colors_info=&#8221;{}&#8221;][et_pb_row column_structure=&#8221;1_2,1_2&#8243; _builder_version=&#8221;4.27.4&#8243; _module_preset=&#8221;default&#8221; global_colors_info=&#8221;{}&#8221;][et_pb_column type=&#8221;1_2&#8243; _builder_version=&#8221;4.27.4&#8243; _module_preset=&#8221;default&#8221; global_colors_info=&#8221;{}&#8221;][et_pb_text _builder_version=&#8221;4.27.4&#8243; _module_preset=&#8221;default&#8221; global_colors_info=&#8221;{}&#8221;]<\/p>\n<h3 data-start=\"1256\" data-end=\"1287\">Twoje wyj\u0105tkowe korzy\u015bci<\/h3>\n<p><\/p>\n<p>&nbsp;<\/p>\n<p><\/p>\n<ul data-start=\"1288\" data-end=\"1755\">\n<li data-start=\"1288\" data-end=\"1346\">\n<p data-start=\"1290\" data-end=\"1346\">Natychmiastowy dost\u0119p do <strong data-start=\"1308\" data-end=\"1344\">programu lojalno\u015bciowego STM Diving<\/strong><\/p>\n<\/li>\n<li data-start=\"1288\" data-end=\"1346\"><strong>25 punkt\u00f3w STM<\/strong> przy zakupie pierwszego karnetu sezonowego  <strong data-start=\"1308\" data-end=\"1344\"><\/strong><\/li>\n<li data-start=\"1288\" data-end=\"1346\"><strong>25 punkt\u00f3w STM<\/strong> przy ka\u017cdym odnowieniu subskrypcji  <strong data-start=\"1308\" data-end=\"1344\"><\/strong><\/li>\n<li data-start=\"1433\" data-end=\"1514\">\n<p data-start=\"1435\" data-end=\"1514\"><strong data-start=\"1435\" data-end=\"1512\">1 punkt STM za ka\u017cde 10 \u20ac wydane w sklepie internetowym STM Diving<\/strong><\/p>\n<\/li>\n<li data-start=\"1515\" data-end=\"1585\">\n<p data-start=\"1517\" data-end=\"1585\">Dost\u0119p do <strong data-start=\"1527\" data-end=\"1572\">ofert specjalnych i sklep\u00f3w partnerskich<\/strong> STM Diving (wkr\u00f3tce)<\/p>\n<\/li>\n<li data-start=\"1586\" data-end=\"1674\">\n<p data-start=\"1588\" data-end=\"1674\">Nowi cz\u0142onkowie mog\u0105 by\u0107 <strong data-start=\"1588\" data-end=\"1602\">sponsorowani<\/strong>,  <\/p>\n<\/li>\n<li data-start=\"1675\" data-end=\"1755\">\n<p data-start=\"1677\" data-end=\"1755\"><strong data-start=\"1677\" data-end=\"1707\">Wykorzystanie punkt\u00f3w STM<\/strong> do <strong data-start=\"1716\" data-end=\"1753\">30% warto\u015bci rejsu<\/strong><\/p>\n<\/li>\n<\/ul>\n<p>[\/et_pb_text][\/et_pb_column][et_pb_column type=&#8221;1_2&#8243; _builder_version=&#8221;4.27.4&#8243; _module_preset=&#8221;default&#8221; global_colors_info=&#8221;{}&#8221;][et_pb_text _builder_version=&#8221;4.27.4&#8243; _module_preset=&#8221;default&#8221; global_colors_info=&#8221;{}&#8221;]<\/p>\n<h3 data-start=\"1757\" data-end=\"1803\">Warunki dost\u0119pu<\/h3>\n<p><\/p>\n<p>&nbsp;<\/p>\n<p><\/p>\n<ul data-start=\"1804\" data-end=\"2026\">\n<li data-start=\"1804\" data-end=\"1871\">\n<p data-start=\"1806\" data-end=\"1871\"><strong data-start=\"1806\" data-end=\"1869\">Subskrybuj roczne cz\u0142onkostwo STM Diving za 49,- \u20ac.<\/strong><\/p>\n<\/li>\n<li data-start=\"1872\" data-end=\"1916\">\n<p data-start=\"1874\" data-end=\"1916\">Utw\u00f3rz kompletne i aktualne konto cz\u0142onkowskie<\/p>\n<\/li>\n<li data-start=\"1917\" data-end=\"1979\">\n<p data-start=\"1919\" data-end=\"1979\">wzi\u0105\u0107 udzia\u0142 w co najmniej jednym rejsie lub aktywno\u015bci STM Diving<\/p>\n<\/li>\n<li data-start=\"1980\" data-end=\"2026\">\n<p data-start=\"1982\" data-end=\"2026\">Przestrzeganie karty nurka STM Diving<\/p>\n<\/li>\n<\/ul>\n<p><\/p>\n<h3 data-start=\"2028\" data-end=\"2072\"><\/h3>\n<p>[\/et_pb_text][\/et_pb_column][\/et_pb_row][et_pb_row _builder_version=&#8221;4.27.4&#8243; _module_preset=&#8221;default&#8221; global_colors_info=&#8221;{}&#8221;][et_pb_column type=&#8221;4_4&#8243; _builder_version=&#8221;4.27.4&#8243; _module_preset=&#8221;default&#8221; global_colors_info=&#8221;{}&#8221;][et_pb_text _builder_version=&#8221;4.27.4&#8243; _module_preset=&#8221;default&#8221; global_colors_info=&#8221;{}&#8221;]<\/p>\n<h3 style=\"text-align: center;\">Status cz\u0142onka jest punktem wyj\u015bcia do satysfakcjonuj\u0105cej przygody z nurkowaniem.<\/h3>\n<p>[\/et_pb_text][\/et_pb_column][\/et_pb_row][\/et_pb_section][et_pb_section fb_built=&#8221;1&#8243; _builder_version=&#8221;4.27.4&#8243; _module_preset=&#8221;default&#8221; global_module=&#8221;8818&#8243; global_colors_info=&#8221;{}&#8221;][et_pb_row _builder_version=&#8221;4.27.4&#8243; _module_preset=&#8221;default&#8221; background_color=&#8221;#D3D3D3&#8243; border_radii=&#8221;on|2px|2px|2px|2px&#8221; border_color_all=&#8221;#D3D3D3&#8243; global_colors_info=&#8221;{}&#8221;][et_pb_column type=&#8221;4_4&#8243; _builder_version=&#8221;4.27.4&#8243; _module_preset=&#8221;default&#8221; global_colors_info=&#8221;{}&#8221;][et_pb_text _builder_version=&#8221;4.27.4&#8243; _module_preset=&#8221;default&#8221; border_radii=&#8221;on|2px|2px|2px|2px&#8221; border_color_all=&#8221;#D3D3D3&#8243; global_colors_info=&#8221;{}&#8221;]<\/p>\n<h2 style=\"text-align: center;\">Wyja\u015bnienie pokole\u0144 w programie STM-member<\/h2>\n<p>[\/et_pb_text][\/et_pb_column][\/et_pb_row][et_pb_row column_structure=&#8221;1_2,1_2&#8243; _builder_version=&#8221;4.27.4&#8243; _module_preset=&#8221;default&#8221; custom_padding=&#8221;||27px|||&#8221; global_colors_info=&#8221;{}&#8221;][et_pb_column type=&#8221;1_2&#8243; _builder_version=&#8221;4.27.4&#8243; _module_preset=&#8221;default&#8221; global_colors_info=&#8221;{}&#8221;][et_pb_text _builder_version=&#8221;4.27.4&#8243; _module_preset=&#8221;default&#8221; background_color=&#8221;#87CEEB&#8221; global_colors_info=&#8221;{}&#8221;]<\/p>\n<h3 style=\"text-align: center;\"><b>1. pokolenie<\/b>:<\/h3>\n<p><\/p>\n<h4 style=\"text-align: center;\">s\u0105 to cz\u0142onkowie, kt\u00f3rych osobi\u015bcie sponsorowa\u0142e\u015b.<\/h4>\n<p>[\/et_pb_text][\/et_pb_column][et_pb_column type=&#8221;1_2&#8243; _builder_version=&#8221;4.27.4&#8243; _module_preset=&#8221;default&#8221; global_colors_info=&#8221;{}&#8221;][et_pb_text _builder_version=&#8221;4.27.4&#8243; _module_preset=&#8221;default&#8221; text_text_color=&#8221;#D3D3D3&#8243; background_color=&#8221;#87CEEB&#8221; border_radii=&#8221;on|2px|2px|2px|2px&#8221; border_color_all=&#8221;#D3D3D3&#8243; global_colors_info=&#8221;{}&#8221;]<\/p>\n<h3 style=\"text-align: center;\"><b>2. pokolenie<\/b>:<\/h3>\n<p><\/p>\n<h4 style=\"text-align: center;\">s\u0105 to cz\u0142onkowie sponsorowani przez Twoich w\u0142asnych podopiecznych.<\/h4>\n<p>[\/et_pb_text][\/et_pb_column][\/et_pb_row][et_pb_row _builder_version=&#8221;4.27.4&#8243; _module_preset=&#8221;default&#8221; global_colors_info=&#8221;{}&#8221;][et_pb_column type=&#8221;4_4&#8243; _builder_version=&#8221;4.27.4&#8243; _module_preset=&#8221;default&#8221; global_colors_info=&#8221;{}&#8221;][et_pb_text _builder_version=&#8221;4.27.4&#8243; _module_preset=&#8221;default&#8221; custom_padding=&#8221;1px|||||&#8221; global_colors_info=&#8221;{}&#8221;]<\/p>\n<h4 style=\"text-align: center;\">Przyk\u0142ad:<\/h4>\n<p><\/p>\n<h4 style=\"text-align: center;\">je\u015bli jeste\u015b sponsorem Marie (1. pokolenie), a ona z kolei jest sponsorem Lucasa,<\/h4>\n<p><\/p>\n<h4 style=\"text-align: center;\">Lucas nale\u017cy do Twojego 2. pokolenia.<\/h4>\n<p>[\/et_pb_text][\/et_pb_column][\/et_pb_row][et_pb_row _builder_version=&#8221;4.27.4&#8243; _module_preset=&#8221;default&#8221; global_colors_info=&#8221;{}&#8221;][et_pb_column type=&#8221;4_4&#8243; _builder_version=&#8221;4.27.4&#8243; _module_preset=&#8221;default&#8221; global_colors_info=&#8221;{}&#8221;][et_pb_text _builder_version=&#8221;4.27.4&#8243; _module_preset=&#8221;default&#8221; background_color=&#8221;RGBA(255,255,255,0)&#8221; global_colors_info=&#8221;{}&#8221;]<\/p>\n<h4><strong>Jak poleci\u0107 osob\u0119 do programu partnerskiego?<\/strong><\/h4>\n<p><\/p>\n<p>&nbsp;<\/p>\n<p><\/p>\n<h4>\u00a0<\/h4>\n<p><\/p>\n<p>&nbsp;<\/p>\n<p><\/p>\n<h4>To bardzo proste!<\/h4>\n<p><\/p>\n<p>&nbsp;<\/p>\n<p><\/p>\n<p>Podaj sw\u00f3j <b>identyfikator osobisty<\/b>, dost\u0119pny w sekcji <i>Moje konto<\/i>.<\/p>\n<p><\/p>\n<p>&nbsp;<\/p>\n<p><\/p>\n<p>Podczas <b>zakupu<\/b> osoba polecona musi po prostu <b>wklei\u0107 ten identyfikator w odpowiednim polu<\/b>: link polecaj\u0105cy zostanie utworzony automatycznie.<\/p>\n<p><\/p>\n<p>&nbsp;<\/p>\n<p><\/p>\n<p>W przypadku <b>utworzenia konta bez zakupu<\/b> w sekcji <i>Moje dane<\/i> dost\u0119pne jest pole, w kt\u00f3rym mo\u017cna r\u0119cznie wpisa\u0107 dane osoby polecaj\u0105cej.<\/p>\n<p><\/p>\n<h4><strong>Po zarejestrowaniu identyfikatora nie mo\u017cna ju\u017c zmieni\u0107 osoby polecaj\u0105cej.<\/strong><\/h4>\n<p><\/p>\n<h4><strong>W przypadku b\u0142\u0119du prosimy o kontakt z administratorem systemu.<\/strong><\/h4>\n<p>[\/et_pb_text][\/et_pb_column][\/et_pb_row][et_pb_row _builder_version=&#8221;4.27.4&#8243; _module_preset=&#8221;default&#8221; global_colors_info=&#8221;{}&#8221;][et_pb_column type=&#8221;4_4&#8243; _builder_version=&#8221;4.27.4&#8243; _module_preset=&#8221;default&#8221; global_colors_info=&#8221;{}&#8221;][et_pb_button button_url=&#8221;https:\/\/www.stm-diving.com\/pl\/moje-konto\/&#8221; button_text=&#8221;Moje konto&#8221; button_alignment=&#8221;center&#8221; _builder_version=&#8221;4.27.4&#8243; _module_preset=&#8221;default&#8221; global_colors_info=&#8221;{}&#8221;][\/et_pb_button][\/et_pb_column][\/et_pb_row][\/et_pb_section][et_pb_section fb_built=&#8221;1&#8243; _builder_version=&#8221;4.27.4&#8243; _module_preset=&#8221;default&#8221; use_background_color_gradient=&#8221;on&#8221; background_color_gradient_stops=&#8221;rgba(51,51,51,0.66) 0%|rgba(51,51,51,0.4) 100%&#8221; background_color_gradient_overlays_image=&#8221;on&#8221; background_image=&#8221;https:\/\/www.stm-diving.com\/wp-content\/uploads\/2025\/04\/WhatsApp-Image-2025-04-09-a-16.03.08_4e703903.webp&#8221; global_colors_info=&#8221;{}&#8221;][et_pb_row _builder_version=&#8221;4.27.4&#8243; _module_preset=&#8221;default&#8221; global_colors_info=&#8221;{}&#8221;][et_pb_column type=&#8221;4_4&#8243; _builder_version=&#8221;4.27.4&#8243; _module_preset=&#8221;default&#8221; global_colors_info=&#8221;{}&#8221;][et_pb_text _builder_version=&#8221;4.27.4&#8243; _module_preset=&#8221;default&#8221; text_text_color=&#8221;#FFFFFF&#8221; text_font_size=&#8221;22px&#8221; ul_text_align=&#8221;center&#8221; header_2_text_color=&#8221;#FFFFFF&#8221; header_3_text_color=&#8221;#FFFFFF&#8221; header_4_text_color=&#8221;#FFFFFF&#8221; global_colors_info=&#8221;{}&#8221;]<\/p>\n<h2 style=\"text-align: center;\">Jak osi\u0105gn\u0105\u0107 kolejny poziom?<\/h2>\n<p><\/p>\n<p>&nbsp;<\/p>\n<p><\/p>\n<p style=\"text-align: center;\">Zosta\u0144 ambasadorem, sponsoruj\u0105c <strong>15 aktywnych cz\u0142onk\u00f3w<\/strong> i aktualizuj\u0105c <strong>roczn\u0105 subskrypcj\u0119<\/strong>, aby cieszy\u0107 si\u0119 jeszcze wi\u0119kszymi korzy\u015bciami i ekskluzywnymi nagrodami w ramach programu STM Diving.<\/p>\n<p>[\/et_pb_text][\/et_pb_column][\/et_pb_row][et_pb_row _builder_version=&#8221;4.27.4&#8243; _module_preset=&#8221;default&#8221;][et_pb_column _builder_version=&#8221;4.27.4&#8243; _module_preset=&#8221;default&#8221; type=&#8221;4_4&#8243;][et_pb_text _builder_version=&#8221;4.27.4&#8243; _module_preset=&#8221;default&#8221; hover_enabled=&#8221;0&#8243; sticky_enabled=&#8221;0&#8243;]<\/p>\n<h3 style=\"text-align: center;\">Aktywny cz\u0142onek \/ Aktywny polecony<\/h3>\n<p><\/p>\n<p style=\"text-align: center;\"><b>Aktywny cz\u0142onek<\/b> lub <b>aktywny polecony<\/b> to osoba, kt\u00f3rej <b>profil jest kompletny<\/b> i kt\u00f3ra <b>op\u0142aci\u0142a roczn\u0105 sk\u0142adk\u0119<\/b>.<\/p>\n<p><\/p>\n<p style=\"text-align: center;\">Tylko aktywni cz\u0142onkowie mog\u0105 <b>zdobywa\u0107 punkty i otrzymywa\u0107 prowizje<\/b>.<\/p>\n<p><\/p>\n<p style=\"text-align: center;\">Aby otrzyma\u0107 <b>prowizj\u0119 za poleconego<\/b>, <b>polecony r\u00f3wnie\u017c musi by\u0107 aktywny<\/b>.<\/p>\n<p>[\/et_pb_text][\/et_pb_column][\/et_pb_row][\/et_pb_section][et_pb_section fb_built=&#8221;1&#8243; _builder_version=&#8221;4.27.4&#8243; _module_preset=&#8221;default&#8221; custom_padding=&#8221;||5px|||&#8221; global_colors_info=&#8221;{}&#8221;][\/et_pb_section][et_pb_section fb_built=&#8221;1&#8243; _builder_version=&#8221;4.27.4&#8243; _module_preset=&#8221;default&#8221; custom_padding=&#8221;3px||7px|||&#8221; global_colors_info=&#8221;{}&#8221;][et_pb_row _builder_version=&#8221;4.27.4&#8243; _module_preset=&#8221;default&#8221; width=&#8221;100%&#8221; max_width=&#8221;2250px&#8221; module_alignment=&#8221;center&#8221; global_colors_info=&#8221;{}&#8221;][et_pb_column type=&#8221;4_4&#8243; _builder_version=&#8221;4.27.4&#8243; _module_preset=&#8221;default&#8221; global_colors_info=&#8221;{}&#8221;][et_pb_post_nav in_same_term=&#8221;on&#8221; _builder_version=&#8221;4.27.4&#8243; _module_preset=&#8221;default&#8221; title_font_size=&#8221;20px&#8221; locked=&#8221;off&#8221; global_colors_info=&#8221;{}&#8221;][\/et_pb_post_nav][\/et_pb_column][\/et_pb_row][\/et_pb_section]<\/p>\n","protected":false},"excerpt":{"rendered":"<p>Pierwszy poziom programu STM jest otwarty dla wszystkich.Zaprojektowany poziom A dla wszystkich nurk\u00f3w, kt\u00f3rzy chc\u0105 realizowa\u0107 swoj\u0105 pasj\u0119, jednocze\u015bnie czerpi\u0105c z tego wymierne korzy\u015bci. Staj\u0105c si\u0119 cz\u0142onkiem, do\u0142\u0105czasz do mi\u0119dzynarodowej spo\u0142eczno\u015bci nap\u0119dzanej warto\u015bciami STM: pasj\u0105, dzieleniem si\u0119 i szacunkiem dla Morza Czerwonego. Twoje wyj\u0105tkowe korzy\u015bci&nbsp; Natychmiastowy dost\u0119p do programu lojalno\u015bciowego STM Diving 25 punkt\u00f3w STM [&hellip;]<\/p>\n","protected":false},"author":1,"featured_media":0,"parent":0,"menu_order":0,"comment_status":"closed","ping_status":"closed","template":"","meta":{"_et_pb_use_builder":"on","_et_pb_old_content":"","_et_gb_content_width":"","footnotes":""},"class_list":["post-8355","page","type-page","status-publish","hentry"],"yoast_head":"<!-- This site is optimized with the Yoast SEO plugin v27.5 - https:\/\/yoast.com\/product\/yoast-seo-wordpress\/ -->\n<title>Korzy\u015bci dla cz\u0142onk\u00f3w - STM Diving<\/title>\n<meta name=\"robots\" content=\"noindex, nofollow\" \/>\n<meta property=\"og:locale\" content=\"pl_PL\" \/>\n<meta property=\"og:type\" content=\"article\" \/>\n<meta property=\"og:title\" content=\"Korzy\u015bci dla cz\u0142onk\u00f3w - STM Diving\" \/>\n<meta property=\"og:description\" content=\"Pierwszy poziom programu STM jest otwarty dla wszystkich.Zaprojektowany poziom A dla wszystkich nurk\u00f3w, kt\u00f3rzy chc\u0105 realizowa\u0107 swoj\u0105 pasj\u0119, jednocze\u015bnie czerpi\u0105c z tego wymierne korzy\u015bci. Staj\u0105c si\u0119 cz\u0142onkiem, do\u0142\u0105czasz do mi\u0119dzynarodowej spo\u0142eczno\u015bci nap\u0119dzanej warto\u015bciami STM: pasj\u0105, dzieleniem si\u0119 i szacunkiem dla Morza Czerwonego. Twoje wyj\u0105tkowe korzy\u015bci&nbsp; Natychmiastowy dost\u0119p do programu lojalno\u015bciowego STM Diving 25 punkt\u00f3w STM [&hellip;]\" \/>\n<meta property=\"og:url\" content=\"https:\/\/www.stm-diving.com\/pl\/korzysci-dla-czlonkow\/\" \/>\n<meta property=\"og:site_name\" content=\"STM Diving\" \/>\n<meta property=\"article:publisher\" content=\"https:\/\/www.facebook.com\/people\/STM-Diving-cruises\/61566595790077\/\" \/>\n<meta property=\"article:modified_time\" content=\"2025-11-10T13:23:45+00:00\" \/>\n<meta name=\"twitter:card\" content=\"summary_large_image\" \/>\n<meta name=\"twitter:label1\" content=\"Szacowany czas czytania\" \/>\n\t<meta name=\"twitter:data1\" content=\"7 minut\" \/>\n<script type=\"application\/ld+json\" class=\"yoast-schema-graph\">{\"@context\":\"https:\\\/\\\/schema.org\",\"@graph\":[{\"@type\":\"WebPage\",\"@id\":\"https:\\\/\\\/www.stm-diving.com\\\/pl\\\/korzysci-dla-czlonkow\\\/\",\"url\":\"https:\\\/\\\/www.stm-diving.com\\\/pl\\\/korzysci-dla-czlonkow\\\/\",\"name\":\"Korzy\u015bci dla cz\u0142onk\u00f3w - STM Diving\",\"isPartOf\":{\"@id\":\"https:\\\/\\\/www.stm-diving.com\\\/pl\\\/#website\"},\"datePublished\":\"2025-07-31T10:37:58+00:00\",\"dateModified\":\"2025-11-10T13:23:45+00:00\",\"breadcrumb\":{\"@id\":\"https:\\\/\\\/www.stm-diving.com\\\/pl\\\/korzysci-dla-czlonkow\\\/#breadcrumb\"},\"inLanguage\":\"pl-PL\",\"potentialAction\":[{\"@type\":\"ReadAction\",\"target\":[\"https:\\\/\\\/www.stm-diving.com\\\/pl\\\/korzysci-dla-czlonkow\\\/\"]}]},{\"@type\":\"BreadcrumbList\",\"@id\":\"https:\\\/\\\/www.stm-diving.com\\\/pl\\\/korzysci-dla-czlonkow\\\/#breadcrumb\",\"itemListElement\":[{\"@type\":\"ListItem\",\"position\":1,\"name\":\"Accueil\",\"item\":\"https:\\\/\\\/www.stm-diving.com\\\/pl\\\/\"},{\"@type\":\"ListItem\",\"position\":2,\"name\":\"Korzy\u015bci dla cz\u0142onk\u00f3w\"}]},{\"@type\":\"WebSite\",\"@id\":\"https:\\\/\\\/www.stm-diving.com\\\/pl\\\/#website\",\"url\":\"https:\\\/\\\/www.stm-diving.com\\\/pl\\\/\",\"name\":\"STM Diving\",\"description\":\"Red Sea Diving Cruises\",\"publisher\":{\"@id\":\"https:\\\/\\\/www.stm-diving.com\\\/pl\\\/#organization\"},\"potentialAction\":[{\"@type\":\"SearchAction\",\"target\":{\"@type\":\"EntryPoint\",\"urlTemplate\":\"https:\\\/\\\/www.stm-diving.com\\\/pl\\\/?s={search_term_string}\"},\"query-input\":{\"@type\":\"PropertyValueSpecification\",\"valueRequired\":true,\"valueName\":\"search_term_string\"}}],\"inLanguage\":\"pl-PL\"},{\"@type\":\"Organization\",\"@id\":\"https:\\\/\\\/www.stm-diving.com\\\/pl\\\/#organization\",\"name\":\"STM Diving\",\"url\":\"https:\\\/\\\/www.stm-diving.com\\\/pl\\\/\",\"logo\":{\"@type\":\"ImageObject\",\"inLanguage\":\"pl-PL\",\"@id\":\"https:\\\/\\\/www.stm-diving.com\\\/pl\\\/#\\\/schema\\\/logo\\\/image\\\/\",\"url\":\"https:\\\/\\\/coachdefilles.com\\\/STM\\\/wp-content\\\/uploads\\\/2025\\\/04\\\/cropped-stm-diving-logo-carre.webp\",\"contentUrl\":\"https:\\\/\\\/coachdefilles.com\\\/STM\\\/wp-content\\\/uploads\\\/2025\\\/04\\\/cropped-stm-diving-logo-carre.webp\",\"width\":512,\"height\":512,\"caption\":\"STM Diving\"},\"image\":{\"@id\":\"https:\\\/\\\/www.stm-diving.com\\\/pl\\\/#\\\/schema\\\/logo\\\/image\\\/\"},\"sameAs\":[\"https:\\\/\\\/www.facebook.com\\\/people\\\/STM-Diving-cruises\\\/61566595790077\\\/\",\"https:\\\/\\\/www.instagram.com\\\/stm_diving_cruises\\\/\"]}]}<\/script>\n<!-- \/ Yoast SEO plugin. -->","yoast_head_json":{"title":"Korzy\u015bci dla cz\u0142onk\u00f3w - STM Diving","robots":{"index":"noindex","follow":"nofollow"},"og_locale":"pl_PL","og_type":"article","og_title":"Korzy\u015bci dla cz\u0142onk\u00f3w - STM Diving","og_description":"Pierwszy poziom programu STM jest otwarty dla wszystkich.Zaprojektowany poziom A dla wszystkich nurk\u00f3w, kt\u00f3rzy chc\u0105 realizowa\u0107 swoj\u0105 pasj\u0119, jednocze\u015bnie czerpi\u0105c z tego wymierne korzy\u015bci. Staj\u0105c si\u0119 cz\u0142onkiem, do\u0142\u0105czasz do mi\u0119dzynarodowej spo\u0142eczno\u015bci nap\u0119dzanej warto\u015bciami STM: pasj\u0105, dzieleniem si\u0119 i szacunkiem dla Morza Czerwonego. Twoje wyj\u0105tkowe korzy\u015bci&nbsp; Natychmiastowy dost\u0119p do programu lojalno\u015bciowego STM Diving 25 punkt\u00f3w STM [&hellip;]","og_url":"https:\/\/www.stm-diving.com\/pl\/korzysci-dla-czlonkow\/","og_site_name":"STM Diving","article_publisher":"https:\/\/www.facebook.com\/people\/STM-Diving-cruises\/61566595790077\/","article_modified_time":"2025-11-10T13:23:45+00:00","twitter_card":"summary_large_image","twitter_misc":{"Szacowany czas czytania":"7 minut"},"schema":{"@context":"https:\/\/schema.org","@graph":[{"@type":"WebPage","@id":"https:\/\/www.stm-diving.com\/pl\/korzysci-dla-czlonkow\/","url":"https:\/\/www.stm-diving.com\/pl\/korzysci-dla-czlonkow\/","name":"Korzy\u015bci dla cz\u0142onk\u00f3w - STM Diving","isPartOf":{"@id":"https:\/\/www.stm-diving.com\/pl\/#website"},"datePublished":"2025-07-31T10:37:58+00:00","dateModified":"2025-11-10T13:23:45+00:00","breadcrumb":{"@id":"https:\/\/www.stm-diving.com\/pl\/korzysci-dla-czlonkow\/#breadcrumb"},"inLanguage":"pl-PL","potentialAction":[{"@type":"ReadAction","target":["https:\/\/www.stm-diving.com\/pl\/korzysci-dla-czlonkow\/"]}]},{"@type":"BreadcrumbList","@id":"https:\/\/www.stm-diving.com\/pl\/korzysci-dla-czlonkow\/#breadcrumb","itemListElement":[{"@type":"ListItem","position":1,"name":"Accueil","item":"https:\/\/www.stm-diving.com\/pl\/"},{"@type":"ListItem","position":2,"name":"Korzy\u015bci dla cz\u0142onk\u00f3w"}]},{"@type":"WebSite","@id":"https:\/\/www.stm-diving.com\/pl\/#website","url":"https:\/\/www.stm-diving.com\/pl\/","name":"STM Diving","description":"Red Sea Diving Cruises","publisher":{"@id":"https:\/\/www.stm-diving.com\/pl\/#organization"},"potentialAction":[{"@type":"SearchAction","target":{"@type":"EntryPoint","urlTemplate":"https:\/\/www.stm-diving.com\/pl\/?s={search_term_string}"},"query-input":{"@type":"PropertyValueSpecification","valueRequired":true,"valueName":"search_term_string"}}],"inLanguage":"pl-PL"},{"@type":"Organization","@id":"https:\/\/www.stm-diving.com\/pl\/#organization","name":"STM Diving","url":"https:\/\/www.stm-diving.com\/pl\/","logo":{"@type":"ImageObject","inLanguage":"pl-PL","@id":"https:\/\/www.stm-diving.com\/pl\/#\/schema\/logo\/image\/","url":"https:\/\/coachdefilles.com\/STM\/wp-content\/uploads\/2025\/04\/cropped-stm-diving-logo-carre.webp","contentUrl":"https:\/\/coachdefilles.com\/STM\/wp-content\/uploads\/2025\/04\/cropped-stm-diving-logo-carre.webp","width":512,"height":512,"caption":"STM Diving"},"image":{"@id":"https:\/\/www.stm-diving.com\/pl\/#\/schema\/logo\/image\/"},"sameAs":["https:\/\/www.facebook.com\/people\/STM-Diving-cruises\/61566595790077\/","https:\/\/www.instagram.com\/stm_diving_cruises\/"]}]}},"_links":{"self":[{"href":"https:\/\/www.stm-diving.com\/pl\/wp-json\/wp\/v2\/pages\/8355","targetHints":{"allow":["GET"]}}],"collection":[{"href":"https:\/\/www.stm-diving.com\/pl\/wp-json\/wp\/v2\/pages"}],"about":[{"href":"https:\/\/www.stm-diving.com\/pl\/wp-json\/wp\/v2\/types\/page"}],"author":[{"embeddable":true,"href":"https:\/\/www.stm-diving.com\/pl\/wp-json\/wp\/v2\/users\/1"}],"replies":[{"embeddable":true,"href":"https:\/\/www.stm-diving.com\/pl\/wp-json\/wp\/v2\/comments?post=8355"}],"version-history":[{"count":25,"href":"https:\/\/www.stm-diving.com\/pl\/wp-json\/wp\/v2\/pages\/8355\/revisions"}],"predecessor-version":[{"id":8945,"href":"https:\/\/www.stm-diving.com\/pl\/wp-json\/wp\/v2\/pages\/8355\/revisions\/8945"}],"wp:attachment":[{"href":"https:\/\/www.stm-diving.com\/pl\/wp-json\/wp\/v2\/media?parent=8355"}],"curies":[{"name":"wp","href":"https:\/\/api.w.org\/{rel}","templated":true}]}}