{"id":7456,"date":"2025-10-25T10:24:50","date_gmt":"2025-10-25T10:24:50","guid":{"rendered":"https:\/\/www.stm-diving.com\/?post_type=product&#038;p=7456"},"modified":"2025-10-26T16:22:34","modified_gmt":"2025-10-26T16:22:34","slug":"wyjazd-22-listopada-2025-r-copie-copie","status":"publish","type":"product","link":"https:\/\/www.stm-diving.com\/pl\/departs\/wyjazd-22-listopada-2025-r-copie-copie\/","title":{"rendered":"Wylot w dniu 26 wrze\u015bnia 2026 r. Deep Dive"},"content":{"rendered":"<h1 data-start=\"145\" data-end=\"221\"><strong data-start=\"145\" data-end=\"221\">Odkrywanie Wysp Braci, Rafy Elphinstone i Daedalus<\/strong><\/h1>\n<h4 data-start=\"223\" data-end=\"676\">Wyrusz na niezapomnian\u0105 przygod\u0119 w Morzu Czerwonym, jednym z najlepszych miejsc do nurkowania na \u015bwiecie! Ten rejs zabierze Ci\u0119 do trzech legendarnych miejsc: <strong data-start=\"385\" data-end=\"402\">Brothers Islands<\/strong>,<strong data-start=\"415\" data-end=\"430\">Elphinstone<\/strong> Reef i <strong data-start=\"434\" data-end=\"451\">Daedalus Reef<\/strong>, gdzie czekaj\u0105 na Ciebie spektakularne rafy koralowe, wyj\u0105tkowa fauna pelagiczna i ekscytuj\u0105ce nurkowania - w tym szansa na spotkanie z rekinami oceanicznymi, m\u0142otami i szarymi rekinami rafowymi.<\/h4>\n<h4 data-start=\"678\" data-end=\"923\">Ten rejs jest <strong data-start=\"699\" data-end=\"747\">specjalnie po\u015bwi\u0119cony g\u0142\u0119bokim nurkowaniom<\/strong> i spotkaniom pelagicznym, idealnym dla do\u015bwiadczonych nurk\u00f3w poszukuj\u0105cych trudnych nurkowa\u0144 wzd\u0142u\u017c majestatycznych spadk\u00f3w, gdzie w\u0119druj\u0105 du\u017ce drapie\u017cniki.<\/h4>\n<h4 data-start=\"925\" data-end=\"1259\">B\u0119dziesz na pok\u0142adzie <strong data-start=\"946\" data-end=\"957\">Heckler*<\/strong>, luksusowego jachtu zaprojektowanego jako prawdziwy p\u0142ywaj\u0105cy hotel: eleganckie kabiny z \u0142azienkami, du\u017ce strefy relaksu, nowoczesny salon, wyposa\u017cony pok\u0142ad s\u0142oneczny i najwy\u017cszej jako\u015bci obs\u0142uga za\u0142ogi. Najwy\u017cszy komfort, aby w pe\u0142ni wykorzysta\u0107 ka\u017cd\u0105 chwil\u0119, zar\u00f3wno pod wod\u0105, jak i na pok\u0142adzie. <\/h4>\n<p data-start=\"1261\" data-end=\"1370\">* <em data-start=\"1264\" data-end=\"1370\">\u0141\u00f3d\u017a mo\u017ce zosta\u0107 zmieniona w ostatniej chwili i zast\u0105piona statkiem o tym samym standardzie<\/em>.<\/p>\n","protected":false},"excerpt":{"rendered":"<p>Odkrywanie Wysp Braci, Rafy Elphinstone i Daedalus Wyrusz na niezapomnian\u0105 przygod\u0119 w Morzu Czerwonym, jednym z najlepszych miejsc do nurkowania na \u015bwiecie! Ten rejs zabierze Ci\u0119 do trzech legendarnych miejsc: Brothers Islands,Elphinstone Reef i Daedalus Reef, gdzie czekaj\u0105 na Ciebie spektakularne rafy koralowe, wyj\u0105tkowa fauna pelagiczna i ekscytuj\u0105ce nurkowania - w tym szansa na spotkanie [&hellip;]<\/p>\n","protected":false},"featured_media":7461,"template":"","meta":{"_et_pb_use_builder":"off","_et_pb_old_content":"<h2>Odkrywanie Wysp Braci, Rafy Elphinstone i Daedalus<\/h2>\nWyrusz na niezapomnian\u0105 przygod\u0119 w Morzu Czerwonym, jednym z najlepszych miejsc do nurkowania na \u015bwiecie! Ten rejs nurkowy zabierze Ci\u0119 do trzech legendarnych miejsc: Brothers Islands, Elphinstone Reef i Daedalus Reef, gdzie czekaj\u0105 na Ciebie spektakularne rafy koralowe, wyj\u0105tkowe \u017cycie morskie i ekscytuj\u0105ce nurkowania. ","_et_gb_content_width":""},"product_brand":[],"product_cat":[71],"product_tag":[],"class_list":{"0":"post-7456","1":"product","2":"type-product","3":"status-publish","4":"has-post-thumbnail","6":"product_cat-rejs-bde","8":"first","9":"instock","10":"featured","11":"shipping-taxable","12":"purchasable","13":"product-type-simple"},"stm_departure_date":null,"yoast_head":"<!-- This site is optimized with the Yoast SEO plugin v27.5 - https:\/\/yoast.com\/product\/yoast-seo-wordpress\/ -->\n<title>Wylot w dniu 26 wrze\u015bnia 2026 r. Deep Dive - STM Diving<\/title>\n<meta name=\"robots\" content=\"index, follow, max-snippet:-1, max-image-preview:large, max-video-preview:-1\" \/>\n<link rel=\"canonical\" href=\"https:\/\/www.stm-diving.com\/pl\/departs\/wyjazd-22-listopada-2025-r-copie-copie\/\" \/>\n<meta property=\"og:locale\" content=\"pl_PL\" \/>\n<meta property=\"og:type\" content=\"article\" \/>\n<meta property=\"og:title\" content=\"Wylot w dniu 26 wrze\u015bnia 2026 r. Deep Dive - STM Diving\" \/>\n<meta property=\"og:description\" content=\"Odkrywanie Wysp Braci, Rafy Elphinstone i Daedalus Wyrusz na niezapomnian\u0105 przygod\u0119 w Morzu Czerwonym, jednym z najlepszych miejsc do nurkowania na \u015bwiecie! Ten rejs zabierze Ci\u0119 do trzech legendarnych miejsc: Brothers Islands,Elphinstone Reef i Daedalus Reef, gdzie czekaj\u0105 na Ciebie spektakularne rafy koralowe, wyj\u0105tkowa fauna pelagiczna i ekscytuj\u0105ce nurkowania - w tym szansa na spotkanie [&hellip;]\" \/>\n<meta property=\"og:url\" content=\"https:\/\/www.stm-diving.com\/pl\/departs\/wyjazd-22-listopada-2025-r-copie-copie\/\" \/>\n<meta property=\"og:site_name\" content=\"STM Diving\" \/>\n<meta property=\"article:publisher\" content=\"https:\/\/www.facebook.com\/people\/STM-Diving-cruises\/61566595790077\/\" \/>\n<meta property=\"article:modified_time\" content=\"2025-10-26T16:22:34+00:00\" \/>\n<meta property=\"og:image\" content=\"https:\/\/www.stm-diving.com\/wp-content\/uploads\/2025\/10\/mise-en-avant-Croisiere-sans-sold-out-1.webp\" \/>\n\t<meta property=\"og:image:width\" content=\"1000\" \/>\n\t<meta property=\"og:image:height\" content=\"1000\" \/>\n\t<meta property=\"og:image:type\" content=\"image\/webp\" \/>\n<meta name=\"twitter:card\" content=\"summary_large_image\" \/>\n<meta name=\"twitter:label1\" content=\"Szacowany czas czytania\" \/>\n\t<meta name=\"twitter:data1\" content=\"1 minuta\" \/>\n<script type=\"application\/ld+json\" class=\"yoast-schema-graph\">{\"@context\":\"https:\\\/\\\/schema.org\",\"@graph\":[{\"@type\":\"WebPage\",\"@id\":\"https:\\\/\\\/www.stm-diving.com\\\/pl\\\/departs\\\/wyjazd-22-listopada-2025-r-copie-copie\\\/\",\"url\":\"https:\\\/\\\/www.stm-diving.com\\\/pl\\\/departs\\\/wyjazd-22-listopada-2025-r-copie-copie\\\/\",\"name\":\"Wylot w dniu 26 wrze\u015bnia 2026 r. Deep Dive - STM Diving\",\"isPartOf\":{\"@id\":\"https:\\\/\\\/www.stm-diving.com\\\/pl\\\/#website\"},\"primaryImageOfPage\":{\"@id\":\"https:\\\/\\\/www.stm-diving.com\\\/pl\\\/departs\\\/wyjazd-22-listopada-2025-r-copie-copie\\\/#primaryimage\"},\"image\":{\"@id\":\"https:\\\/\\\/www.stm-diving.com\\\/pl\\\/departs\\\/wyjazd-22-listopada-2025-r-copie-copie\\\/#primaryimage\"},\"thumbnailUrl\":\"https:\\\/\\\/www.stm-diving.com\\\/wp-content\\\/uploads\\\/2025\\\/10\\\/mise-en-avant-Croisiere-sans-sold-out-1.webp\",\"datePublished\":\"2025-10-25T10:24:50+00:00\",\"dateModified\":\"2025-10-26T16:22:34+00:00\",\"breadcrumb\":{\"@id\":\"https:\\\/\\\/www.stm-diving.com\\\/pl\\\/departs\\\/wyjazd-22-listopada-2025-r-copie-copie\\\/#breadcrumb\"},\"inLanguage\":\"pl-PL\",\"potentialAction\":[{\"@type\":\"ReadAction\",\"target\":[\"https:\\\/\\\/www.stm-diving.com\\\/pl\\\/departs\\\/wyjazd-22-listopada-2025-r-copie-copie\\\/\"]}]},{\"@type\":\"ImageObject\",\"inLanguage\":\"pl-PL\",\"@id\":\"https:\\\/\\\/www.stm-diving.com\\\/pl\\\/departs\\\/wyjazd-22-listopada-2025-r-copie-copie\\\/#primaryimage\",\"url\":\"https:\\\/\\\/www.stm-diving.com\\\/wp-content\\\/uploads\\\/2025\\\/10\\\/mise-en-avant-Croisiere-sans-sold-out-1.webp\",\"contentUrl\":\"https:\\\/\\\/www.stm-diving.com\\\/wp-content\\\/uploads\\\/2025\\\/10\\\/mise-en-avant-Croisiere-sans-sold-out-1.webp\",\"width\":1000,\"height\":1000},{\"@type\":\"BreadcrumbList\",\"@id\":\"https:\\\/\\\/www.stm-diving.com\\\/pl\\\/departs\\\/wyjazd-22-listopada-2025-r-copie-copie\\\/#breadcrumb\",\"itemListElement\":[{\"@type\":\"ListItem\",\"position\":1,\"name\":\"Accueil\",\"item\":\"https:\\\/\\\/www.stm-diving.com\\\/pl\\\/\"},{\"@type\":\"ListItem\",\"position\":2,\"name\":\"Shop\",\"item\":\"https:\\\/\\\/www.stm-diving.com\\\/pl\\\/shop\\\/\"},{\"@type\":\"ListItem\",\"position\":3,\"name\":\"Wylot w dniu 26 wrze\u015bnia 2026 r. Deep Dive\"}]},{\"@type\":\"WebSite\",\"@id\":\"https:\\\/\\\/www.stm-diving.com\\\/pl\\\/#website\",\"url\":\"https:\\\/\\\/www.stm-diving.com\\\/pl\\\/\",\"name\":\"STM Diving\",\"description\":\"Red Sea Diving Cruises\",\"publisher\":{\"@id\":\"https:\\\/\\\/www.stm-diving.com\\\/pl\\\/#organization\"},\"potentialAction\":[{\"@type\":\"SearchAction\",\"target\":{\"@type\":\"EntryPoint\",\"urlTemplate\":\"https:\\\/\\\/www.stm-diving.com\\\/pl\\\/?s={search_term_string}\"},\"query-input\":{\"@type\":\"PropertyValueSpecification\",\"valueRequired\":true,\"valueName\":\"search_term_string\"}}],\"inLanguage\":\"pl-PL\"},{\"@type\":\"Organization\",\"@id\":\"https:\\\/\\\/www.stm-diving.com\\\/pl\\\/#organization\",\"name\":\"STM Diving\",\"url\":\"https:\\\/\\\/www.stm-diving.com\\\/pl\\\/\",\"logo\":{\"@type\":\"ImageObject\",\"inLanguage\":\"pl-PL\",\"@id\":\"https:\\\/\\\/www.stm-diving.com\\\/pl\\\/#\\\/schema\\\/logo\\\/image\\\/\",\"url\":\"https:\\\/\\\/coachdefilles.com\\\/STM\\\/wp-content\\\/uploads\\\/2025\\\/04\\\/cropped-stm-diving-logo-carre.webp\",\"contentUrl\":\"https:\\\/\\\/coachdefilles.com\\\/STM\\\/wp-content\\\/uploads\\\/2025\\\/04\\\/cropped-stm-diving-logo-carre.webp\",\"width\":512,\"height\":512,\"caption\":\"STM Diving\"},\"image\":{\"@id\":\"https:\\\/\\\/www.stm-diving.com\\\/pl\\\/#\\\/schema\\\/logo\\\/image\\\/\"},\"sameAs\":[\"https:\\\/\\\/www.facebook.com\\\/people\\\/STM-Diving-cruises\\\/61566595790077\\\/\",\"https:\\\/\\\/www.instagram.com\\\/stm_diving_cruises\\\/\"]}]}<\/script>\n<!-- \/ Yoast SEO plugin. -->","yoast_head_json":{"title":"Wylot w dniu 26 wrze\u015bnia 2026 r. Deep Dive - STM Diving","robots":{"index":"index","follow":"follow","max-snippet":"max-snippet:-1","max-image-preview":"max-image-preview:large","max-video-preview":"max-video-preview:-1"},"canonical":"https:\/\/www.stm-diving.com\/pl\/departs\/wyjazd-22-listopada-2025-r-copie-copie\/","og_locale":"pl_PL","og_type":"article","og_title":"Wylot w dniu 26 wrze\u015bnia 2026 r. Deep Dive - STM Diving","og_description":"Odkrywanie Wysp Braci, Rafy Elphinstone i Daedalus Wyrusz na niezapomnian\u0105 przygod\u0119 w Morzu Czerwonym, jednym z najlepszych miejsc do nurkowania na \u015bwiecie! Ten rejs zabierze Ci\u0119 do trzech legendarnych miejsc: Brothers Islands,Elphinstone Reef i Daedalus Reef, gdzie czekaj\u0105 na Ciebie spektakularne rafy koralowe, wyj\u0105tkowa fauna pelagiczna i ekscytuj\u0105ce nurkowania - w tym szansa na spotkanie [&hellip;]","og_url":"https:\/\/www.stm-diving.com\/pl\/departs\/wyjazd-22-listopada-2025-r-copie-copie\/","og_site_name":"STM Diving","article_publisher":"https:\/\/www.facebook.com\/people\/STM-Diving-cruises\/61566595790077\/","article_modified_time":"2025-10-26T16:22:34+00:00","og_image":[{"width":1000,"height":1000,"url":"https:\/\/www.stm-diving.com\/wp-content\/uploads\/2025\/10\/mise-en-avant-Croisiere-sans-sold-out-1.webp","type":"image\/webp"}],"twitter_card":"summary_large_image","twitter_misc":{"Szacowany czas czytania":"1 minuta"},"schema":{"@context":"https:\/\/schema.org","@graph":[{"@type":"WebPage","@id":"https:\/\/www.stm-diving.com\/pl\/departs\/wyjazd-22-listopada-2025-r-copie-copie\/","url":"https:\/\/www.stm-diving.com\/pl\/departs\/wyjazd-22-listopada-2025-r-copie-copie\/","name":"Wylot w dniu 26 wrze\u015bnia 2026 r. Deep Dive - STM Diving","isPartOf":{"@id":"https:\/\/www.stm-diving.com\/pl\/#website"},"primaryImageOfPage":{"@id":"https:\/\/www.stm-diving.com\/pl\/departs\/wyjazd-22-listopada-2025-r-copie-copie\/#primaryimage"},"image":{"@id":"https:\/\/www.stm-diving.com\/pl\/departs\/wyjazd-22-listopada-2025-r-copie-copie\/#primaryimage"},"thumbnailUrl":"https:\/\/www.stm-diving.com\/wp-content\/uploads\/2025\/10\/mise-en-avant-Croisiere-sans-sold-out-1.webp","datePublished":"2025-10-25T10:24:50+00:00","dateModified":"2025-10-26T16:22:34+00:00","breadcrumb":{"@id":"https:\/\/www.stm-diving.com\/pl\/departs\/wyjazd-22-listopada-2025-r-copie-copie\/#breadcrumb"},"inLanguage":"pl-PL","potentialAction":[{"@type":"ReadAction","target":["https:\/\/www.stm-diving.com\/pl\/departs\/wyjazd-22-listopada-2025-r-copie-copie\/"]}]},{"@type":"ImageObject","inLanguage":"pl-PL","@id":"https:\/\/www.stm-diving.com\/pl\/departs\/wyjazd-22-listopada-2025-r-copie-copie\/#primaryimage","url":"https:\/\/www.stm-diving.com\/wp-content\/uploads\/2025\/10\/mise-en-avant-Croisiere-sans-sold-out-1.webp","contentUrl":"https:\/\/www.stm-diving.com\/wp-content\/uploads\/2025\/10\/mise-en-avant-Croisiere-sans-sold-out-1.webp","width":1000,"height":1000},{"@type":"BreadcrumbList","@id":"https:\/\/www.stm-diving.com\/pl\/departs\/wyjazd-22-listopada-2025-r-copie-copie\/#breadcrumb","itemListElement":[{"@type":"ListItem","position":1,"name":"Accueil","item":"https:\/\/www.stm-diving.com\/pl\/"},{"@type":"ListItem","position":2,"name":"Shop","item":"https:\/\/www.stm-diving.com\/pl\/shop\/"},{"@type":"ListItem","position":3,"name":"Wylot w dniu 26 wrze\u015bnia 2026 r. Deep Dive"}]},{"@type":"WebSite","@id":"https:\/\/www.stm-diving.com\/pl\/#website","url":"https:\/\/www.stm-diving.com\/pl\/","name":"STM Diving","description":"Red Sea Diving Cruises","publisher":{"@id":"https:\/\/www.stm-diving.com\/pl\/#organization"},"potentialAction":[{"@type":"SearchAction","target":{"@type":"EntryPoint","urlTemplate":"https:\/\/www.stm-diving.com\/pl\/?s={search_term_string}"},"query-input":{"@type":"PropertyValueSpecification","valueRequired":true,"valueName":"search_term_string"}}],"inLanguage":"pl-PL"},{"@type":"Organization","@id":"https:\/\/www.stm-diving.com\/pl\/#organization","name":"STM Diving","url":"https:\/\/www.stm-diving.com\/pl\/","logo":{"@type":"ImageObject","inLanguage":"pl-PL","@id":"https:\/\/www.stm-diving.com\/pl\/#\/schema\/logo\/image\/","url":"https:\/\/coachdefilles.com\/STM\/wp-content\/uploads\/2025\/04\/cropped-stm-diving-logo-carre.webp","contentUrl":"https:\/\/coachdefilles.com\/STM\/wp-content\/uploads\/2025\/04\/cropped-stm-diving-logo-carre.webp","width":512,"height":512,"caption":"STM Diving"},"image":{"@id":"https:\/\/www.stm-diving.com\/pl\/#\/schema\/logo\/image\/"},"sameAs":["https:\/\/www.facebook.com\/people\/STM-Diving-cruises\/61566595790077\/","https:\/\/www.instagram.com\/stm_diving_cruises\/"]}]}},"_links":{"self":[{"href":"https:\/\/www.stm-diving.com\/pl\/wp-json\/wp\/v2\/product\/7456","targetHints":{"allow":["GET"]}}],"collection":[{"href":"https:\/\/www.stm-diving.com\/pl\/wp-json\/wp\/v2\/product"}],"about":[{"href":"https:\/\/www.stm-diving.com\/pl\/wp-json\/wp\/v2\/types\/product"}],"wp:featuredmedia":[{"embeddable":true,"href":"https:\/\/www.stm-diving.com\/pl\/wp-json\/wp\/v2\/media\/7461"}],"wp:attachment":[{"href":"https:\/\/www.stm-diving.com\/pl\/wp-json\/wp\/v2\/media?parent=7456"}],"wp:term":[{"taxonomy":"product_brand","embeddable":true,"href":"https:\/\/www.stm-diving.com\/pl\/wp-json\/wp\/v2\/product_brand?post=7456"},{"taxonomy":"product_cat","embeddable":true,"href":"https:\/\/www.stm-diving.com\/pl\/wp-json\/wp\/v2\/product_cat?post=7456"},{"taxonomy":"product_tag","embeddable":true,"href":"https:\/\/www.stm-diving.com\/pl\/wp-json\/wp\/v2\/product_tag?post=7456"}],"curies":[{"name":"wp","href":"https:\/\/api.w.org\/{rel}","templated":true}]}}