{"id":7567,"date":"2025-10-25T13:35:22","date_gmt":"2025-10-25T13:35:22","guid":{"rendered":"https:\/\/www.stm-diving.com\/?post_type=product&#038;p=7567"},"modified":"2025-10-25T14:32:20","modified_gmt":"2025-10-25T14:32:20","slug":"wyjazd-20-grudnia-2025-r-copie-copie-copie-copie-4","status":"publish","type":"product","link":"https:\/\/www.stm-diving.com\/pl\/departs\/wyjazd-20-grudnia-2025-r-copie-copie-copie-copie-4\/","title":{"rendered":"Odlot w dniu 28 listopada 2026 r."},"content":{"rendered":"<h1 data-start=\"138\" data-end=\"212\"><strong data-start=\"138\" data-end=\"212\">Odkrywanie legendarnych wrak\u00f3w i \u015bcian skalnych Ras Mohammed<\/strong><\/h1>\n<h4 data-start=\"214\" data-end=\"623\">Wyrusz w wyj\u0105tkowy rejs nurkowy, aby odkry\u0107 mityczne miejsca p\u00f3\u0142nocnej cz\u0119\u015bci Morza Czerwonego! Ta trasa pozwoli ci odkry\u0107 wraki <g id=\"gid_0\">Carnatic<\/g>, <g id=\"gid_1\">Thistlegorm<\/g> i <g id=\"gid_2\">Giannis D<\/g>, a tak\u017ce spektakularne spadki w Parku Narodowym <g id=\"gid_3\">Ras Mohammed<\/g>. Podr\u00f3\u017c \u0142\u0105cz\u0105ca histori\u0119, przygod\u0119 i podwodn\u0105 bior\u00f3\u017cnorodno\u015b\u0107 w jednym z najpi\u0119kniejszych \u015brodowisk wodnych na \u015bwiecie.  <\/h4>\n<h4 data-start=\"625\" data-end=\"836\">B\u0119dziesz na pok\u0142adzie <strong data-start=\"646\" data-end=\"656\">Falcon*<\/strong>, wygodnego i przestronnego jachtu zaprojektowanego z my\u015bl\u0105 o zapewnieniu przyjemnych wra\u017ce\u0144, ze strefami relaksu, uwa\u017cn\u0105 za\u0142og\u0105 i przyjazn\u0105 atmosfer\u0105 po ka\u017cdym nurkowaniu.<\/h4>\n<p data-start=\"838\" data-end=\"947\">* <em data-start=\"841\" data-end=\"947\">\u0141\u00f3d\u017a mo\u017ce zosta\u0107 zmieniona w ostatniej chwili i zast\u0105piona statkiem o tym samym standardzie<\/em>.<\/p>\n","protected":false},"excerpt":{"rendered":"<p>Odkrywanie legendarnych wrak\u00f3w i \u015bcian skalnych Ras Mohammed Wyrusz w wyj\u0105tkowy rejs nurkowy, aby odkry\u0107 mityczne miejsca p\u00f3\u0142nocnej cz\u0119\u015bci Morza Czerwonego! Ta trasa pozwoli ci odkry\u0107 wraki Carnatic, Thistlegorm i Giannis D, a tak\u017ce spektakularne spadki w Parku Narodowym Ras Mohammed. Podr\u00f3\u017c \u0142\u0105cz\u0105ca histori\u0119, przygod\u0119 i podwodn\u0105 bior\u00f3\u017cnorodno\u015b\u0107 w jednym z najpi\u0119kniejszych \u015brodowisk wodnych na [&hellip;]<\/p>\n","protected":false},"featured_media":7572,"template":"","meta":{"_et_pb_use_builder":"","_et_pb_old_content":"","_et_gb_content_width":""},"product_brand":[],"product_cat":[76],"product_tag":[],"class_list":{"0":"post-7567","1":"product","2":"type-product","3":"status-publish","4":"has-post-thumbnail","6":"product_cat-rejs-polnocny","8":"first","9":"instock","10":"featured","11":"shipping-taxable","12":"purchasable","13":"product-type-simple"},"stm_departure_date":null,"yoast_head":"<!-- This site is optimized with the Yoast SEO plugin v27.5 - https:\/\/yoast.com\/product\/yoast-seo-wordpress\/ -->\n<title>Odlot w dniu 28 listopada 2026 r. - STM Diving<\/title>\n<meta name=\"robots\" content=\"index, follow, max-snippet:-1, max-image-preview:large, max-video-preview:-1\" \/>\n<link rel=\"canonical\" href=\"https:\/\/www.stm-diving.com\/pl\/departs\/wyjazd-20-grudnia-2025-r-copie-copie-copie-copie-4\/\" \/>\n<meta property=\"og:locale\" content=\"pl_PL\" \/>\n<meta property=\"og:type\" content=\"article\" \/>\n<meta property=\"og:title\" content=\"Odlot w dniu 28 listopada 2026 r. - STM Diving\" \/>\n<meta property=\"og:description\" content=\"Odkrywanie legendarnych wrak\u00f3w i \u015bcian skalnych Ras Mohammed Wyrusz w wyj\u0105tkowy rejs nurkowy, aby odkry\u0107 mityczne miejsca p\u00f3\u0142nocnej cz\u0119\u015bci Morza Czerwonego! Ta trasa pozwoli ci odkry\u0107 wraki Carnatic, Thistlegorm i Giannis D, a tak\u017ce spektakularne spadki w Parku Narodowym Ras Mohammed. Podr\u00f3\u017c \u0142\u0105cz\u0105ca histori\u0119, przygod\u0119 i podwodn\u0105 bior\u00f3\u017cnorodno\u015b\u0107 w jednym z najpi\u0119kniejszych \u015brodowisk wodnych na [&hellip;]\" \/>\n<meta property=\"og:url\" content=\"https:\/\/www.stm-diving.com\/pl\/departs\/wyjazd-20-grudnia-2025-r-copie-copie-copie-copie-4\/\" \/>\n<meta property=\"og:site_name\" content=\"STM Diving\" \/>\n<meta property=\"article:publisher\" content=\"https:\/\/www.facebook.com\/people\/STM-Diving-cruises\/61566595790077\/\" \/>\n<meta property=\"article:modified_time\" content=\"2025-10-25T14:32:20+00:00\" \/>\n<meta property=\"og:image\" content=\"https:\/\/www.stm-diving.com\/wp-content\/uploads\/2025\/10\/mise-en-avant-Croisiere-sans-sold-out-8.webp\" \/>\n\t<meta property=\"og:image:width\" content=\"1000\" \/>\n\t<meta property=\"og:image:height\" content=\"1000\" \/>\n\t<meta property=\"og:image:type\" content=\"image\/webp\" \/>\n<meta name=\"twitter:card\" content=\"summary_large_image\" \/>\n<meta name=\"twitter:label1\" content=\"Szacowany czas czytania\" \/>\n\t<meta name=\"twitter:data1\" content=\"1 minuta\" \/>\n<script type=\"application\/ld+json\" class=\"yoast-schema-graph\">{\"@context\":\"https:\\\/\\\/schema.org\",\"@graph\":[{\"@type\":\"WebPage\",\"@id\":\"https:\\\/\\\/www.stm-diving.com\\\/pl\\\/departs\\\/wyjazd-20-grudnia-2025-r-copie-copie-copie-copie-4\\\/\",\"url\":\"https:\\\/\\\/www.stm-diving.com\\\/pl\\\/departs\\\/wyjazd-20-grudnia-2025-r-copie-copie-copie-copie-4\\\/\",\"name\":\"Odlot w dniu 28 listopada 2026 r. - STM Diving\",\"isPartOf\":{\"@id\":\"https:\\\/\\\/www.stm-diving.com\\\/pl\\\/#website\"},\"primaryImageOfPage\":{\"@id\":\"https:\\\/\\\/www.stm-diving.com\\\/pl\\\/departs\\\/wyjazd-20-grudnia-2025-r-copie-copie-copie-copie-4\\\/#primaryimage\"},\"image\":{\"@id\":\"https:\\\/\\\/www.stm-diving.com\\\/pl\\\/departs\\\/wyjazd-20-grudnia-2025-r-copie-copie-copie-copie-4\\\/#primaryimage\"},\"thumbnailUrl\":\"https:\\\/\\\/www.stm-diving.com\\\/wp-content\\\/uploads\\\/2025\\\/10\\\/mise-en-avant-Croisiere-sans-sold-out-8.webp\",\"datePublished\":\"2025-10-25T13:35:22+00:00\",\"dateModified\":\"2025-10-25T14:32:20+00:00\",\"breadcrumb\":{\"@id\":\"https:\\\/\\\/www.stm-diving.com\\\/pl\\\/departs\\\/wyjazd-20-grudnia-2025-r-copie-copie-copie-copie-4\\\/#breadcrumb\"},\"inLanguage\":\"pl-PL\",\"potentialAction\":[{\"@type\":\"ReadAction\",\"target\":[\"https:\\\/\\\/www.stm-diving.com\\\/pl\\\/departs\\\/wyjazd-20-grudnia-2025-r-copie-copie-copie-copie-4\\\/\"]}]},{\"@type\":\"ImageObject\",\"inLanguage\":\"pl-PL\",\"@id\":\"https:\\\/\\\/www.stm-diving.com\\\/pl\\\/departs\\\/wyjazd-20-grudnia-2025-r-copie-copie-copie-copie-4\\\/#primaryimage\",\"url\":\"https:\\\/\\\/www.stm-diving.com\\\/wp-content\\\/uploads\\\/2025\\\/10\\\/mise-en-avant-Croisiere-sans-sold-out-8.webp\",\"contentUrl\":\"https:\\\/\\\/www.stm-diving.com\\\/wp-content\\\/uploads\\\/2025\\\/10\\\/mise-en-avant-Croisiere-sans-sold-out-8.webp\",\"width\":1000,\"height\":1000},{\"@type\":\"BreadcrumbList\",\"@id\":\"https:\\\/\\\/www.stm-diving.com\\\/pl\\\/departs\\\/wyjazd-20-grudnia-2025-r-copie-copie-copie-copie-4\\\/#breadcrumb\",\"itemListElement\":[{\"@type\":\"ListItem\",\"position\":1,\"name\":\"Accueil\",\"item\":\"https:\\\/\\\/www.stm-diving.com\\\/pl\\\/\"},{\"@type\":\"ListItem\",\"position\":2,\"name\":\"Shop\",\"item\":\"https:\\\/\\\/www.stm-diving.com\\\/pl\\\/shop\\\/\"},{\"@type\":\"ListItem\",\"position\":3,\"name\":\"Odlot w dniu 28 listopada 2026 r.\"}]},{\"@type\":\"WebSite\",\"@id\":\"https:\\\/\\\/www.stm-diving.com\\\/pl\\\/#website\",\"url\":\"https:\\\/\\\/www.stm-diving.com\\\/pl\\\/\",\"name\":\"STM Diving\",\"description\":\"Red Sea Diving Cruises\",\"publisher\":{\"@id\":\"https:\\\/\\\/www.stm-diving.com\\\/pl\\\/#organization\"},\"potentialAction\":[{\"@type\":\"SearchAction\",\"target\":{\"@type\":\"EntryPoint\",\"urlTemplate\":\"https:\\\/\\\/www.stm-diving.com\\\/pl\\\/?s={search_term_string}\"},\"query-input\":{\"@type\":\"PropertyValueSpecification\",\"valueRequired\":true,\"valueName\":\"search_term_string\"}}],\"inLanguage\":\"pl-PL\"},{\"@type\":\"Organization\",\"@id\":\"https:\\\/\\\/www.stm-diving.com\\\/pl\\\/#organization\",\"name\":\"STM Diving\",\"url\":\"https:\\\/\\\/www.stm-diving.com\\\/pl\\\/\",\"logo\":{\"@type\":\"ImageObject\",\"inLanguage\":\"pl-PL\",\"@id\":\"https:\\\/\\\/www.stm-diving.com\\\/pl\\\/#\\\/schema\\\/logo\\\/image\\\/\",\"url\":\"https:\\\/\\\/coachdefilles.com\\\/STM\\\/wp-content\\\/uploads\\\/2025\\\/04\\\/cropped-stm-diving-logo-carre.webp\",\"contentUrl\":\"https:\\\/\\\/coachdefilles.com\\\/STM\\\/wp-content\\\/uploads\\\/2025\\\/04\\\/cropped-stm-diving-logo-carre.webp\",\"width\":512,\"height\":512,\"caption\":\"STM Diving\"},\"image\":{\"@id\":\"https:\\\/\\\/www.stm-diving.com\\\/pl\\\/#\\\/schema\\\/logo\\\/image\\\/\"},\"sameAs\":[\"https:\\\/\\\/www.facebook.com\\\/people\\\/STM-Diving-cruises\\\/61566595790077\\\/\",\"https:\\\/\\\/www.instagram.com\\\/stm_diving_cruises\\\/\"]}]}<\/script>\n<!-- \/ Yoast SEO plugin. -->","yoast_head_json":{"title":"Odlot w dniu 28 listopada 2026 r. - STM Diving","robots":{"index":"index","follow":"follow","max-snippet":"max-snippet:-1","max-image-preview":"max-image-preview:large","max-video-preview":"max-video-preview:-1"},"canonical":"https:\/\/www.stm-diving.com\/pl\/departs\/wyjazd-20-grudnia-2025-r-copie-copie-copie-copie-4\/","og_locale":"pl_PL","og_type":"article","og_title":"Odlot w dniu 28 listopada 2026 r. - STM Diving","og_description":"Odkrywanie legendarnych wrak\u00f3w i \u015bcian skalnych Ras Mohammed Wyrusz w wyj\u0105tkowy rejs nurkowy, aby odkry\u0107 mityczne miejsca p\u00f3\u0142nocnej cz\u0119\u015bci Morza Czerwonego! Ta trasa pozwoli ci odkry\u0107 wraki Carnatic, Thistlegorm i Giannis D, a tak\u017ce spektakularne spadki w Parku Narodowym Ras Mohammed. Podr\u00f3\u017c \u0142\u0105cz\u0105ca histori\u0119, przygod\u0119 i podwodn\u0105 bior\u00f3\u017cnorodno\u015b\u0107 w jednym z najpi\u0119kniejszych \u015brodowisk wodnych na [&hellip;]","og_url":"https:\/\/www.stm-diving.com\/pl\/departs\/wyjazd-20-grudnia-2025-r-copie-copie-copie-copie-4\/","og_site_name":"STM Diving","article_publisher":"https:\/\/www.facebook.com\/people\/STM-Diving-cruises\/61566595790077\/","article_modified_time":"2025-10-25T14:32:20+00:00","og_image":[{"width":1000,"height":1000,"url":"https:\/\/www.stm-diving.com\/wp-content\/uploads\/2025\/10\/mise-en-avant-Croisiere-sans-sold-out-8.webp","type":"image\/webp"}],"twitter_card":"summary_large_image","twitter_misc":{"Szacowany czas czytania":"1 minuta"},"schema":{"@context":"https:\/\/schema.org","@graph":[{"@type":"WebPage","@id":"https:\/\/www.stm-diving.com\/pl\/departs\/wyjazd-20-grudnia-2025-r-copie-copie-copie-copie-4\/","url":"https:\/\/www.stm-diving.com\/pl\/departs\/wyjazd-20-grudnia-2025-r-copie-copie-copie-copie-4\/","name":"Odlot w dniu 28 listopada 2026 r. - STM Diving","isPartOf":{"@id":"https:\/\/www.stm-diving.com\/pl\/#website"},"primaryImageOfPage":{"@id":"https:\/\/www.stm-diving.com\/pl\/departs\/wyjazd-20-grudnia-2025-r-copie-copie-copie-copie-4\/#primaryimage"},"image":{"@id":"https:\/\/www.stm-diving.com\/pl\/departs\/wyjazd-20-grudnia-2025-r-copie-copie-copie-copie-4\/#primaryimage"},"thumbnailUrl":"https:\/\/www.stm-diving.com\/wp-content\/uploads\/2025\/10\/mise-en-avant-Croisiere-sans-sold-out-8.webp","datePublished":"2025-10-25T13:35:22+00:00","dateModified":"2025-10-25T14:32:20+00:00","breadcrumb":{"@id":"https:\/\/www.stm-diving.com\/pl\/departs\/wyjazd-20-grudnia-2025-r-copie-copie-copie-copie-4\/#breadcrumb"},"inLanguage":"pl-PL","potentialAction":[{"@type":"ReadAction","target":["https:\/\/www.stm-diving.com\/pl\/departs\/wyjazd-20-grudnia-2025-r-copie-copie-copie-copie-4\/"]}]},{"@type":"ImageObject","inLanguage":"pl-PL","@id":"https:\/\/www.stm-diving.com\/pl\/departs\/wyjazd-20-grudnia-2025-r-copie-copie-copie-copie-4\/#primaryimage","url":"https:\/\/www.stm-diving.com\/wp-content\/uploads\/2025\/10\/mise-en-avant-Croisiere-sans-sold-out-8.webp","contentUrl":"https:\/\/www.stm-diving.com\/wp-content\/uploads\/2025\/10\/mise-en-avant-Croisiere-sans-sold-out-8.webp","width":1000,"height":1000},{"@type":"BreadcrumbList","@id":"https:\/\/www.stm-diving.com\/pl\/departs\/wyjazd-20-grudnia-2025-r-copie-copie-copie-copie-4\/#breadcrumb","itemListElement":[{"@type":"ListItem","position":1,"name":"Accueil","item":"https:\/\/www.stm-diving.com\/pl\/"},{"@type":"ListItem","position":2,"name":"Shop","item":"https:\/\/www.stm-diving.com\/pl\/shop\/"},{"@type":"ListItem","position":3,"name":"Odlot w dniu 28 listopada 2026 r."}]},{"@type":"WebSite","@id":"https:\/\/www.stm-diving.com\/pl\/#website","url":"https:\/\/www.stm-diving.com\/pl\/","name":"STM Diving","description":"Red Sea Diving Cruises","publisher":{"@id":"https:\/\/www.stm-diving.com\/pl\/#organization"},"potentialAction":[{"@type":"SearchAction","target":{"@type":"EntryPoint","urlTemplate":"https:\/\/www.stm-diving.com\/pl\/?s={search_term_string}"},"query-input":{"@type":"PropertyValueSpecification","valueRequired":true,"valueName":"search_term_string"}}],"inLanguage":"pl-PL"},{"@type":"Organization","@id":"https:\/\/www.stm-diving.com\/pl\/#organization","name":"STM Diving","url":"https:\/\/www.stm-diving.com\/pl\/","logo":{"@type":"ImageObject","inLanguage":"pl-PL","@id":"https:\/\/www.stm-diving.com\/pl\/#\/schema\/logo\/image\/","url":"https:\/\/coachdefilles.com\/STM\/wp-content\/uploads\/2025\/04\/cropped-stm-diving-logo-carre.webp","contentUrl":"https:\/\/coachdefilles.com\/STM\/wp-content\/uploads\/2025\/04\/cropped-stm-diving-logo-carre.webp","width":512,"height":512,"caption":"STM Diving"},"image":{"@id":"https:\/\/www.stm-diving.com\/pl\/#\/schema\/logo\/image\/"},"sameAs":["https:\/\/www.facebook.com\/people\/STM-Diving-cruises\/61566595790077\/","https:\/\/www.instagram.com\/stm_diving_cruises\/"]}]}},"_links":{"self":[{"href":"https:\/\/www.stm-diving.com\/pl\/wp-json\/wp\/v2\/product\/7567","targetHints":{"allow":["GET"]}}],"collection":[{"href":"https:\/\/www.stm-diving.com\/pl\/wp-json\/wp\/v2\/product"}],"about":[{"href":"https:\/\/www.stm-diving.com\/pl\/wp-json\/wp\/v2\/types\/product"}],"wp:featuredmedia":[{"embeddable":true,"href":"https:\/\/www.stm-diving.com\/pl\/wp-json\/wp\/v2\/media\/7572"}],"wp:attachment":[{"href":"https:\/\/www.stm-diving.com\/pl\/wp-json\/wp\/v2\/media?parent=7567"}],"wp:term":[{"taxonomy":"product_brand","embeddable":true,"href":"https:\/\/www.stm-diving.com\/pl\/wp-json\/wp\/v2\/product_brand?post=7567"},{"taxonomy":"product_cat","embeddable":true,"href":"https:\/\/www.stm-diving.com\/pl\/wp-json\/wp\/v2\/product_cat?post=7567"},{"taxonomy":"product_tag","embeddable":true,"href":"https:\/\/www.stm-diving.com\/pl\/wp-json\/wp\/v2\/product_tag?post=7567"}],"curies":[{"name":"wp","href":"https:\/\/api.w.org\/{rel}","templated":true}]}}