{"id":7579,"date":"2025-10-25T13:42:05","date_gmt":"2025-10-25T13:42:05","guid":{"rendered":"https:\/\/www.stm-diving.com\/?post_type=product&#038;p=7579"},"modified":"2025-10-25T14:26:28","modified_gmt":"2025-10-25T14:26:28","slug":"wyjazd-20-grudnia-2025-r-copie-copie-3","status":"publish","type":"product","link":"https:\/\/www.stm-diving.com\/pl\/departs\/wyjazd-20-grudnia-2025-r-copie-copie-3\/","title":{"rendered":"Wylot 19 grudnia 2026 r. \u015awi\u0105teczny rejs Luxe Cruise"},"content":{"rendered":"<div class=\"text-base my-auto mx-auto pb-10 [--thread-content-margin:--spacing(4)] thread-sm:[--thread-content-margin:--spacing(6)] thread-lg:[--thread-content-margin:--spacing(16)] px-(--thread-content-margin)\">\n<div class=\"[--thread-content-max-width:40rem] thread-lg:[--thread-content-max-width:48rem] mx-auto max-w-(--thread-content-max-width) flex-1 group\/turn-messages focus-visible:outline-hidden relative flex w-full min-w-0 flex-col agent-turn\" tabindex=\"-1\">\n<div class=\"flex max-w-full flex-col grow\">\n<div class=\"min-h-8 text-message relative flex w-full flex-col items-end gap-2 text-start break-words whitespace-normal [.text-message+&amp;]:mt-1\" dir=\"auto\" data-message-author-role=\"assistant\" data-message-id=\"95449816-a4c2-4045-a101-b9f52942678d\" data-message-model-slug=\"gpt-5\">\n<div class=\"flex w-full flex-col gap-1 empty:hidden first:pt-[1px]\">\n<div class=\"markdown prose dark:prose-invert w-full break-words dark markdown-new-styling\">\n<h1 data-start=\"153\" data-end=\"222\"><strong data-start=\"153\" data-end=\"222\">\u015awi\u0105teczny rejs na pok\u0142adzie Heckler - Luksus i nurkowanie w Morzu Czerwonym<\/strong><\/h1>\n<h4 data-start=\"224\" data-end=\"524\">Wyrusz w wyj\u0105tkowy rejs na pok\u0142adzie <strong data-start=\"275\" data-end=\"286\">Heckler<\/strong>, luksusowego jachtu STM Diving, i \u015bwi\u0119tuj okres \u015bwi\u0105teczny na \u015brodku Morza Czerwonego. Prawdziwy p\u0142ywaj\u0105cy hotel oferuje wyrafinowane otoczenie i najwy\u017cszej jako\u015bci us\u0142ugi na wyj\u0105tkowe \u015awi\u0119ta Bo\u017cego Narodzenia, \u0142\u0105cz\u0105c relaks, przygod\u0119 i absolutny komfort. <\/h4>\n<h4 data-start=\"526\" data-end=\"879\">W programie: <strong data-start=\"545\" data-end=\"577\">emblematyczne wraki p\u00f3\u0142nocy<\/strong>, <strong data-start=\"583\" data-end=\"626\">spektakularne spadki Ras Mohammed<\/strong> oraz odkrycie miejsc, kt\u00f3rych nie mo\u017cna przegapi\u0107, bogatych w bior\u00f3\u017cnorodno\u015b\u0107 i emocje. Nurkowanie, s\u0142o\u0144ce, wy\u015bmienite posi\u0142ki i uroczyste wieczory na pok\u0142adzie, ciesz si\u0119 ekskluzywnym do\u015bwiadczeniem w jednym z najpi\u0119kniejszych podwodnych \u015brodowisk na \u015bwiecie. <\/h4>\n<\/div>\n<\/div>\n<\/div>\n<\/div>\n<\/div>\n<\/div>\n","protected":false},"excerpt":{"rendered":"<p>\u015awi\u0105teczny rejs na pok\u0142adzie Heckler - Luksus i nurkowanie w Morzu Czerwonym Wyrusz w wyj\u0105tkowy rejs na pok\u0142adzie Heckler, luksusowego jachtu STM Diving, i \u015bwi\u0119tuj okres \u015bwi\u0105teczny na \u015brodku Morza Czerwonego. Prawdziwy p\u0142ywaj\u0105cy hotel oferuje wyrafinowane otoczenie i najwy\u017cszej jako\u015bci us\u0142ugi na wyj\u0105tkowe \u015awi\u0119ta Bo\u017cego Narodzenia, \u0142\u0105cz\u0105c relaks, przygod\u0119 i absolutny komfort. W programie: emblematyczne [&hellip;]<\/p>\n","protected":false},"featured_media":7584,"template":"","meta":{"_et_pb_use_builder":"","_et_pb_old_content":"","_et_gb_content_width":""},"product_brand":[],"product_cat":[76],"product_tag":[],"class_list":{"0":"post-7579","1":"product","2":"type-product","3":"status-publish","4":"has-post-thumbnail","6":"product_cat-rejs-polnocny","8":"first","9":"instock","10":"featured","11":"virtual","12":"purchasable","13":"product-type-simple"},"stm_departure_date":null,"yoast_head":"<!-- This site is optimized with the Yoast SEO plugin v27.3 - https:\/\/yoast.com\/product\/yoast-seo-wordpress\/ -->\n<title>Wylot 19 grudnia 2026 r. \u015awi\u0105teczny rejs Luxe Cruise - STM Diving<\/title>\n<meta name=\"robots\" content=\"index, follow, max-snippet:-1, max-image-preview:large, max-video-preview:-1\" \/>\n<link rel=\"canonical\" href=\"https:\/\/www.stm-diving.com\/pl\/departs\/wyjazd-20-grudnia-2025-r-copie-copie-3\/\" \/>\n<meta property=\"og:locale\" content=\"pl_PL\" \/>\n<meta property=\"og:type\" content=\"article\" \/>\n<meta property=\"og:title\" content=\"Wylot 19 grudnia 2026 r. \u015awi\u0105teczny rejs Luxe Cruise - STM Diving\" \/>\n<meta property=\"og:description\" content=\"\u015awi\u0105teczny rejs na pok\u0142adzie Heckler - Luksus i nurkowanie w Morzu Czerwonym Wyrusz w wyj\u0105tkowy rejs na pok\u0142adzie Heckler, luksusowego jachtu STM Diving, i \u015bwi\u0119tuj okres \u015bwi\u0105teczny na \u015brodku Morza Czerwonego. Prawdziwy p\u0142ywaj\u0105cy hotel oferuje wyrafinowane otoczenie i najwy\u017cszej jako\u015bci us\u0142ugi na wyj\u0105tkowe \u015awi\u0119ta Bo\u017cego Narodzenia, \u0142\u0105cz\u0105c relaks, przygod\u0119 i absolutny komfort. W programie: emblematyczne [&hellip;]\" \/>\n<meta property=\"og:url\" content=\"https:\/\/www.stm-diving.com\/pl\/departs\/wyjazd-20-grudnia-2025-r-copie-copie-3\/\" \/>\n<meta property=\"og:site_name\" content=\"STM Diving\" \/>\n<meta property=\"article:publisher\" content=\"https:\/\/www.facebook.com\/people\/STM-Diving-cruises\/61566595790077\/\" \/>\n<meta property=\"article:modified_time\" content=\"2025-10-25T14:26:28+00:00\" \/>\n<meta property=\"og:image\" content=\"https:\/\/www.stm-diving.com\/wp-content\/uploads\/2025\/10\/mise-en-avant-Croisiere-sans-sold-out-9.webp\" \/>\n\t<meta property=\"og:image:width\" content=\"1000\" \/>\n\t<meta property=\"og:image:height\" content=\"1000\" \/>\n\t<meta property=\"og:image:type\" content=\"image\/webp\" \/>\n<meta name=\"twitter:card\" content=\"summary_large_image\" \/>\n<meta name=\"twitter:label1\" content=\"Szacowany czas czytania\" \/>\n\t<meta name=\"twitter:data1\" content=\"1 minuta\" \/>\n<script type=\"application\/ld+json\" class=\"yoast-schema-graph\">{\"@context\":\"https:\\\/\\\/schema.org\",\"@graph\":[{\"@type\":\"WebPage\",\"@id\":\"https:\\\/\\\/www.stm-diving.com\\\/pl\\\/departs\\\/wyjazd-20-grudnia-2025-r-copie-copie-3\\\/\",\"url\":\"https:\\\/\\\/www.stm-diving.com\\\/pl\\\/departs\\\/wyjazd-20-grudnia-2025-r-copie-copie-3\\\/\",\"name\":\"Wylot 19 grudnia 2026 r. \u015awi\u0105teczny rejs Luxe Cruise - STM Diving\",\"isPartOf\":{\"@id\":\"https:\\\/\\\/www.stm-diving.com\\\/pl\\\/#website\"},\"primaryImageOfPage\":{\"@id\":\"https:\\\/\\\/www.stm-diving.com\\\/pl\\\/departs\\\/wyjazd-20-grudnia-2025-r-copie-copie-3\\\/#primaryimage\"},\"image\":{\"@id\":\"https:\\\/\\\/www.stm-diving.com\\\/pl\\\/departs\\\/wyjazd-20-grudnia-2025-r-copie-copie-3\\\/#primaryimage\"},\"thumbnailUrl\":\"https:\\\/\\\/www.stm-diving.com\\\/wp-content\\\/uploads\\\/2025\\\/10\\\/mise-en-avant-Croisiere-sans-sold-out-9.webp\",\"datePublished\":\"2025-10-25T13:42:05+00:00\",\"dateModified\":\"2025-10-25T14:26:28+00:00\",\"breadcrumb\":{\"@id\":\"https:\\\/\\\/www.stm-diving.com\\\/pl\\\/departs\\\/wyjazd-20-grudnia-2025-r-copie-copie-3\\\/#breadcrumb\"},\"inLanguage\":\"pl-PL\",\"potentialAction\":[{\"@type\":\"ReadAction\",\"target\":[\"https:\\\/\\\/www.stm-diving.com\\\/pl\\\/departs\\\/wyjazd-20-grudnia-2025-r-copie-copie-3\\\/\"]}]},{\"@type\":\"ImageObject\",\"inLanguage\":\"pl-PL\",\"@id\":\"https:\\\/\\\/www.stm-diving.com\\\/pl\\\/departs\\\/wyjazd-20-grudnia-2025-r-copie-copie-3\\\/#primaryimage\",\"url\":\"https:\\\/\\\/www.stm-diving.com\\\/wp-content\\\/uploads\\\/2025\\\/10\\\/mise-en-avant-Croisiere-sans-sold-out-9.webp\",\"contentUrl\":\"https:\\\/\\\/www.stm-diving.com\\\/wp-content\\\/uploads\\\/2025\\\/10\\\/mise-en-avant-Croisiere-sans-sold-out-9.webp\",\"width\":1000,\"height\":1000},{\"@type\":\"BreadcrumbList\",\"@id\":\"https:\\\/\\\/www.stm-diving.com\\\/pl\\\/departs\\\/wyjazd-20-grudnia-2025-r-copie-copie-3\\\/#breadcrumb\",\"itemListElement\":[{\"@type\":\"ListItem\",\"position\":1,\"name\":\"Accueil\",\"item\":\"https:\\\/\\\/www.stm-diving.com\\\/pl\\\/\"},{\"@type\":\"ListItem\",\"position\":2,\"name\":\"Shop\",\"item\":\"https:\\\/\\\/www.stm-diving.com\\\/pl\\\/shop\\\/\"},{\"@type\":\"ListItem\",\"position\":3,\"name\":\"Wylot 19 grudnia 2026 r. \u015awi\u0105teczny rejs Luxe Cruise\"}]},{\"@type\":\"WebSite\",\"@id\":\"https:\\\/\\\/www.stm-diving.com\\\/pl\\\/#website\",\"url\":\"https:\\\/\\\/www.stm-diving.com\\\/pl\\\/\",\"name\":\"STM Diving\",\"description\":\"Red Sea Diving Cruises\",\"publisher\":{\"@id\":\"https:\\\/\\\/www.stm-diving.com\\\/pl\\\/#organization\"},\"potentialAction\":[{\"@type\":\"SearchAction\",\"target\":{\"@type\":\"EntryPoint\",\"urlTemplate\":\"https:\\\/\\\/www.stm-diving.com\\\/pl\\\/?s={search_term_string}\"},\"query-input\":{\"@type\":\"PropertyValueSpecification\",\"valueRequired\":true,\"valueName\":\"search_term_string\"}}],\"inLanguage\":\"pl-PL\"},{\"@type\":\"Organization\",\"@id\":\"https:\\\/\\\/www.stm-diving.com\\\/pl\\\/#organization\",\"name\":\"STM Diving\",\"url\":\"https:\\\/\\\/www.stm-diving.com\\\/pl\\\/\",\"logo\":{\"@type\":\"ImageObject\",\"inLanguage\":\"pl-PL\",\"@id\":\"https:\\\/\\\/www.stm-diving.com\\\/pl\\\/#\\\/schema\\\/logo\\\/image\\\/\",\"url\":\"https:\\\/\\\/coachdefilles.com\\\/STM\\\/wp-content\\\/uploads\\\/2025\\\/04\\\/cropped-stm-diving-logo-carre.webp\",\"contentUrl\":\"https:\\\/\\\/coachdefilles.com\\\/STM\\\/wp-content\\\/uploads\\\/2025\\\/04\\\/cropped-stm-diving-logo-carre.webp\",\"width\":512,\"height\":512,\"caption\":\"STM Diving\"},\"image\":{\"@id\":\"https:\\\/\\\/www.stm-diving.com\\\/pl\\\/#\\\/schema\\\/logo\\\/image\\\/\"},\"sameAs\":[\"https:\\\/\\\/www.facebook.com\\\/people\\\/STM-Diving-cruises\\\/61566595790077\\\/\",\"https:\\\/\\\/www.instagram.com\\\/stm_diving_cruises\\\/\"]}]}<\/script>\n<!-- \/ Yoast SEO plugin. -->","yoast_head_json":{"title":"Wylot 19 grudnia 2026 r. \u015awi\u0105teczny rejs Luxe Cruise - STM Diving","robots":{"index":"index","follow":"follow","max-snippet":"max-snippet:-1","max-image-preview":"max-image-preview:large","max-video-preview":"max-video-preview:-1"},"canonical":"https:\/\/www.stm-diving.com\/pl\/departs\/wyjazd-20-grudnia-2025-r-copie-copie-3\/","og_locale":"pl_PL","og_type":"article","og_title":"Wylot 19 grudnia 2026 r. \u015awi\u0105teczny rejs Luxe Cruise - STM Diving","og_description":"\u015awi\u0105teczny rejs na pok\u0142adzie Heckler - Luksus i nurkowanie w Morzu Czerwonym Wyrusz w wyj\u0105tkowy rejs na pok\u0142adzie Heckler, luksusowego jachtu STM Diving, i \u015bwi\u0119tuj okres \u015bwi\u0105teczny na \u015brodku Morza Czerwonego. Prawdziwy p\u0142ywaj\u0105cy hotel oferuje wyrafinowane otoczenie i najwy\u017cszej jako\u015bci us\u0142ugi na wyj\u0105tkowe \u015awi\u0119ta Bo\u017cego Narodzenia, \u0142\u0105cz\u0105c relaks, przygod\u0119 i absolutny komfort. W programie: emblematyczne [&hellip;]","og_url":"https:\/\/www.stm-diving.com\/pl\/departs\/wyjazd-20-grudnia-2025-r-copie-copie-3\/","og_site_name":"STM Diving","article_publisher":"https:\/\/www.facebook.com\/people\/STM-Diving-cruises\/61566595790077\/","article_modified_time":"2025-10-25T14:26:28+00:00","og_image":[{"width":1000,"height":1000,"url":"https:\/\/www.stm-diving.com\/wp-content\/uploads\/2025\/10\/mise-en-avant-Croisiere-sans-sold-out-9.webp","type":"image\/webp"}],"twitter_card":"summary_large_image","twitter_misc":{"Szacowany czas czytania":"1 minuta"},"schema":{"@context":"https:\/\/schema.org","@graph":[{"@type":"WebPage","@id":"https:\/\/www.stm-diving.com\/pl\/departs\/wyjazd-20-grudnia-2025-r-copie-copie-3\/","url":"https:\/\/www.stm-diving.com\/pl\/departs\/wyjazd-20-grudnia-2025-r-copie-copie-3\/","name":"Wylot 19 grudnia 2026 r. \u015awi\u0105teczny rejs Luxe Cruise - STM Diving","isPartOf":{"@id":"https:\/\/www.stm-diving.com\/pl\/#website"},"primaryImageOfPage":{"@id":"https:\/\/www.stm-diving.com\/pl\/departs\/wyjazd-20-grudnia-2025-r-copie-copie-3\/#primaryimage"},"image":{"@id":"https:\/\/www.stm-diving.com\/pl\/departs\/wyjazd-20-grudnia-2025-r-copie-copie-3\/#primaryimage"},"thumbnailUrl":"https:\/\/www.stm-diving.com\/wp-content\/uploads\/2025\/10\/mise-en-avant-Croisiere-sans-sold-out-9.webp","datePublished":"2025-10-25T13:42:05+00:00","dateModified":"2025-10-25T14:26:28+00:00","breadcrumb":{"@id":"https:\/\/www.stm-diving.com\/pl\/departs\/wyjazd-20-grudnia-2025-r-copie-copie-3\/#breadcrumb"},"inLanguage":"pl-PL","potentialAction":[{"@type":"ReadAction","target":["https:\/\/www.stm-diving.com\/pl\/departs\/wyjazd-20-grudnia-2025-r-copie-copie-3\/"]}]},{"@type":"ImageObject","inLanguage":"pl-PL","@id":"https:\/\/www.stm-diving.com\/pl\/departs\/wyjazd-20-grudnia-2025-r-copie-copie-3\/#primaryimage","url":"https:\/\/www.stm-diving.com\/wp-content\/uploads\/2025\/10\/mise-en-avant-Croisiere-sans-sold-out-9.webp","contentUrl":"https:\/\/www.stm-diving.com\/wp-content\/uploads\/2025\/10\/mise-en-avant-Croisiere-sans-sold-out-9.webp","width":1000,"height":1000},{"@type":"BreadcrumbList","@id":"https:\/\/www.stm-diving.com\/pl\/departs\/wyjazd-20-grudnia-2025-r-copie-copie-3\/#breadcrumb","itemListElement":[{"@type":"ListItem","position":1,"name":"Accueil","item":"https:\/\/www.stm-diving.com\/pl\/"},{"@type":"ListItem","position":2,"name":"Shop","item":"https:\/\/www.stm-diving.com\/pl\/shop\/"},{"@type":"ListItem","position":3,"name":"Wylot 19 grudnia 2026 r. \u015awi\u0105teczny rejs Luxe Cruise"}]},{"@type":"WebSite","@id":"https:\/\/www.stm-diving.com\/pl\/#website","url":"https:\/\/www.stm-diving.com\/pl\/","name":"STM Diving","description":"Red Sea Diving Cruises","publisher":{"@id":"https:\/\/www.stm-diving.com\/pl\/#organization"},"potentialAction":[{"@type":"SearchAction","target":{"@type":"EntryPoint","urlTemplate":"https:\/\/www.stm-diving.com\/pl\/?s={search_term_string}"},"query-input":{"@type":"PropertyValueSpecification","valueRequired":true,"valueName":"search_term_string"}}],"inLanguage":"pl-PL"},{"@type":"Organization","@id":"https:\/\/www.stm-diving.com\/pl\/#organization","name":"STM Diving","url":"https:\/\/www.stm-diving.com\/pl\/","logo":{"@type":"ImageObject","inLanguage":"pl-PL","@id":"https:\/\/www.stm-diving.com\/pl\/#\/schema\/logo\/image\/","url":"https:\/\/coachdefilles.com\/STM\/wp-content\/uploads\/2025\/04\/cropped-stm-diving-logo-carre.webp","contentUrl":"https:\/\/coachdefilles.com\/STM\/wp-content\/uploads\/2025\/04\/cropped-stm-diving-logo-carre.webp","width":512,"height":512,"caption":"STM Diving"},"image":{"@id":"https:\/\/www.stm-diving.com\/pl\/#\/schema\/logo\/image\/"},"sameAs":["https:\/\/www.facebook.com\/people\/STM-Diving-cruises\/61566595790077\/","https:\/\/www.instagram.com\/stm_diving_cruises\/"]}]}},"_links":{"self":[{"href":"https:\/\/www.stm-diving.com\/pl\/wp-json\/wp\/v2\/product\/7579","targetHints":{"allow":["GET"]}}],"collection":[{"href":"https:\/\/www.stm-diving.com\/pl\/wp-json\/wp\/v2\/product"}],"about":[{"href":"https:\/\/www.stm-diving.com\/pl\/wp-json\/wp\/v2\/types\/product"}],"wp:featuredmedia":[{"embeddable":true,"href":"https:\/\/www.stm-diving.com\/pl\/wp-json\/wp\/v2\/media\/7584"}],"wp:attachment":[{"href":"https:\/\/www.stm-diving.com\/pl\/wp-json\/wp\/v2\/media?parent=7579"}],"wp:term":[{"taxonomy":"product_brand","embeddable":true,"href":"https:\/\/www.stm-diving.com\/pl\/wp-json\/wp\/v2\/product_brand?post=7579"},{"taxonomy":"product_cat","embeddable":true,"href":"https:\/\/www.stm-diving.com\/pl\/wp-json\/wp\/v2\/product_cat?post=7579"},{"taxonomy":"product_tag","embeddable":true,"href":"https:\/\/www.stm-diving.com\/pl\/wp-json\/wp\/v2\/product_tag?post=7579"}],"curies":[{"name":"wp","href":"https:\/\/api.w.org\/{rel}","templated":true}]}}