{"id":9801,"date":"2026-02-23T21:12:44","date_gmt":"2026-02-23T21:12:44","guid":{"rendered":"https:\/\/www.stm-diving.com\/?post_type=product&#038;p=9801"},"modified":"2026-03-25T09:57:05","modified_gmt":"2026-03-25T09:57:05","slug":"odlot-w-dniu-13-czerwca-2026-r-copie","status":"publish","type":"product","link":"https:\/\/www.stm-diving.com\/pl\/departs\/odlot-w-dniu-13-czerwca-2026-r-copie\/","title":{"rendered":"Odlot w dniu 9 maja 2026 r."},"content":{"rendered":"<h1 data-start=\"119\" data-end=\"216\"><strong data-start=\"119\" data-end=\"216\">Odkrywanie Abu Nuhas, Thistlegorm, Wysp Braci i Ogrod\u00f3w Koralowych Safaga<\/strong><\/h1>\n<h4 data-start=\"218\" data-end=\"492\">Wyrusz w niezapomniany rejs nurkowy, kt\u00f3ry zabierze Ci\u0119 na legendarne wraki<strong data-start=\"324\" data-end=\"337\">Abu Nuhas<\/strong> i <strong data-start=\"344\" data-end=\"359\">Thistlegorm<\/strong>, <strong data-start=\"365\" data-end=\"382\">Wyspy Braci<\/strong>, s\u0142ynne sanktuarium obserwacji rekin\u00f3w i wspania\u0142e rafy koralowe <strong data-start=\"481\" data-end=\"491\">Safagi<\/strong>.<\/h4>\n<h4 data-start=\"494\" data-end=\"628\">Trasa \u0142\u0105cz\u0105ca histori\u0119, emocje i wyj\u0105tkow\u0105 r\u00f3\u017cnorodno\u015b\u0107 biologiczn\u0105 w niekt\u00f3rych z najpi\u0119kniejszych miejsc nad Morzem Czerwonym.<\/h4>\n<h2>Uwaga: Wylot z Port Galib i powr\u00f3t do Hurgady.<\/h2>\n<p data-start=\"859\" data-end=\"968\">\n","protected":false},"excerpt":{"rendered":"<p>Odkrywanie Abu Nuhas, Thistlegorm, Wysp Braci i Ogrod\u00f3w Koralowych Safaga Wyrusz w niezapomniany rejs nurkowy, kt\u00f3ry zabierze Ci\u0119 na legendarne wrakiAbu Nuhas i Thistlegorm, Wyspy Braci, s\u0142ynne sanktuarium obserwacji rekin\u00f3w i wspania\u0142e rafy koralowe Safagi. Trasa \u0142\u0105cz\u0105ca histori\u0119, emocje i wyj\u0105tkow\u0105 r\u00f3\u017cnorodno\u015b\u0107 biologiczn\u0105 w niekt\u00f3rych z najpi\u0119kniejszych miejsc nad Morzem Czerwonym. Uwaga: Wylot z Port [&hellip;]<\/p>\n","protected":false},"featured_media":806,"template":"","meta":{"_et_pb_use_builder":"","_et_pb_old_content":"","_et_gb_content_width":""},"product_brand":[],"product_cat":[73],"product_tag":[],"class_list":{"0":"post-9801","1":"product","2":"type-product","3":"status-publish","4":"has-post-thumbnail","6":"product_cat-rejs-polnocny-bracia","8":"first","9":"instock","10":"featured","11":"shipping-taxable","12":"purchasable","13":"product-type-simple"},"stm_departure_date":null,"yoast_head":"<!-- This site is optimized with the Yoast SEO plugin v27.3 - https:\/\/yoast.com\/product\/yoast-seo-wordpress\/ -->\n<title>Odlot w dniu 9 maja 2026 r. - STM Diving<\/title>\n<meta name=\"robots\" content=\"index, follow, max-snippet:-1, max-image-preview:large, max-video-preview:-1\" \/>\n<link rel=\"canonical\" href=\"https:\/\/www.stm-diving.com\/pl\/departs\/odlot-w-dniu-13-czerwca-2026-r-copie\/\" \/>\n<meta property=\"og:locale\" content=\"pl_PL\" \/>\n<meta property=\"og:type\" content=\"article\" \/>\n<meta property=\"og:title\" content=\"Odlot w dniu 9 maja 2026 r. - STM Diving\" \/>\n<meta property=\"og:description\" content=\"Odkrywanie Abu Nuhas, Thistlegorm, Wysp Braci i Ogrod\u00f3w Koralowych Safaga Wyrusz w niezapomniany rejs nurkowy, kt\u00f3ry zabierze Ci\u0119 na legendarne wrakiAbu Nuhas i Thistlegorm, Wyspy Braci, s\u0142ynne sanktuarium obserwacji rekin\u00f3w i wspania\u0142e rafy koralowe Safagi. Trasa \u0142\u0105cz\u0105ca histori\u0119, emocje i wyj\u0105tkow\u0105 r\u00f3\u017cnorodno\u015b\u0107 biologiczn\u0105 w niekt\u00f3rych z najpi\u0119kniejszych miejsc nad Morzem Czerwonym. Uwaga: Wylot z Port [&hellip;]\" \/>\n<meta property=\"og:url\" content=\"https:\/\/www.stm-diving.com\/pl\/departs\/odlot-w-dniu-13-czerwca-2026-r-copie\/\" \/>\n<meta property=\"og:site_name\" content=\"STM Diving\" \/>\n<meta property=\"article:publisher\" content=\"https:\/\/www.facebook.com\/people\/STM-Diving-cruises\/61566595790077\/\" \/>\n<meta property=\"article:modified_time\" content=\"2026-03-25T09:57:05+00:00\" \/>\n<meta property=\"og:image\" content=\"https:\/\/www.stm-diving.com\/wp-content\/uploads\/2025\/04\/4.webp\" \/>\n\t<meta property=\"og:image:width\" content=\"1000\" \/>\n\t<meta property=\"og:image:height\" content=\"1000\" \/>\n\t<meta property=\"og:image:type\" content=\"image\/webp\" \/>\n<meta name=\"twitter:card\" content=\"summary_large_image\" \/>\n<script type=\"application\/ld+json\" class=\"yoast-schema-graph\">{\"@context\":\"https:\\\/\\\/schema.org\",\"@graph\":[{\"@type\":\"WebPage\",\"@id\":\"https:\\\/\\\/www.stm-diving.com\\\/pl\\\/departs\\\/odlot-w-dniu-13-czerwca-2026-r-copie\\\/\",\"url\":\"https:\\\/\\\/www.stm-diving.com\\\/pl\\\/departs\\\/odlot-w-dniu-13-czerwca-2026-r-copie\\\/\",\"name\":\"Odlot w dniu 9 maja 2026 r. - STM Diving\",\"isPartOf\":{\"@id\":\"https:\\\/\\\/www.stm-diving.com\\\/pl\\\/#website\"},\"primaryImageOfPage\":{\"@id\":\"https:\\\/\\\/www.stm-diving.com\\\/pl\\\/departs\\\/odlot-w-dniu-13-czerwca-2026-r-copie\\\/#primaryimage\"},\"image\":{\"@id\":\"https:\\\/\\\/www.stm-diving.com\\\/pl\\\/departs\\\/odlot-w-dniu-13-czerwca-2026-r-copie\\\/#primaryimage\"},\"thumbnailUrl\":\"https:\\\/\\\/www.stm-diving.com\\\/wp-content\\\/uploads\\\/2025\\\/04\\\/4.webp\",\"datePublished\":\"2026-02-23T21:12:44+00:00\",\"dateModified\":\"2026-03-25T09:57:05+00:00\",\"breadcrumb\":{\"@id\":\"https:\\\/\\\/www.stm-diving.com\\\/pl\\\/departs\\\/odlot-w-dniu-13-czerwca-2026-r-copie\\\/#breadcrumb\"},\"inLanguage\":\"pl-PL\",\"potentialAction\":[{\"@type\":\"ReadAction\",\"target\":[\"https:\\\/\\\/www.stm-diving.com\\\/pl\\\/departs\\\/odlot-w-dniu-13-czerwca-2026-r-copie\\\/\"]}]},{\"@type\":\"ImageObject\",\"inLanguage\":\"pl-PL\",\"@id\":\"https:\\\/\\\/www.stm-diving.com\\\/pl\\\/departs\\\/odlot-w-dniu-13-czerwca-2026-r-copie\\\/#primaryimage\",\"url\":\"https:\\\/\\\/www.stm-diving.com\\\/wp-content\\\/uploads\\\/2025\\\/04\\\/4.webp\",\"contentUrl\":\"https:\\\/\\\/www.stm-diving.com\\\/wp-content\\\/uploads\\\/2025\\\/04\\\/4.webp\",\"width\":1000,\"height\":1000},{\"@type\":\"BreadcrumbList\",\"@id\":\"https:\\\/\\\/www.stm-diving.com\\\/pl\\\/departs\\\/odlot-w-dniu-13-czerwca-2026-r-copie\\\/#breadcrumb\",\"itemListElement\":[{\"@type\":\"ListItem\",\"position\":1,\"name\":\"Accueil\",\"item\":\"https:\\\/\\\/www.stm-diving.com\\\/pl\\\/\"},{\"@type\":\"ListItem\",\"position\":2,\"name\":\"Shop\",\"item\":\"https:\\\/\\\/www.stm-diving.com\\\/pl\\\/shop\\\/\"},{\"@type\":\"ListItem\",\"position\":3,\"name\":\"Odlot w dniu 9 maja 2026 r.\"}]},{\"@type\":\"WebSite\",\"@id\":\"https:\\\/\\\/www.stm-diving.com\\\/pl\\\/#website\",\"url\":\"https:\\\/\\\/www.stm-diving.com\\\/pl\\\/\",\"name\":\"STM Diving\",\"description\":\"Red Sea Diving Cruises\",\"publisher\":{\"@id\":\"https:\\\/\\\/www.stm-diving.com\\\/pl\\\/#organization\"},\"potentialAction\":[{\"@type\":\"SearchAction\",\"target\":{\"@type\":\"EntryPoint\",\"urlTemplate\":\"https:\\\/\\\/www.stm-diving.com\\\/pl\\\/?s={search_term_string}\"},\"query-input\":{\"@type\":\"PropertyValueSpecification\",\"valueRequired\":true,\"valueName\":\"search_term_string\"}}],\"inLanguage\":\"pl-PL\"},{\"@type\":\"Organization\",\"@id\":\"https:\\\/\\\/www.stm-diving.com\\\/pl\\\/#organization\",\"name\":\"STM Diving\",\"url\":\"https:\\\/\\\/www.stm-diving.com\\\/pl\\\/\",\"logo\":{\"@type\":\"ImageObject\",\"inLanguage\":\"pl-PL\",\"@id\":\"https:\\\/\\\/www.stm-diving.com\\\/pl\\\/#\\\/schema\\\/logo\\\/image\\\/\",\"url\":\"https:\\\/\\\/coachdefilles.com\\\/STM\\\/wp-content\\\/uploads\\\/2025\\\/04\\\/cropped-stm-diving-logo-carre.webp\",\"contentUrl\":\"https:\\\/\\\/coachdefilles.com\\\/STM\\\/wp-content\\\/uploads\\\/2025\\\/04\\\/cropped-stm-diving-logo-carre.webp\",\"width\":512,\"height\":512,\"caption\":\"STM Diving\"},\"image\":{\"@id\":\"https:\\\/\\\/www.stm-diving.com\\\/pl\\\/#\\\/schema\\\/logo\\\/image\\\/\"},\"sameAs\":[\"https:\\\/\\\/www.facebook.com\\\/people\\\/STM-Diving-cruises\\\/61566595790077\\\/\",\"https:\\\/\\\/www.instagram.com\\\/stm_diving_cruises\\\/\"]}]}<\/script>\n<!-- \/ Yoast SEO plugin. -->","yoast_head_json":{"title":"Odlot w dniu 9 maja 2026 r. - STM Diving","robots":{"index":"index","follow":"follow","max-snippet":"max-snippet:-1","max-image-preview":"max-image-preview:large","max-video-preview":"max-video-preview:-1"},"canonical":"https:\/\/www.stm-diving.com\/pl\/departs\/odlot-w-dniu-13-czerwca-2026-r-copie\/","og_locale":"pl_PL","og_type":"article","og_title":"Odlot w dniu 9 maja 2026 r. - STM Diving","og_description":"Odkrywanie Abu Nuhas, Thistlegorm, Wysp Braci i Ogrod\u00f3w Koralowych Safaga Wyrusz w niezapomniany rejs nurkowy, kt\u00f3ry zabierze Ci\u0119 na legendarne wrakiAbu Nuhas i Thistlegorm, Wyspy Braci, s\u0142ynne sanktuarium obserwacji rekin\u00f3w i wspania\u0142e rafy koralowe Safagi. Trasa \u0142\u0105cz\u0105ca histori\u0119, emocje i wyj\u0105tkow\u0105 r\u00f3\u017cnorodno\u015b\u0107 biologiczn\u0105 w niekt\u00f3rych z najpi\u0119kniejszych miejsc nad Morzem Czerwonym. Uwaga: Wylot z Port [&hellip;]","og_url":"https:\/\/www.stm-diving.com\/pl\/departs\/odlot-w-dniu-13-czerwca-2026-r-copie\/","og_site_name":"STM Diving","article_publisher":"https:\/\/www.facebook.com\/people\/STM-Diving-cruises\/61566595790077\/","article_modified_time":"2026-03-25T09:57:05+00:00","og_image":[{"width":1000,"height":1000,"url":"https:\/\/www.stm-diving.com\/wp-content\/uploads\/2025\/04\/4.webp","type":"image\/webp"}],"twitter_card":"summary_large_image","schema":{"@context":"https:\/\/schema.org","@graph":[{"@type":"WebPage","@id":"https:\/\/www.stm-diving.com\/pl\/departs\/odlot-w-dniu-13-czerwca-2026-r-copie\/","url":"https:\/\/www.stm-diving.com\/pl\/departs\/odlot-w-dniu-13-czerwca-2026-r-copie\/","name":"Odlot w dniu 9 maja 2026 r. - STM Diving","isPartOf":{"@id":"https:\/\/www.stm-diving.com\/pl\/#website"},"primaryImageOfPage":{"@id":"https:\/\/www.stm-diving.com\/pl\/departs\/odlot-w-dniu-13-czerwca-2026-r-copie\/#primaryimage"},"image":{"@id":"https:\/\/www.stm-diving.com\/pl\/departs\/odlot-w-dniu-13-czerwca-2026-r-copie\/#primaryimage"},"thumbnailUrl":"https:\/\/www.stm-diving.com\/wp-content\/uploads\/2025\/04\/4.webp","datePublished":"2026-02-23T21:12:44+00:00","dateModified":"2026-03-25T09:57:05+00:00","breadcrumb":{"@id":"https:\/\/www.stm-diving.com\/pl\/departs\/odlot-w-dniu-13-czerwca-2026-r-copie\/#breadcrumb"},"inLanguage":"pl-PL","potentialAction":[{"@type":"ReadAction","target":["https:\/\/www.stm-diving.com\/pl\/departs\/odlot-w-dniu-13-czerwca-2026-r-copie\/"]}]},{"@type":"ImageObject","inLanguage":"pl-PL","@id":"https:\/\/www.stm-diving.com\/pl\/departs\/odlot-w-dniu-13-czerwca-2026-r-copie\/#primaryimage","url":"https:\/\/www.stm-diving.com\/wp-content\/uploads\/2025\/04\/4.webp","contentUrl":"https:\/\/www.stm-diving.com\/wp-content\/uploads\/2025\/04\/4.webp","width":1000,"height":1000},{"@type":"BreadcrumbList","@id":"https:\/\/www.stm-diving.com\/pl\/departs\/odlot-w-dniu-13-czerwca-2026-r-copie\/#breadcrumb","itemListElement":[{"@type":"ListItem","position":1,"name":"Accueil","item":"https:\/\/www.stm-diving.com\/pl\/"},{"@type":"ListItem","position":2,"name":"Shop","item":"https:\/\/www.stm-diving.com\/pl\/shop\/"},{"@type":"ListItem","position":3,"name":"Odlot w dniu 9 maja 2026 r."}]},{"@type":"WebSite","@id":"https:\/\/www.stm-diving.com\/pl\/#website","url":"https:\/\/www.stm-diving.com\/pl\/","name":"STM Diving","description":"Red Sea Diving Cruises","publisher":{"@id":"https:\/\/www.stm-diving.com\/pl\/#organization"},"potentialAction":[{"@type":"SearchAction","target":{"@type":"EntryPoint","urlTemplate":"https:\/\/www.stm-diving.com\/pl\/?s={search_term_string}"},"query-input":{"@type":"PropertyValueSpecification","valueRequired":true,"valueName":"search_term_string"}}],"inLanguage":"pl-PL"},{"@type":"Organization","@id":"https:\/\/www.stm-diving.com\/pl\/#organization","name":"STM Diving","url":"https:\/\/www.stm-diving.com\/pl\/","logo":{"@type":"ImageObject","inLanguage":"pl-PL","@id":"https:\/\/www.stm-diving.com\/pl\/#\/schema\/logo\/image\/","url":"https:\/\/coachdefilles.com\/STM\/wp-content\/uploads\/2025\/04\/cropped-stm-diving-logo-carre.webp","contentUrl":"https:\/\/coachdefilles.com\/STM\/wp-content\/uploads\/2025\/04\/cropped-stm-diving-logo-carre.webp","width":512,"height":512,"caption":"STM Diving"},"image":{"@id":"https:\/\/www.stm-diving.com\/pl\/#\/schema\/logo\/image\/"},"sameAs":["https:\/\/www.facebook.com\/people\/STM-Diving-cruises\/61566595790077\/","https:\/\/www.instagram.com\/stm_diving_cruises\/"]}]}},"_links":{"self":[{"href":"https:\/\/www.stm-diving.com\/pl\/wp-json\/wp\/v2\/product\/9801","targetHints":{"allow":["GET"]}}],"collection":[{"href":"https:\/\/www.stm-diving.com\/pl\/wp-json\/wp\/v2\/product"}],"about":[{"href":"https:\/\/www.stm-diving.com\/pl\/wp-json\/wp\/v2\/types\/product"}],"wp:featuredmedia":[{"embeddable":true,"href":"https:\/\/www.stm-diving.com\/pl\/wp-json\/wp\/v2\/media\/806"}],"wp:attachment":[{"href":"https:\/\/www.stm-diving.com\/pl\/wp-json\/wp\/v2\/media?parent=9801"}],"wp:term":[{"taxonomy":"product_brand","embeddable":true,"href":"https:\/\/www.stm-diving.com\/pl\/wp-json\/wp\/v2\/product_brand?post=9801"},{"taxonomy":"product_cat","embeddable":true,"href":"https:\/\/www.stm-diving.com\/pl\/wp-json\/wp\/v2\/product_cat?post=9801"},{"taxonomy":"product_tag","embeddable":true,"href":"https:\/\/www.stm-diving.com\/pl\/wp-json\/wp\/v2\/product_tag?post=9801"}],"curies":[{"name":"wp","href":"https:\/\/api.w.org\/{rel}","templated":true}]}}